{"id":26494,"date":"2025-02-09T14:40:43","date_gmt":"2025-02-09T21:40:43","guid":{"rendered":"https:\/\/proaa.agency\/odkryj-rozwiazania-automatyzacji-ai\/"},"modified":"2025-03-05T04:04:33","modified_gmt":"2025-03-05T11:04:33","slug":"odkryj-rozwiazania-automatyzacji-ai","status":"publish","type":"page","link":"https:\/\/proaa.agency\/pl\/odkryj-rozwiazania-automatyzacji-ai\/","title":{"rendered":"Odkryj rozwi\u0105zania automatyzacji AI"},"content":{"rendered":"<p>[et_pb_section fb_built=&#8221;1&#8243; admin_label=&#8221;section&#8221; _builder_version=&#8221;4.27.4&#8243; custom_padding=&#8221;0px||||false|false&#8221; global_colors_info=&#8221;{}&#8221;][et_pb_row admin_label=&#8221;row&#8221; _builder_version=&#8221;4.16&#8243; background_size=&#8221;initial&#8221; background_position=&#8221;top_left&#8221; background_repeat=&#8221;repeat&#8221; global_colors_info=&#8221;{}&#8221;][et_pb_column type=&#8221;4_4&#8243; _builder_version=&#8221;4.16&#8243; custom_padding=&#8221;|||&#8221; global_colors_info=&#8221;{}&#8221; custom_padding__hover=&#8221;|||&#8221;][et_pb_heading title=&#8221;@ET-DC@eyJkeW5hbWljIjp0cnVlLCJjb250ZW50IjoicG9zdF90aXRsZSIsInNldHRpbmdzIjp7ImJlZm9yZSI6IiIsImFmdGVyIjoiIiwiZW5hYmxlX2h0bWwiOiJvZmYifX0=@&#8221; _builder_version=&#8221;4.27.4&#8243; _dynamic_attributes=&#8221;title&#8221; _module_preset=&#8221;default&#8221; title_font=&#8221;Rubik Microbe|700|||||||&#8221; title_text_align=&#8221;center&#8221; title_text_color=&#8221;#000000&#8243; title_font_size=&#8221;3em&#8221; global_colors_info=&#8221;{}&#8221;][\/et_pb_heading][et_pb_image src=&#8221;https:\/\/proaa.agency\/wp-content\/uploads\/2025\/02\/Discover-AI-Agents-1024&#215;574.webp&#8221; title_text=&#8221;Odkryj agent\u00f3w AI&#8221; url=&#8221;@ET-DC@eyJkeW5hbWljIjp0cnVlLCJjb250ZW50IjoicG9zdF9saW5rX3VybF9wYWdlIiwic2V0dGluZ3MiOnsicG9zdF9pZCI6IjI2Mzg1IiwiZW5hYmxlX2h0bWwiOiJvZmYifX0=@&#8221; align=&#8221;center&#8221; _builder_version=&#8221;4.27.4&#8243; _dynamic_attributes=&#8221;url&#8221; _module_preset=&#8221;default&#8221; border_width_all=&#8221;1px&#8221; box_shadow_style=&#8221;preset1&#8243; box_shadow_blur=&#8221;39px&#8221; box_shadow_color=&#8221;rgba(0,0,0,0.6)&#8221; global_colors_info=&#8221;{}&#8221; box_shadow_blur__hover_enabled=&#8221;on|hover&#8221; box_shadow_blur__hover=&#8221;0px&#8221;][\/et_pb_image][et_pb_image src=&#8221;https:\/\/proaa.agency\/wp-content\/uploads\/2025\/02\/Get-Luxury-Sauna-AI-Agents-1024&#215;574.webp&#8221; title_text=&#8221;Agenci AI odpowiedzialni za luksusowe Sauny&#8221; url=&#8221;@ET-DC@eyJkeW5hbWljIjp0cnVlLCJjb250ZW50IjoicG9zdF9saW5rX3VybF9wYWdlIiwic2V0dGluZ3MiOnsicG9zdF9pZCI6IjI2NDQxIiwiZW5hYmxlX2h0bWwiOiJvZmYifX0=@&#8221; align=&#8221;center&#8221; _builder_version=&#8221;4.27.4&#8243; _dynamic_attributes=&#8221;url&#8221; _module_preset=&#8221;default&#8221; border_width_all=&#8221;1px&#8221; box_shadow_style=&#8221;preset1&#8243; box_shadow_blur=&#8221;39px&#8221; box_shadow_color=&#8221;rgba(0,0,0,0.6)&#8221; global_colors_info=&#8221;{}&#8221; box_shadow_blur__hover_enabled=&#8221;on|hover&#8221; box_shadow_blur__hover=&#8221;0px&#8221;][\/et_pb_image][et_pb_image src=&#8221;https:\/\/proaa.agency\/wp-content\/uploads\/2025\/03\/Copywriting-Agent.webp&#8221; alt=&#8221;Agent ds. copywritingu&#8221; title_text=&#8221;Agent ds. copywritingu&#8221; url=&#8221;@ET-DC@eyJkeW5hbWljIjp0cnVlLCJjb250ZW50IjoicG9zdF9saW5rX3VybF9wYWdlIiwic2V0dGluZ3MiOnsicG9zdF9pZCI6IjI2NzA0IiwiZW5hYmxlX2h0bWwiOiJvZmYifX0=@&#8221; align=&#8221;center&#8221; _builder_version=&#8221;4.27.4&#8243; _dynamic_attributes=&#8221;url&#8221; _module_preset=&#8221;default&#8221; hover_enabled=&#8221;0&#8243; border_width_all=&#8221;1px&#8221; box_shadow_style=&#8221;preset1&#8243; box_shadow_blur=&#8221;39px&#8221; box_shadow_color=&#8221;rgba(0,0,0,0.6)&#8221; global_colors_info=&#8221;{}&#8221; box_shadow_blur__hover_enabled=&#8221;on|hover&#8221; box_shadow_blur__hover=&#8221;0px&#8221; sticky_enabled=&#8221;0&#8243;][\/et_pb_image][\/et_pb_column][\/et_pb_row][\/et_pb_section]<\/p>\n","protected":false},"excerpt":{"rendered":"<p>Wejd\u017a w przysz\u0142o\u015b\u0107 automatyzacji opartej na sztucznej inteligencji i odkryj narz\u0119dzia zaprojektowane, aby zmieni\u0107 spos\u00f3b pracy. Niezale\u017cnie od tego, czy chc\u0105 Pa\u0144stwo usprawni\u0107 operacje, zoptymalizowa\u0107 przep\u0142ywy pracy, czy te\u017c bez wysi\u0142ku skalowa\u0107 swoj\u0105 dzia\u0142alno\u015b\u0107, tutaj zaczyna si\u0119 Pa\u0144stwa podr\u00f3\u017c.<br \/>\n\ud83d\udd0d Odkryj rozwi\u0105zania oparte na sztucznej inteligencji, kt\u00f3re zmniejszaj\u0105 wysi\u0142ek manualny, automatyzuj\u0105 powtarzalne zadania i zwi\u0119kszaj\u0105 produktywno\u015b\u0107 &#8211; dzi\u0119ki czemu mo\u017cesz skupi\u0107 si\u0119 na tym, co naprawd\u0119 wa\u017cne. Od inteligentnych chatbot\u00f3w po automatyzacj\u0119 przep\u0142ywu pracy &#8211; dowiedz si\u0119, jak technologia mo\u017ce pracowa\u0107 dla Ciebie.<br \/>\nGotowy do odkrycia kolejnego poziomu wydajno\u015bci biznesowej? Rozpocznij automatyzacj\u0119 AI ju\u017c teraz. \ud83d\ude80 <\/p>\n","protected":false},"author":1,"featured_media":26370,"parent":0,"menu_order":0,"comment_status":"closed","ping_status":"closed","template":"","meta":{"_et_pb_use_builder":"on","_et_pb_old_content":"","_et_gb_content_width":"","footnotes":""},"class_list":["post-26494","page","type-page","status-publish","has-post-thumbnail","hentry"],"_links":{"self":[{"href":"https:\/\/proaa.agency\/pl\/wp-json\/wp\/v2\/pages\/26494","targetHints":{"allow":["GET"]}}],"collection":[{"href":"https:\/\/proaa.agency\/pl\/wp-json\/wp\/v2\/pages"}],"about":[{"href":"https:\/\/proaa.agency\/pl\/wp-json\/wp\/v2\/types\/page"}],"author":[{"embeddable":true,"href":"https:\/\/proaa.agency\/pl\/wp-json\/wp\/v2\/users\/1"}],"replies":[{"embeddable":true,"href":"https:\/\/proaa.agency\/pl\/wp-json\/wp\/v2\/comments?post=26494"}],"version-history":[{"count":4,"href":"https:\/\/proaa.agency\/pl\/wp-json\/wp\/v2\/pages\/26494\/revisions"}],"predecessor-version":[{"id":26769,"href":"https:\/\/proaa.agency\/pl\/wp-json\/wp\/v2\/pages\/26494\/revisions\/26769"}],"wp:featuredmedia":[{"embeddable":true,"href":"https:\/\/proaa.agency\/pl\/wp-json\/wp\/v2\/media\/26370"}],"wp:attachment":[{"href":"https:\/\/proaa.agency\/pl\/wp-json\/wp\/v2\/media?parent=26494"}],"curies":[{"name":"wp","href":"https:\/\/api.w.org\/{rel}","templated":true}]}}