{"id":25831,"date":"2024-05-29T10:50:45","date_gmt":"2024-05-29T17:50:45","guid":{"rendered":"https:\/\/proaa.agency\/prototypy\/asystent-wyszukiwania-hoteli\/"},"modified":"2024-05-29T11:24:25","modified_gmt":"2024-05-29T18:24:25","slug":"asystent-wyszukiwania-hoteli","status":"publish","type":"page","link":"https:\/\/proaa.agency\/pl\/prototypy\/asystent-wyszukiwania-hoteli\/","title":{"rendered":"Asystent wyszukiwania hoteli"},"content":{"rendered":"<p>[et_pb_section fb_built=&#8221;1&#8243; admin_label=&#8221;Divi Flexile Hero Section 17&#8243; _builder_version=&#8221;4.25.0&#8243; _module_preset=&#8221;default&#8221; background_color=&#8221;#f7f7f7&#8243; background_color_gradient_direction=&#8221;90deg&#8221; background_enable_image=&#8221;off&#8221; min_height=&#8221;100vh&#8221; custom_padding=&#8221;20px||20px||true|false&#8221; animation_style=&#8221;fade&#8221; animation_delay=&#8221;300ms&#8221; global_colors_info=&#8221;{}&#8221;][et_pb_row _builder_version=&#8221;4.25.0&#8243; _module_preset=&#8221;default&#8221; position_origin_a=&#8221;top_center&#8221; width=&#8221;100%&#8221; max_width=&#8221;100%&#8221; custom_margin=&#8221;0px||||false|false&#8221; custom_padding=&#8221;0px||0px||true|false&#8221; locked=&#8221;off&#8221; global_colors_info=&#8221;{}&#8221;][et_pb_column type=&#8221;4_4&#8243; _builder_version=&#8221;4.25.0&#8243; _module_preset=&#8221;default&#8221; global_colors_info=&#8221;{}&#8221;][et_pb_text module_class=&#8221;divioverlay-25794&#8243; _builder_version=&#8221;4.25.1&#8243; _module_preset=&#8221;default&#8221; text_text_color=&#8221;#FFFFFF&#8221; link_text_color=&#8221;#FFFFFF&#8221; header_2_font=&#8221;|600||on|||||&#8221; header_2_text_align=&#8221;center&#8221; header_2_text_color=&#8221;#FFFFFF&#8221; background_color=&#8221;#000000&#8243; width=&#8221;100%&#8221; module_alignment=&#8221;center&#8221; custom_margin=&#8221;0px|0px|0px|0px|true|true&#8221; custom_padding=&#8221;10px|5px|0px|5px|false|true&#8221; global_colors_info=&#8221;{}&#8221;]<\/p>\n<h2>Kliknij tutaj \ud83d\udd17, aby otworzy\u0107 Asystenta<\/h2>\n<p>[\/et_pb_text][et_pb_code _builder_version=&#8221;4.25.1&#8243; _module_preset=&#8221;default&#8221; global_colors_info=&#8221;{}&#8221;]<\/p>\n<style><!-- [et_pb_line_break_holder] -->  h3 {<!-- [et_pb_line_break_holder] -->    margin-top: 20px;<!-- [et_pb_line_break_holder] -->  }<!-- [et_pb_line_break_holder] --><\/style>\n<p>[\/et_pb_code][\/et_pb_column][\/et_pb_row][et_pb_row column_structure=&#8221;3_5,2_5&#8243; _builder_version=&#8221;4.25.0&#8243; _module_preset=&#8221;default&#8221; max_width=&#8221;1600px&#8221; module_alignment=&#8221;center&#8221; custom_margin=&#8221;0px|0px|0px|0px|true|true&#8221; custom_css_main_element=&#8221;display: flex;||align-items: center;||flex-wrap: wrap;&#8221; global_colors_info=&#8221;{}&#8221;][et_pb_column type=&#8221;3_5&#8243; _builder_version=&#8221;4.16&#8243; _module_preset=&#8221;default&#8221; global_colors_info=&#8221;{}&#8221;][et_pb_text admin_label=&#8221;Flexile Perfection&#8221; module_class=&#8221;divioverlay-25794&#8243; _builder_version=&#8221;4.25.1&#8243; _module_preset=&#8221;default&#8221; header_font=&#8221;Audiowide|700|||||||&#8221; header_text_align=&#8221;center&#8221; header_font_size=&#8221;60px&#8221; header_line_height=&#8221;1.1em&#8221; header_font_size_tablet=&#8221;50px&#8221; header_font_size_phone=&#8221;40px&#8221; header_font_size_last_edited=&#8221;on|phone&#8221; global_colors_info=&#8221;{}&#8221;]<\/p>\n<h1>Asystent wyszukiwania hoteli<\/h1>\n<p>[\/et_pb_text][et_pb_text ul_item_indent=&#8221;40px&#8221; _builder_version=&#8221;4.25.1&#8243; _module_preset=&#8221;default&#8221; text_font=&#8221;|300|||||||&#8221; text_text_color=&#8221;#000000&#8243; text_font_size=&#8221;18px&#8221; text_line_height=&#8221;1.4em&#8221; link_font=&#8221;|700|on||on||||&#8221; link_text_color=&#8221;#4900db&#8221; link_font_size=&#8221;18px&#8221; ul_line_height=&#8221;1.4em&#8221; header_2_font_size=&#8221;2em&#8221; header_2_line_height=&#8221;1.2em&#8221; header_3_font_size=&#8221;2em&#8221; header_3_line_height=&#8221;1.2em&#8221; hover_enabled=&#8221;0&#8243; text_font_size_tablet=&#8221;&#8221; text_font_size_phone=&#8221;15px&#8221; text_font_size_last_edited=&#8221;on|phone&#8221; global_colors_info=&#8221;{}&#8221; link_text_color__hover_enabled=&#8221;on|hover&#8221; link_text_color__hover=&#8221;#FFC526&#8243; sticky_enabled=&#8221;0&#8243;]<\/p>\n<p><strong>Odkryj przysz\u0142o\u015b\u0107 rezerwacji hoteli z naszym asystentem wyszukiwania hoteli<\/strong><\/p>\n<p>Przekszta\u0142\u0107 podr\u00f3\u017c klienta hotelu od wyszukiwania do rezerwacji dzi\u0119ki naszemu najnowocze\u015bniejszemu asystentowi wyszukiwania hoteli. Zaprojektowane w celu zwi\u0119kszenia zadowolenia go\u015bci i usprawnienia operacji, to narz\u0119dzie oparte na sztucznej inteligencji jest kluczem do odblokowania p\u0142ynnego, spersonalizowanego do\u015bwiadczenia dla ka\u017cdego podr\u00f3\u017cnego.<\/p>\n<h3 id=\"why-choose-our-hotel-search-assistant-\">Dlaczego warto wybra\u0107 naszego asystenta wyszukiwania hoteli?<\/h3>\n<ul>\n<li><strong>Natychmiastowe i dok\u0142adne odpowiedzi:<\/strong> Po\u017cegnaj si\u0119 z d\u0142ugim czasem oczekiwania i przywitaj si\u0119 z natychmiastow\u0105 obs\u0142ug\u0105. Nasz asystent AI zapewnia wsparcie w czasie rzeczywistym, od jako\u015bci pokoju po udogodnienia, zapewniaj\u0105c go\u015bciom wszystkie potrzebne informacje na wyci\u0105gni\u0119cie r\u0119ki.<\/li>\n<li><strong>Spersonalizowane rekomendacje:<\/strong> Zaimponuj swoim go\u015bciom dopasowanymi sugestiami, kt\u00f3re odpowiadaj\u0105 ich preferencjom i potrzebom. Niezale\u017cnie od tego, czy chodzi o pok\u00f3j z widokiem, romantyczne miejsce na kolacj\u0119 czy pobliskie atrakcje, nasz asystent oferuje spersonalizowane opcje, kt\u00f3re sprawi\u0105, \u017ce ich pobyt b\u0119dzie niezapomniany.<\/li>\n<li><strong>Bezproblemowy proces rezerwacji:<\/strong> Nasz zautomatyzowany system usprawnia proces rezerwacji. Go\u015bcie mog\u0105 bez wysi\u0142ku przej\u015b\u0107 od wyszukiwania do recenzji lub rezerwacji, a ich specjalne \u017cyczenia s\u0105 obs\u0142ugiwane p\u0142ynnie i skutecznie. Oznacza to mniej porzuconych rezerwacji i wi\u0119cej potwierdzonych pobyt\u00f3w.<\/li>\n<li><strong>Dost\u0119pno\u015b\u0107 24\/7:<\/strong> Nigdy nie przegap okazji do rezerwacji. Nasz asystent wyszukiwania hoteli jest dost\u0119pny przez ca\u0142\u0105 dob\u0119, gotowy do pomocy go\u015bciom, gdy tylko zdecyduj\u0105 si\u0119 zaplanowa\u0107 sw\u00f3j pobyt. Zapewnia to uchwycenie ka\u017cdego potencjalnego go\u015bcia, zar\u00f3wno w dzie\u0144, jak i w nocy.<\/li>\n<li><strong>Zwi\u0119kszone zaanga\u017cowanie go\u015bci:<\/strong> Buduj silniejsze relacje z go\u015b\u0107mi jeszcze przed ich przybyciem. Nasz asystent wsp\u00f3\u0142pracuje z go\u015b\u0107mi podczas ich podr\u00f3\u017cy, odpowiadaj\u0105c na pytania, przekazuj\u0105c aktualne informacje i oferuj\u0105c rekomendacje, kt\u00f3re poprawiaj\u0105 ich og\u00f3lne wra\u017cenia.<\/li>\n<li><strong>Wydajno\u015b\u0107 operacyjna:<\/strong> Uwolnij swoich pracownik\u00f3w, aby mogli skupi\u0107 si\u0119 na zapewnieniu wyj\u0105tkowej obs\u0142ugi osobistej. Dzi\u0119ki rutynowym zapytaniom i zautomatyzowanym zadaniom zwi\u0105zanym z rezerwacj\u0105, Tw\u00f3j zesp\u00f3\u0142 mo\u017ce po\u015bwi\u0119ci\u0107 wi\u0119cej czasu na tworzenie niezapomnianych wra\u017ce\u0144 dla go\u015bci.<\/li>\n<\/ul>\n<p>Mam nadziej\u0119, \u017ce rozumiesz, \u017ce jest to prototyp prezentuj\u0105cy podstawowe funkcje asystenta hotelowego, ale mo\u017cliwo\u015bci s\u0105 ogromne. Daj nam zna\u0107, czego potrzebujesz, a my to zrealizujemy.<\/p>\n<p>[\/et_pb_text][et_pb_button button_url=&#8221;https:\/\/proaa.agency\/pl\/rezerwacja\/&#8221; url_new_window=&#8221;on&#8221; button_text=&#8221;Zarezerwuj bezp\u0142atne konsultacje&#8221; button_alignment=&#8221;center&#8221; admin_label=&#8221;Book Free Consultations&#8221; _builder_version=&#8221;4.25.1&#8243; _module_preset=&#8221;default&#8221; custom_button=&#8221;on&#8221; button_text_size=&#8221;14px&#8221; button_text_color=&#8221;#FFFFFF&#8221; button_bg_color=&#8221;#000000&#8243; button_border_width=&#8221;0px&#8221; button_border_radius=&#8221;5px&#8221; button_letter_spacing=&#8221;1px&#8221; button_font=&#8221;Poppins|||on|||||&#8221; button_use_icon=&#8221;off&#8221; custom_margin=&#8221;50px||||false|false&#8221; custom_padding=&#8221;14px|50px|14px|50px|true|true&#8221; box_shadow_style=&#8221;preset1&#8243; box_shadow_blur=&#8221;30px&#8221; box_shadow_spread=&#8221;-4px&#8221; box_shadow_color=&#8221;#000000&#8243; locked=&#8221;off&#8221; global_colors_info=&#8221;{}&#8221; button_bg_color__hover_enabled=&#8221;off|desktop&#8221; button_bg_enable_color__hover=&#8221;on&#8221; button_text_color__hover_enabled=&#8221;on|desktop&#8221; button_text_color__hover=&#8221;#FFC526&#8243; custom_padding__hover_enabled=&#8221;off|hover&#8221; box_shadow_color__hover_enabled=&#8221;on|desktop&#8221; box_shadow_color__hover=&#8221;RGBA(255,255,255,0)&#8221;][\/et_pb_button][\/et_pb_column][et_pb_column type=&#8221;2_5&#8243; _builder_version=&#8221;4.16&#8243; _module_preset=&#8221;default&#8221; global_colors_info=&#8221;{}&#8221;][et_pb_image src=&#8221;https:\/\/proaa.agency\/wp-content\/uploads\/2024\/05\/Hotel-Search-Assistant.webp&#8221; alt=&#8221;Asystent wyszukiwania hoteli&#8221; title_text=&#8221;Asystent wyszukiwania hoteli&#8221; url=&#8221;#&#8221; module_class=&#8221;divioverlay-25794&#8243; _builder_version=&#8221;4.25.1&#8243; _module_preset=&#8221;default&#8221; global_colors_info=&#8221;{}&#8221;][\/et_pb_image][et_pb_text _builder_version=&#8221;4.25.1&#8243; _module_preset=&#8221;default&#8221; text_font=&#8221;|300|||||||&#8221; text_text_color=&#8221;#000000&#8243; text_font_size=&#8221;18px&#8221; text_line_height=&#8221;1.4em&#8221; link_font=&#8221;|700|on||on||||&#8221; link_text_color=&#8221;#4900db&#8221; link_font_size=&#8221;18px&#8221; header_2_font_size=&#8221;2em&#8221; header_2_line_height=&#8221;1.2em&#8221; hover_enabled=&#8221;0&#8243; text_font_size_tablet=&#8221;&#8221; text_font_size_phone=&#8221;15px&#8221; text_font_size_last_edited=&#8221;on|phone&#8221; global_colors_info=&#8221;{}&#8221; link_text_color__hover_enabled=&#8221;on|hover&#8221; link_text_color__hover=&#8221;#FFC526&#8243; sticky_enabled=&#8221;0&#8243;]<\/p>\n<h2 id=\"experience-the-benefits\">Do\u015bwiadcz korzy\u015bci<\/h2>\n<p>Do\u0142\u0105cz do rosn\u0105cej liczby hoteli wykorzystuj\u0105cych technologi\u0119 AI do zrewolucjonizowania procesu rezerwacji. Nasz asystent wyszukiwania hoteli nie tylko zwi\u0119ksza zadowolenie go\u015bci, ale tak\u017ce poprawia wyniki finansowe, zwi\u0119kszaj\u0105c liczb\u0119 rezerwacji i optymalizuj\u0105c wydajno\u015b\u0107 operacyjn\u0105.<\/p>\n<p><strong>Gotowy na podniesienie jako\u015bci obs\u0142ugi go\u015bci?<\/strong> Zacznij ju\u017c dzi\u015b z naszym asystentem wyszukiwania hoteli i zmie\u0144 spos\u00f3b, w jaki kontaktujesz si\u0119 z go\u015b\u0107mi. Zwi\u0119ksz satysfakcj\u0119, usprawnij operacje i upewnij si\u0119, \u017ce podr\u00f3\u017c ka\u017cdego go\u015bcia od wyszukiwania do rezerwacji jest wyj\u0105tkowa.<\/p>\n<p style=\"text-align: center;\"><strong>Odkryj z nami przysz\u0142o\u015b\u0107 rezerwacji hotelowych. <a href=\"https:\/\/proaa.agency\/pl\/rezerwacja\/\">Zarezerwuj bezp\u0142atn\u0105 rozmow\u0119 ju\u017c dzi\u015b<\/a>. Twoi go\u015bcie b\u0119d\u0105 Ci wdzi\u0119czni.<\/strong><\/p>\n<p>[\/et_pb_text][\/et_pb_column][\/et_pb_row][et_pb_row _builder_version=&#8221;4.25.0&#8243; _module_preset=&#8221;default&#8221; width=&#8221;100%&#8221; max_width=&#8221;100%&#8221; module_alignment=&#8221;center&#8221; custom_margin=&#8221;||0px||false|false&#8221; custom_padding=&#8221;0px||0px||true|false&#8221; locked=&#8221;off&#8221; global_colors_info=&#8221;{}&#8221;][et_pb_column type=&#8221;4_4&#8243; _builder_version=&#8221;4.25.0&#8243; _module_preset=&#8221;default&#8221; global_colors_info=&#8221;{}&#8221;][et_pb_text module_class=&#8221;divioverlay-25794&#8243; _builder_version=&#8221;4.25.1&#8243; _module_preset=&#8221;default&#8221; text_text_color=&#8221;#FFFFFF&#8221; link_text_color=&#8221;#FFFFFF&#8221; header_2_font=&#8221;|600||on|||||&#8221; header_2_text_align=&#8221;center&#8221; header_2_text_color=&#8221;#FFFFFF&#8221; background_color=&#8221;#000000&#8243; width=&#8221;100%&#8221; module_alignment=&#8221;center&#8221; custom_margin=&#8221;0px|0px|0px|0px|true|true&#8221; custom_padding=&#8221;5px|5px|0px|5px|false|true&#8221; global_colors_info=&#8221;{}&#8221;]<\/p>\n<h2>Kliknij tutaj \ud83d\udd17, aby przetestowa\u0107<\/h2>\n<p>[\/et_pb_text][\/et_pb_column][\/et_pb_row][\/et_pb_section]<\/p>\n","protected":false},"excerpt":{"rendered":"<p>Asystent wyszukiwania hoteli jest kluczowym pocz\u0105tkowym elementem podr\u00f3\u017cy klienta, zmieniaj\u0105c spos\u00f3b, w jaki go\u015bcie wyszukuj\u0105 i rezerwuj\u0105 swoje wycieczki. To oparte na sztucznej inteligencji narz\u0119dzie automatyzuje obs\u0142ug\u0119 klienta, zapewniaj\u0105c natychmiastowe odpowiedzi na zapytania, szczeg\u00f3\u0142owe opisy pokoi i spersonalizowane rekomendacje. Od momentu, w kt\u00f3rym go\u015bcie rozpoczynaj\u0105 wyszukiwanie, asystent wyszukiwania hotelu oferuje p\u0142ynn\u0105, skuteczn\u0105 pomoc, zwi\u0119kszaj\u0105c ich do\u015bwiadczenie i satysfakcj\u0119. Usprawniaj\u0105c proces rezerwacji i obs\u0142uguj\u0105c specjalne \u017cyczenia, zapewnia p\u0142ynne przej\u015bcie od przegl\u0105dania do rezerwacji, przygotowuj\u0105c grunt pod niezapomniany pobyt i wspieraj\u0105c d\u0142ugoterminow\u0105 lojalno\u015b\u0107.<\/p>\n","protected":false},"author":1,"featured_media":25819,"parent":25486,"menu_order":0,"comment_status":"closed","ping_status":"closed","template":"","meta":{"_et_pb_use_builder":"on","_et_pb_old_content":"","_et_gb_content_width":"","footnotes":""},"class_list":["post-25831","page","type-page","status-publish","has-post-thumbnail","hentry"],"_links":{"self":[{"href":"https:\/\/proaa.agency\/pl\/wp-json\/wp\/v2\/pages\/25831","targetHints":{"allow":["GET"]}}],"collection":[{"href":"https:\/\/proaa.agency\/pl\/wp-json\/wp\/v2\/pages"}],"about":[{"href":"https:\/\/proaa.agency\/pl\/wp-json\/wp\/v2\/types\/page"}],"author":[{"embeddable":true,"href":"https:\/\/proaa.agency\/pl\/wp-json\/wp\/v2\/users\/1"}],"replies":[{"embeddable":true,"href":"https:\/\/proaa.agency\/pl\/wp-json\/wp\/v2\/comments?post=25831"}],"version-history":[{"count":5,"href":"https:\/\/proaa.agency\/pl\/wp-json\/wp\/v2\/pages\/25831\/revisions"}],"predecessor-version":[{"id":25836,"href":"https:\/\/proaa.agency\/pl\/wp-json\/wp\/v2\/pages\/25831\/revisions\/25836"}],"up":[{"embeddable":true,"href":"https:\/\/proaa.agency\/pl\/wp-json\/wp\/v2\/pages\/25486"}],"wp:featuredmedia":[{"embeddable":true,"href":"https:\/\/proaa.agency\/pl\/wp-json\/wp\/v2\/media\/25819"}],"wp:attachment":[{"href":"https:\/\/proaa.agency\/pl\/wp-json\/wp\/v2\/media?parent=25831"}],"curies":[{"name":"wp","href":"https:\/\/api.w.org\/{rel}","templated":true}]}}