{"id":25767,"date":"2024-05-12T12:15:01","date_gmt":"2024-05-12T19:15:01","guid":{"rendered":"https:\/\/proaa.agency\/prototypy\/maksymalizacja-przychodow-hoteli-dzieki-automatyzacji-ai\/"},"modified":"2024-05-12T13:03:05","modified_gmt":"2024-05-12T20:03:05","slug":"maksymalizacja-przychodow-hoteli-dzieki-automatyzacji-ai","status":"publish","type":"page","link":"https:\/\/proaa.agency\/pl\/prototypy\/maksymalizacja-przychodow-hoteli-dzieki-automatyzacji-ai\/","title":{"rendered":"Maksymalizacja przychod\u00f3w hoteli dzi\u0119ki automatyzacji AI"},"content":{"rendered":"<p>[et_pb_section fb_built=&#8221;1&#8243; admin_label=&#8221;Divi Flexile Hero Section 17&#8243; _builder_version=&#8221;4.25.0&#8243; _module_preset=&#8221;default&#8221; background_color=&#8221;#ffffff&#8221; background_color_gradient_direction=&#8221;90deg&#8221; background_enable_image=&#8221;off&#8221; min_height=&#8221;100vh&#8221; custom_padding=&#8221;20px||20px||true|false&#8221; animation_style=&#8221;fade&#8221; animation_delay=&#8221;300ms&#8221; global_colors_info=&#8221;{}&#8221;][et_pb_row _builder_version=&#8221;4.25.0&#8243; _module_preset=&#8221;default&#8221; position_origin_a=&#8221;top_center&#8221; width=&#8221;100%&#8221; max_width=&#8221;100%&#8221; custom_margin=&#8221;0px||||false|false&#8221; custom_padding=&#8221;0px||0px||true|false&#8221; locked=&#8221;off&#8221; global_colors_info=&#8221;{}&#8221;][et_pb_column type=&#8221;4_4&#8243; _builder_version=&#8221;4.25.0&#8243; _module_preset=&#8221;default&#8221; global_colors_info=&#8221;{}&#8221;][et_pb_text module_class=&#8221;divioverlay-25705&#8243; _builder_version=&#8221;4.25.0&#8243; _module_preset=&#8221;default&#8221; text_text_color=&#8221;#FFFFFF&#8221; link_text_color=&#8221;#FFFFFF&#8221; header_2_font=&#8221;|600||on|||||&#8221; header_2_text_align=&#8221;center&#8221; header_2_text_color=&#8221;#FFFFFF&#8221; background_color=&#8221;#000000&#8243; width=&#8221;100%&#8221; module_alignment=&#8221;center&#8221; custom_margin=&#8221;0px|0px|0px|0px|true|true&#8221; custom_padding=&#8221;10px|5px|0px|5px|false|true&#8221; global_colors_info=&#8221;{}&#8221;]<\/p>\n<h2>Kliknij tutaj \ud83d\udd17, aby otworzy\u0107 Asystenta<\/h2>\n<p>[\/et_pb_text][\/et_pb_column][\/et_pb_row][et_pb_row column_structure=&#8221;1_2,1_2&#8243; _builder_version=&#8221;4.25.0&#8243; _module_preset=&#8221;default&#8221; max_width=&#8221;1600px&#8221; module_alignment=&#8221;center&#8221; custom_margin=&#8221;0px|0px|0px|0px|true|true&#8221; custom_css_main_element=&#8221;display: flex;||align-items: center;||flex-wrap: wrap;&#8221; global_colors_info=&#8221;{}&#8221;][et_pb_column type=&#8221;1_2&#8243; _builder_version=&#8221;4.16&#8243; _module_preset=&#8221;default&#8221; global_colors_info=&#8221;{}&#8221;][et_pb_text admin_label=&#8221;Flexile Perfection&#8221; module_class=&#8221;divioverlay-25705&#8243; _builder_version=&#8221;4.25.0&#8243; _module_preset=&#8221;default&#8221; header_font=&#8221;Aboreto|700|||||||&#8221; header_font_size=&#8221;60px&#8221; header_line_height=&#8221;1.1em&#8221; header_font_size_tablet=&#8221;50px&#8221; header_font_size_phone=&#8221;40px&#8221; header_font_size_last_edited=&#8221;on|phone&#8221; global_colors_info=&#8221;{}&#8221;]<\/p>\n<h1 id=\"maximizing-hotel-revenue-with-proaaa-hotel-price-comparison-api-and-best-available-rate-strategy\">Wirtualny asystent rezerwacji wakacji<\/h1>\n<p>[\/et_pb_text][et_pb_text ul_position=&#8221;inside&#8221; ul_item_indent=&#8221;25px&#8221; _builder_version=&#8221;4.25.0&#8243; _module_preset=&#8221;default&#8221; text_font=&#8221;|300|||||||&#8221; text_text_color=&#8221;#000000&#8243; text_font_size=&#8221;16px&#8221; text_line_height=&#8221;1.8em&#8221; link_font=&#8221;|700|on||on||||&#8221; link_text_color=&#8221;#4900db&#8221; link_font_size=&#8221;18px&#8221; header_2_font=&#8221;|600|||||||&#8221; text_font_size_tablet=&#8221;&#8221; text_font_size_phone=&#8221;15px&#8221; text_font_size_last_edited=&#8221;on|desktop&#8221; global_colors_info=&#8221;{}&#8221; link_text_color__hover_enabled=&#8221;on|hover&#8221; link_text_color__hover=&#8221;#FFC526&#8243;]<\/p>\n<p><strong>Na rynku turystycznym wycenianym na ponad 850 miliard\u00f3w dolar\u00f3w<\/strong> konkurencja mi\u0119dzy hotelami jest zaci\u0119ta. G\u0142\u00f3wne platformy, takie jak Booking.com, kt\u00f3re kontroluj\u0105 znaczn\u0105 cz\u0119\u015b\u0107 rynku, ustanowi\u0142y wysokie standardy konkurencji, kt\u00f3re inne hotele musz\u0105 spe\u0142ni\u0107, aby prosperowa\u0107.<\/p>\n<p>Wprowadzenie strategicznych narz\u0119dzi, takich jak rozwi\u0105zanie ProAAA do por\u00f3wnywania cen hoteli i strategia najlepszej dost\u0119pnej stawki (BAR). S\u0105 one kluczowe dla mniejszych podmiot\u00f3w, kt\u00f3re chc\u0105 zwi\u0119kszy\u0107 swoj\u0105 obecno\u015b\u0107 na rynku i rentowno\u015b\u0107.<\/p>\n<h2 id=\"insight-into-best-available-rate-bar-strategy\">Wgl\u0105d w strategi\u0119 najlepszej dost\u0119pnej stawki (BAR)<\/h2>\n<p>Strategia BAR to model cenowy, kt\u00f3ry oferuje go\u015bciom najni\u017csz\u0105 mo\u017cliw\u0105 stawk\u0119 za pok\u00f3j w danym dniu, z wy\u0142\u0105czeniem dodatkowych rabat\u00f3w lub promocji. Model ten dostosowuje si\u0119 dynamicznie w oparciu o r\u00f3\u017cne czynniki:<\/p>\n<ul>\n<li><strong>Popyt i ob\u0142o\u017cenie:<\/strong> Wy\u017cszy popyt zwi\u0119ksza BAR.<\/li>\n<li><strong>Ceny konkurencji:<\/strong> Zapewnienie konkurencyjnych stawek w celu przyci\u0105gni\u0119cia go\u015bci.<\/li>\n<li><strong>Sezonowo\u015b\u0107 i wydarzenia specjalne:<\/strong> Stawki dostosowuj\u0105 si\u0119 w szczytowych sezonach lub wydarzeniach, aby zmaksymalizowa\u0107 przychody.<\/li>\n<\/ul>\n<p>Wdro\u017cenie strategii BAR pomaga hotelom zoptymalizowa\u0107 ceny za pok\u00f3j, zwi\u0119kszaj\u0105c konkurencyjno\u015b\u0107, podnosz\u0105c zadowolenie klient\u00f3w, a ostatecznie zwi\u0119kszaj\u0105c liczb\u0119 rezerwacji i przychody.<\/p>\n<h2 id=\"leveraging-proaaa-hotel-price-comparison-solutions-for-competitive-edge\">Wykorzystanie rozwi\u0105za\u0144 ProAAA do por\u00f3wnywania cen hoteli w celu uzyskania przewagi konkurencyjnej<\/h2>\n<p>ProAAA Solution jest pot\u0119\u017cnym narz\u0119dziem w tym konkurencyjnym \u015brodowisku, umo\u017cliwiaj\u0105c hotelom monitorowanie i por\u00f3wnywanie swoich cen z ponad 200 OTA, w tym gigantami takimi jak Booking.com i Expedia.<\/p>\n<p>Oto jak integracja rozwi\u0105zania ProAAA mo\u017ce odmieni\u0107 Tw\u00f3j biznes:<\/p>\n<ul>\n<li><strong>Przejrzyste ceny:<\/strong> Wy\u015bwietlaj najbardziej konkurencyjne stawki na swojej platformie, zapewniaj\u0105c go\u015bciom najlepsz\u0105 mo\u017cliw\u0105 ofert\u0119.<\/li>\n<li><strong>Zwi\u0119kszenie przychod\u00f3w:<\/strong> Bardziej konkurencyjne ceny prowadz\u0105 do zwi\u0119kszenia liczby rezerwacji, co przek\u0142ada si\u0119 na wzrost zysk\u00f3w.<\/li>\n<li><strong>Wydajno\u015b\u0107 operacyjna:<\/strong> Automatyzacja procesu gromadzenia danych oszcz\u0119dza czas i zasoby, pozwalaj\u0105c skupi\u0107 si\u0119 na innych strategicznych obszarach.<\/li>\n<li><strong>Elastyczno\u015b\u0107 i personalizacja:<\/strong> Dostosuj zautomatyzowane rozwi\u0105zanie do konkretnych potrzeb, sprawdzaj\u0105c ceny w ca\u0142ym mie\u015bcie lub koncentruj\u0105c si\u0119 na konkretnym segmencie, takim jak luksusowe hotele.<\/li>\n<li><strong>Budowanie zaufania i lojalno\u015bci:<\/strong> Przejrzysto\u015b\u0107 sprzyja zaufaniu; klienci s\u0105 bardziej sk\u0142onni do powrotu na platform\u0119, kt\u00f3ra konsekwentnie oferuje najlepsze stawki.<\/li>\n<\/ul>\n<p>[\/et_pb_text][et_pb_button button_url=&#8221;https:\/\/proaa.agency\/pl\/rezerwacja\/&#8221; url_new_window=&#8221;on&#8221; button_text=&#8221;Zarezerwuj bezp\u0142atne konsultacje&#8221; button_alignment=&#8221;center&#8221; admin_label=&#8221;Book Free Consultations&#8221; _builder_version=&#8221;4.25.0&#8243; _module_preset=&#8221;default&#8221; custom_button=&#8221;on&#8221; button_text_size=&#8221;14px&#8221; button_text_color=&#8221;#FFFFFF&#8221; button_bg_color=&#8221;#000000&#8243; button_border_width=&#8221;0px&#8221; button_border_radius=&#8221;5px&#8221; button_letter_spacing=&#8221;1px&#8221; button_font=&#8221;Poppins|||on|||||&#8221; button_use_icon=&#8221;off&#8221; custom_margin=&#8221;50px||||false|false&#8221; custom_padding=&#8221;14px|50px|14px|50px|true|true&#8221; box_shadow_style=&#8221;preset1&#8243; box_shadow_blur=&#8221;30px&#8221; box_shadow_spread=&#8221;-4px&#8221; box_shadow_color=&#8221;#000000&#8243; locked=&#8221;off&#8221; global_colors_info=&#8221;{}&#8221; button_bg_color__hover_enabled=&#8221;off|desktop&#8221; button_bg_enable_color__hover=&#8221;on&#8221; button_text_color__hover_enabled=&#8221;on|desktop&#8221; button_text_color__hover=&#8221;#FFC526&#8243; custom_padding__hover_enabled=&#8221;off|hover&#8221; box_shadow_color__hover_enabled=&#8221;on|desktop&#8221; box_shadow_color__hover=&#8221;RGBA(255,255,255,0)&#8221;][\/et_pb_button][\/et_pb_column][et_pb_column type=&#8221;1_2&#8243; _builder_version=&#8221;4.16&#8243; _module_preset=&#8221;default&#8221; global_colors_info=&#8221;{}&#8221;][et_pb_image src=&#8221;https:\/\/proaa.agency\/wp-content\/uploads\/2024\/05\/Maximize-Hotel-Revenue-with-AI-Automation-1.webp&#8221; alt=&#8221;Maksymalizacja przychod\u00f3w hoteli dzi\u0119ki automatyzacji AI&#8221; title_text=&#8221;Maksymalizacja przychod\u00f3w hoteli dzi\u0119ki automatyzacji AI&#8221; url=&#8221;#&#8221; module_class=&#8221;divioverlay-25705&#8243; _builder_version=&#8221;4.25.0&#8243; _module_preset=&#8221;default&#8221; hover_enabled=&#8221;0&#8243; global_colors_info=&#8221;{}&#8221; sticky_enabled=&#8221;0&#8243;][\/et_pb_image][et_pb_text ul_position=&#8221;inside&#8221; ul_item_indent=&#8221;25px&#8221; _builder_version=&#8221;4.25.0&#8243; _module_preset=&#8221;default&#8221; text_font=&#8221;|300|||||||&#8221; text_text_color=&#8221;#000000&#8243; text_font_size=&#8221;16px&#8221; text_line_height=&#8221;1.8em&#8221; link_font=&#8221;|700|on||on||||&#8221; link_text_color=&#8221;#4900db&#8221; link_font_size=&#8221;18px&#8221; header_2_font=&#8221;|600|||||||&#8221; text_font_size_tablet=&#8221;&#8221; text_font_size_phone=&#8221;15px&#8221; text_font_size_last_edited=&#8221;on|desktop&#8221; global_colors_info=&#8221;{}&#8221; link_text_color__hover_enabled=&#8221;on|hover&#8221; link_text_color__hover=&#8221;#FFC526&#8243;]<\/p>\n<h2 id=\"integrating-bar-with-proaaa-for-optimal-pricing\">Integracja BAR z ProAAA w celu uzyskania optymalnych cen<\/h2>\n<p>Prawdziwa si\u0142a le\u017cy w integracji BAR z danymi w czasie rzeczywistym z ProAAA. Ta synergia pozwala hotelom na:<\/p>\n<ul>\n<li><strong>Dynamiczne dostosowywanie cen:<\/strong> Reagowanie w czasie rzeczywistym na zmiany konkurencji i popytu.<\/li>\n<li><strong>Zrozumienie dynamiki rynku:<\/strong> Wykorzystanie kompleksowych danych do podejmowania \u015bwiadomych decyzji cenowych w r\u00f3\u017cnych sezonach i wydarzeniach.<\/li>\n<li><strong>Lepsze wra\u017cenia go\u015bci:<\/strong> Oferuj stawki, kt\u00f3re s\u0105 nie tylko konkurencyjne, ale tak\u017ce uczciwe, zach\u0119caj\u0105c do powtarzania transakcji.<\/li>\n<\/ul>\n<h2 id=\"why-you-need-this-solution-\">Dlaczego potrzebujesz tego rozwi\u0105zania?<\/h2>\n<p>Konkurencyjny charakter bran\u017cy turystycznej wymaga od dostawc\u00f3w zakwaterowania przyj\u0119cia innowacyjnych strategii i technologii, aby pozosta\u0107 na czele.<\/p>\n<p>Integruj\u0105c strategi\u0119 BAR ze spostrze\u017ceniami z rozwi\u0105zania ProAAA Hotel Price Comparison, hotele, w\u0142a\u015bciciele AirBnB itp. mog\u0105 oferowa\u0107 konkurencyjne ceny, poprawia\u0107 zadowolenie go\u015bci i znacznie zwi\u0119ksza\u0107 przychody.<\/p>\n<p>Rozwi\u0105zanie to ma na celu nie tylko utrzymanie konkurencyjno\u015bci, ale tak\u017ce ustanowienie nowych standard\u00f3w w zakresie go\u015bcinno\u015bci i obs\u0142ugi klienta.<\/p>\n<p style=\"text-align: center;\">\n            <a title=\"Link do strony rezerwacji\" href=\"https:\/\/proaa.agency\/pl\/rezerwacja\/\" target=\"_blank\" rel=\"noopener\"><br \/>\n              <strong>Kliknij tutaj, aby zwi\u0119kszy\u0107 liczb\u0119 rezerwacji i przychody hotelu<\/strong><br \/>\n            <\/a>\n          <\/p>\n<p>[\/et_pb_text][\/et_pb_column][\/et_pb_row][et_pb_row _builder_version=&#8221;4.25.0&#8243; _module_preset=&#8221;default&#8221; width=&#8221;100%&#8221; max_width=&#8221;100%&#8221; module_alignment=&#8221;center&#8221; custom_margin=&#8221;||0px||false|false&#8221; custom_padding=&#8221;0px||0px||true|false&#8221; locked=&#8221;off&#8221; global_colors_info=&#8221;{}&#8221;][et_pb_column type=&#8221;4_4&#8243; _builder_version=&#8221;4.25.0&#8243; _module_preset=&#8221;default&#8221; global_colors_info=&#8221;{}&#8221;][et_pb_text module_class=&#8221;divioverlay-25705&#8243; _builder_version=&#8221;4.25.0&#8243; _module_preset=&#8221;default&#8221; text_text_color=&#8221;#FFFFFF&#8221; link_text_color=&#8221;#FFFFFF&#8221; header_2_font=&#8221;|600||on|||||&#8221; header_2_text_align=&#8221;center&#8221; header_2_text_color=&#8221;#FFFFFF&#8221; background_color=&#8221;#000000&#8243; width=&#8221;100%&#8221; module_alignment=&#8221;center&#8221; custom_margin=&#8221;0px|0px|0px|0px|true|true&#8221; custom_padding=&#8221;5px|5px|0px|5px|false|true&#8221; global_colors_info=&#8221;{}&#8221;]<\/p>\n<h2>Kliknij tutaj \ud83d\udd17, aby przetestowa\u0107<\/h2>\n<p>[\/et_pb_text][\/et_pb_column][\/et_pb_row][\/et_pb_section]<\/p>\n","protected":false},"excerpt":{"rendered":"<p>Prowadzenie biznesu poza sezonem mo\u017ce by\u0107 trudne dla hoteli, ale jest to r\u00f3wnie\u017c czas na innowacje. W tym artykule przedstawiono siedem strategicznych metod zwi\u0119kszania ob\u0142o\u017cenia i rentowno\u015bci, takich jak korzystanie z rozwi\u0105zania ProAA Hotel Price Comparison w celu uzyskania konkurencyjnych cen, ulepszanie marketingu cyfrowego i wsp\u00f3\u0142praca z lokalnymi wydarzeniami. Ponadto k\u0142adzie nacisk na integracj\u0119 automatyzacji AI za po\u015brednictwem chatbot\u00f3w, aby zapewni\u0107 spersonalizowane interakcje z klientami, dost\u0119pne 24 godziny na dob\u0119, 7 dni w tygodniu. Dowiedz si\u0119, w jaki spos\u00f3b te podej\u015bcia mog\u0105 przekszta\u0142ci\u0107 okres poza sezonem w okres wzrostu, pomagaj\u0105c przyci\u0105gn\u0105\u0107 nowych go\u015bci i udoskonali\u0107 operacje, jednocze\u015bnie zwi\u0119kszaj\u0105c zasi\u0119g rynkowy.<\/p>\n","protected":false},"author":1,"featured_media":0,"parent":25486,"menu_order":0,"comment_status":"closed","ping_status":"closed","template":"","meta":{"_et_pb_use_builder":"on","_et_pb_old_content":"","_et_gb_content_width":"","footnotes":""},"class_list":["post-25767","page","type-page","status-publish","hentry"],"_links":{"self":[{"href":"https:\/\/proaa.agency\/pl\/wp-json\/wp\/v2\/pages\/25767","targetHints":{"allow":["GET"]}}],"collection":[{"href":"https:\/\/proaa.agency\/pl\/wp-json\/wp\/v2\/pages"}],"about":[{"href":"https:\/\/proaa.agency\/pl\/wp-json\/wp\/v2\/types\/page"}],"author":[{"embeddable":true,"href":"https:\/\/proaa.agency\/pl\/wp-json\/wp\/v2\/users\/1"}],"replies":[{"embeddable":true,"href":"https:\/\/proaa.agency\/pl\/wp-json\/wp\/v2\/comments?post=25767"}],"version-history":[{"count":6,"href":"https:\/\/proaa.agency\/pl\/wp-json\/wp\/v2\/pages\/25767\/revisions"}],"predecessor-version":[{"id":25773,"href":"https:\/\/proaa.agency\/pl\/wp-json\/wp\/v2\/pages\/25767\/revisions\/25773"}],"up":[{"embeddable":true,"href":"https:\/\/proaa.agency\/pl\/wp-json\/wp\/v2\/pages\/25486"}],"wp:attachment":[{"href":"https:\/\/proaa.agency\/pl\/wp-json\/wp\/v2\/media?parent=25767"}],"curies":[{"name":"wp","href":"https:\/\/api.w.org\/{rel}","templated":true}]}}