{"id":25536,"date":"2024-04-28T09:21:28","date_gmt":"2024-04-28T16:21:28","guid":{"rendered":"https:\/\/proaa.agency\/?page_id=25536"},"modified":"2024-04-28T09:22:52","modified_gmt":"2024-04-28T16:22:52","slug":"wirtualny-asystent-ds-copywritingu","status":"publish","type":"page","link":"https:\/\/proaa.agency\/pl\/prototypy\/wirtualny-asystent-ds-copywritingu\/","title":{"rendered":"Wirtualny asystent ds. copywritingu"},"content":{"rendered":"<p>[et_pb_section fb_built=&#8221;1&#8243; admin_label=&#8221;Divi Flexile Hero Section 17&#8243; _builder_version=&#8221;4.25.0&#8243; _module_preset=&#8221;default&#8221; background_color=&#8221;#f7f7f7&#8243; background_color_gradient_direction=&#8221;90deg&#8221; background_enable_image=&#8221;off&#8221; min_height=&#8221;100vh&#8221; custom_padding=&#8221;20px||20px||true|false&#8221; animation_style=&#8221;fade&#8221; animation_delay=&#8221;300ms&#8221; global_colors_info=&#8221;{}&#8221;][et_pb_row _builder_version=&#8221;4.25.0&#8243; _module_preset=&#8221;default&#8221; position_origin_a=&#8221;top_center&#8221; width=&#8221;100%&#8221; max_width=&#8221;100%&#8221; custom_margin=&#8221;0px||||false|false&#8221; custom_padding=&#8221;0px||0px||true|false&#8221; locked=&#8221;off&#8221; global_colors_info=&#8221;{}&#8221;][et_pb_column type=&#8221;4_4&#8243; _builder_version=&#8221;4.25.0&#8243; _module_preset=&#8221;default&#8221; global_colors_info=&#8221;{}&#8221;][et_pb_text module_class=&#8221;divioverlay-25457&#8243; _builder_version=&#8221;4.25.0&#8243; _module_preset=&#8221;default&#8221; text_text_color=&#8221;#FFFFFF&#8221; link_text_color=&#8221;#FFFFFF&#8221; header_2_font=&#8221;|600||on|||||&#8221; header_2_text_align=&#8221;center&#8221; header_2_text_color=&#8221;#FFFFFF&#8221; background_color=&#8221;#000000&#8243; width=&#8221;100%&#8221; module_alignment=&#8221;center&#8221; custom_margin=&#8221;0px|0px|0px|0px|true|true&#8221; custom_padding=&#8221;10px|5px|0px|5px|false|true&#8221; global_colors_info=&#8221;{}&#8221;]<\/p>\n<h2>Kliknij tutaj \ud83d\udd17, aby otworzy\u0107 Asystenta<\/h2>\n<p>[\/et_pb_text][\/et_pb_column][\/et_pb_row][et_pb_row column_structure=&#8221;3_5,2_5&#8243; _builder_version=&#8221;4.25.0&#8243; _module_preset=&#8221;default&#8221; max_width=&#8221;1600px&#8221; module_alignment=&#8221;center&#8221; custom_margin=&#8221;0px|0px|0px|0px|true|true&#8221; custom_css_main_element=&#8221;display: flex;||align-items: center;||flex-wrap: wrap;&#8221; global_colors_info=&#8221;{}&#8221;][et_pb_column type=&#8221;3_5&#8243; _builder_version=&#8221;4.16&#8243; _module_preset=&#8221;default&#8221; global_colors_info=&#8221;{}&#8221;][et_pb_text admin_label=&#8221;Flexile Perfection&#8221; _builder_version=&#8221;4.25.0&#8243; _module_preset=&#8221;default&#8221; header_font=&#8221;Wallpoet|700|||||||&#8221; header_font_size=&#8221;60px&#8221; header_line_height=&#8221;1.1em&#8221; header_font_size_tablet=&#8221;50px&#8221; header_font_size_phone=&#8221;40px&#8221; header_font_size_last_edited=&#8221;on|phone&#8221; global_colors_info=&#8221;{}&#8221;]<\/p>\n<h1>Wirtualny asystent ds. copywritingu<\/h1>\n<p>[\/et_pb_text][et_pb_text _builder_version=&#8221;4.25.0&#8243; _module_preset=&#8221;default&#8221; text_font=&#8221;Old Standard TT|300|||||||&#8221; text_text_color=&#8221;#000000&#8243; text_font_size=&#8221;18px&#8221; text_line_height=&#8221;1.8em&#8221; link_font=&#8221;|700|on||on||||&#8221; link_text_color=&#8221;#4900db&#8221; link_font_size=&#8221;18px&#8221; text_font_size_tablet=&#8221;&#8221; text_font_size_phone=&#8221;15px&#8221; text_font_size_last_edited=&#8221;on|phone&#8221; global_colors_info=&#8221;{}&#8221; link_text_color__hover_enabled=&#8221;on|hover&#8221; link_text_color__hover=&#8221;#FFC526&#8243;]<\/p>\n<p><strong>Revolutionize Your Content Creation with Our AI Copywriting Assistant<\/strong><\/p>\n<p>Welcome to the future of journalism and blogging. Unleash the power of AI with our Copywriting Virtual Assistant, designed specifically to meet the dynamic needs of bloggers and news organizations. Craft compelling articles and news stories with minimal input &#8211; provide a title or topic and let our assistant handle the rest.<\/p>\n<p><strong>Why Choose Our AI Assistant?<\/strong><\/p>\n<ul>\n<li><strong>Efficient Writing:<\/strong>\u00a0Instantly generate news articles and blog posts using factual data.<\/li>\n<li><strong>Verification Feature:<\/strong>\u00a0Cross-check and verify information to ensure accuracy and reliability.<\/li>\n<li><strong>Customizable Solutions:<\/strong>\u00a0The full version is tailored to the unique demands of your publication, enhancing your editorial workflow and output.<\/li>\n<\/ul>\n<p>Embrace the speed and precision of automated content creation.\u00a0<strong><a href=\"https:\/\/proaa.agency\/booking\/\">Book a free discovery call today<\/a><\/strong>\u00a0to explore how our Copywriting Virtual Assistant can transform your content strategy and streamline your writing process.\u00a0<a href=\"https:\/\/proaa.agency\/booking\/\">Click here<\/a>\u00a0to unlock the potential of AI-driven journalism.<\/p>\n<p>[\/et_pb_text][et_pb_button button_url=&#8221;https:\/\/proaa.agency\/?page_id=22601&#8243; url_new_window=&#8221;on&#8221; button_text=&#8221;Zarezerwuj bezp\u0142atne konsultacje&#8221; button_alignment=&#8221;center&#8221; admin_label=&#8221;Book Free Consultations&#8221; _builder_version=&#8221;4.25.0&#8243; _module_preset=&#8221;default&#8221; custom_button=&#8221;on&#8221; button_text_size=&#8221;14px&#8221; button_text_color=&#8221;#FFFFFF&#8221; button_bg_color=&#8221;#000000&#8243; button_border_width=&#8221;0px&#8221; button_border_radius=&#8221;5px&#8221; button_letter_spacing=&#8221;1px&#8221; button_font=&#8221;Poppins|||on|||||&#8221; button_use_icon=&#8221;off&#8221; custom_margin=&#8221;50px||||false|false&#8221; custom_padding=&#8221;14px|50px|14px|50px|true|true&#8221; box_shadow_style=&#8221;preset1&#8243; box_shadow_blur=&#8221;30px&#8221; box_shadow_spread=&#8221;-4px&#8221; box_shadow_color=&#8221;#000000&#8243; locked=&#8221;off&#8221; global_colors_info=&#8221;{}&#8221; button_bg_color__hover_enabled=&#8221;off|desktop&#8221; button_bg_enable_color__hover=&#8221;on&#8221; button_text_color__hover_enabled=&#8221;on|desktop&#8221; button_text_color__hover=&#8221;#FFC526&#8243; custom_padding__hover_enabled=&#8221;off|hover&#8221; box_shadow_color__hover_enabled=&#8221;on|desktop&#8221; box_shadow_color__hover=&#8221;RGBA(255,255,255,0)&#8221;][\/et_pb_button][\/et_pb_column][et_pb_column type=&#8221;2_5&#8243; _builder_version=&#8221;4.16&#8243; _module_preset=&#8221;default&#8221; global_colors_info=&#8221;{}&#8221;][et_pb_image src=&#8221;https:\/\/proaa.agency\/wp-content\/uploads\/2024\/04\/Copywriting-Virtual-Assistant.webp&#8221; alt=&#8221;Wirtualny asystent ds. copywritingu&#8221; title_text=&#8221;Wirtualny asystent ds. copywritingu&#8221; url=&#8221;#&#8221; module_class=&#8221;divioverlay-25457&#8243; _builder_version=&#8221;4.25.0&#8243; _module_preset=&#8221;default&#8221; global_colors_info=&#8221;{}&#8221;][\/et_pb_image][\/et_pb_column][\/et_pb_row][et_pb_row _builder_version=&#8221;4.25.0&#8243; _module_preset=&#8221;default&#8221; width=&#8221;100%&#8221; max_width=&#8221;100%&#8221; module_alignment=&#8221;center&#8221; custom_margin=&#8221;||0px||false|false&#8221; custom_padding=&#8221;0px||0px||true|false&#8221; locked=&#8221;off&#8221; global_colors_info=&#8221;{}&#8221;][et_pb_column type=&#8221;4_4&#8243; _builder_version=&#8221;4.25.0&#8243; _module_preset=&#8221;default&#8221; global_colors_info=&#8221;{}&#8221;][et_pb_text module_class=&#8221;divioverlay-25457&#8243; _builder_version=&#8221;4.25.0&#8243; _module_preset=&#8221;default&#8221; text_text_color=&#8221;#FFFFFF&#8221; link_text_color=&#8221;#FFFFFF&#8221; header_2_font=&#8221;|600||on|||||&#8221; header_2_text_align=&#8221;center&#8221; header_2_text_color=&#8221;#FFFFFF&#8221; background_color=&#8221;#000000&#8243; width=&#8221;100%&#8221; module_alignment=&#8221;center&#8221; custom_margin=&#8221;0px|0px|0px|0px|true|true&#8221; custom_padding=&#8221;5px|5px|0px|5px|false|true&#8221; global_colors_info=&#8221;{}&#8221;]<\/p>\n<h2>Kliknij tutaj \ud83d\udd17, aby przetestowa\u0107<\/h2>\n<p>[\/et_pb_text][\/et_pb_column][\/et_pb_row][\/et_pb_section]<\/p>\n","protected":false},"excerpt":{"rendered":"<p>Odkryj skuteczno\u015b\u0107 tworzenia tre\u015bci w oparciu o sztuczn\u0105 inteligencj\u0119 dzi\u0119ki naszemu wirtualnemu asystentowi copywritingu. Podnie\u015b poziom tworzenia tre\u015bci dzi\u0119ki naszemu AI Copywriting Assistant, zaprojektowanemu specjalnie dla bloger\u00f3w i serwis\u00f3w informacyjnych. To innowacyjne narz\u0119dzie usprawnia proces pisania, generuj\u0105c dok\u0142adne, dobrze zbadane artyku\u0142y na podstawie samego tytu\u0142u lub tematu. Zapewnia dok\u0142adno\u015b\u0107 fakt\u00f3w poprzez wzajemn\u0105 weryfikacj\u0119 danych, co jest niezb\u0119dne w dzisiejszym szybkim cyklu wiadomo\u015bci. Dodatkowo, nasz asystent AI mo\u017ce by\u0107 w pe\u0142ni dostosowany do unikalnych potrzeb i stylu redakcyjnego danej publikacji. Odkryj skuteczno\u015b\u0107 dziennikarstwa opartego na sztucznej inteligencji i zwi\u0119ksz swoj\u0105 produktywno\u015b\u0107 bez uszczerbku dla jako\u015bci. Ju\u017c dzi\u015b zarezerwuj bezp\u0142atn\u0105 rozmow\u0119, aby dowiedzie\u0107 si\u0119, w jaki spos\u00f3b nasz wirtualny asystent ds. copywritingu mo\u017ce zmieni\u0107 Twoj\u0105 strategi\u0119 dotycz\u0105c\u0105 tre\u015bci i dostosowa\u0107 si\u0119 do Twoich konkretnych wymaga\u0144. Do\u0142\u0105cz do nas, aby na nowo zdefiniowa\u0107 przysz\u0142o\u015b\u0107 pisania wiadomo\u015bci i blogowania dzi\u0119ki technologii na wyci\u0105gni\u0119cie r\u0119ki.       <\/p>\n","protected":false},"author":1,"featured_media":25509,"parent":25486,"menu_order":0,"comment_status":"closed","ping_status":"closed","template":"","meta":{"_et_pb_use_builder":"on","_et_pb_old_content":"","_et_gb_content_width":"","footnotes":""},"class_list":["post-25536","page","type-page","status-publish","has-post-thumbnail","hentry"],"_links":{"self":[{"href":"https:\/\/proaa.agency\/pl\/wp-json\/wp\/v2\/pages\/25536","targetHints":{"allow":["GET"]}}],"collection":[{"href":"https:\/\/proaa.agency\/pl\/wp-json\/wp\/v2\/pages"}],"about":[{"href":"https:\/\/proaa.agency\/pl\/wp-json\/wp\/v2\/types\/page"}],"author":[{"embeddable":true,"href":"https:\/\/proaa.agency\/pl\/wp-json\/wp\/v2\/users\/1"}],"replies":[{"embeddable":true,"href":"https:\/\/proaa.agency\/pl\/wp-json\/wp\/v2\/comments?post=25536"}],"version-history":[{"count":5,"href":"https:\/\/proaa.agency\/pl\/wp-json\/wp\/v2\/pages\/25536\/revisions"}],"predecessor-version":[{"id":25555,"href":"https:\/\/proaa.agency\/pl\/wp-json\/wp\/v2\/pages\/25536\/revisions\/25555"}],"up":[{"embeddable":true,"href":"https:\/\/proaa.agency\/pl\/wp-json\/wp\/v2\/pages\/25486"}],"wp:featuredmedia":[{"embeddable":true,"href":"https:\/\/proaa.agency\/pl\/wp-json\/wp\/v2\/media\/25509"}],"wp:attachment":[{"href":"https:\/\/proaa.agency\/pl\/wp-json\/wp\/v2\/media?parent=25536"}],"curies":[{"name":"wp","href":"https:\/\/api.w.org\/{rel}","templated":true}]}}