{"id":25486,"date":"2024-04-28T04:48:41","date_gmt":"2024-04-28T11:48:41","guid":{"rendered":"https:\/\/proaa.agency\/prototypy\/"},"modified":"2024-05-29T12:02:11","modified_gmt":"2024-05-29T19:02:11","slug":"prototypy","status":"publish","type":"page","link":"https:\/\/proaa.agency\/pl\/prototypy\/","title":{"rendered":"Prototypy AI"},"content":{"rendered":"<p>[et_pb_section fb_built=&#8221;1&#8243; _builder_version=&#8221;4.25.0&#8243; _module_preset=&#8221;default&#8221; global_colors_info=&#8221;{}&#8221;][et_pb_row _builder_version=&#8221;4.25.0&#8243; _module_preset=&#8221;default&#8221; global_colors_info=&#8221;{}&#8221;][et_pb_column type=&#8221;4_4&#8243; _builder_version=&#8221;4.25.0&#8243; _module_preset=&#8221;default&#8221; global_colors_info=&#8221;{}&#8221;][et_pb_text _builder_version=&#8221;4.25.0&#8243; _module_preset=&#8221;default&#8221; header_font=&#8221;Poppins|600||on|||||&#8221; header_text_align=&#8221;center&#8221; global_colors_info=&#8221;{}&#8221;]<\/p>\n<h1>Prototypy<\/h1>\n<p>[\/et_pb_text][\/et_pb_column][\/et_pb_row][et_pb_row column_structure=&#8221;1_3,1_3,1_3&#8243; _builder_version=&#8221;4.25.0&#8243; _module_preset=&#8221;default&#8221; global_colors_info=&#8221;{}&#8221;][et_pb_column type=&#8221;1_3&#8243; _builder_version=&#8221;4.25.0&#8243; _module_preset=&#8221;default&#8221; global_colors_info=&#8221;{}&#8221;][et_pb_image src=&#8221;https:\/\/proaa.agency\/wp-content\/uploads\/2024\/04\/Tires-Assistant-Icon.webp&#8221; alt=&#8221;Tires Assistant Icon&#8221; title_text=&#8221;Tires Assistant Icon&#8221; url=&#8221;https:\/\/proaa.agency\/pl\/prototypy\/asystent-ds-opon\/&#8221; url_new_window=&#8221;on&#8221; use_overlay=&#8221;on&#8221; overlay_icon_color=&#8221;#000000&#8243; hover_overlay_color=&#8221;rgba(255,255,255,0.8)&#8221; hover_icon=&#8221;&#x30;||divi||400&#8243; align=&#8221;center&#8221; _builder_version=&#8221;4.25.0&#8243; _module_preset=&#8221;default&#8221; global_colors_info=&#8221;{}&#8221;][\/et_pb_image][et_pb_text _builder_version=&#8221;4.25.0&#8243; _module_preset=&#8221;default&#8221; header_2_font=&#8221;|600|||||||&#8221; header_2_text_align=&#8221;center&#8221; header_2_font_size=&#8221;2em&#8221; link_option_url=&#8221;https:\/\/proaa.agency\/pl\/prototypy\/asystent-ds-opon\/&#8221; link_option_url_new_window=&#8221;on&#8221; global_colors_info=&#8221;{}&#8221; header_2_text_color__hover_enabled=&#8221;on|desktop&#8221; header_2_text_color__hover=&#8221;#FFC526&#8243;]<\/p>\n<h2>Asystent ds. opon<\/h2>\n<p>[\/et_pb_text][\/et_pb_column][et_pb_column type=&#8221;1_3&#8243; _builder_version=&#8221;4.25.0&#8243; _module_preset=&#8221;default&#8221; global_colors_info=&#8221;{}&#8221;][et_pb_image src=&#8221;https:\/\/proaa.agency\/wp-content\/uploads\/2024\/04\/Copywriting-Virtual-Assistant-Icon.webp&#8221; alt=&#8221;Copywriting Virtual Assistant Icon&#8221; title_text=&#8221;Copywriting Virtual Assistant Icon&#8221; url=&#8221;https:\/\/proaa.agency\/pl\/prototypy\/wirtualny-asystent-ds-copywritingu\/&#8221; url_new_window=&#8221;on&#8221; use_overlay=&#8221;on&#8221; overlay_icon_color=&#8221;#000000&#8243; hover_overlay_color=&#8221;rgba(255,255,255,0.8)&#8221; hover_icon=&#8221;&#x30;||divi||400&#8243; align=&#8221;center&#8221; _builder_version=&#8221;4.25.0&#8243; _module_preset=&#8221;default&#8221; global_colors_info=&#8221;{}&#8221;][\/et_pb_image][et_pb_text _builder_version=&#8221;4.25.0&#8243; _module_preset=&#8221;default&#8221; header_2_font=&#8221;|600|||||||&#8221; header_2_text_align=&#8221;center&#8221; header_2_font_size=&#8221;2em&#8221; link_option_url=&#8221;https:\/\/proaa.agency\/pl\/prototypy\/wirtualny-asystent-ds-copywritingu\/&#8221; link_option_url_new_window=&#8221;on&#8221; global_colors_info=&#8221;{}&#8221; header_2_text_color__hover=&#8221;#FFC526&#8243; header_2_text_color__hover_enabled=&#8221;on|desktop&#8221;]<\/p>\n<h2>Copywriting<br \/>Wirtualny asystent<\/h2>\n<p>[\/et_pb_text][\/et_pb_column][et_pb_column type=&#8221;1_3&#8243; _builder_version=&#8221;4.25.0&#8243; _module_preset=&#8221;default&#8221; global_colors_info=&#8221;{}&#8221;][et_pb_image src=&#8221;https:\/\/proaa.agency\/wp-content\/uploads\/2024\/05\/Maximize-Hotel-Revenue-with-AI-Automation-Prototype-Icon-1.webp&#8221; alt=&#8221;Maksymalizacja przychod\u00f3w hoteli dzi\u0119ki AI Automation Prototype Icon&#8221; title_text=&#8221;Maksymalizacja przychod\u00f3w hoteli dzi\u0119ki AI Automation Prototype Icon&#8221; url=&#8221;https:\/\/proaa.agency\/pl\/prototypy\/maksymalizacja-przychodow-hoteli-dzieki-automatyzacji-ai\/&#8221; url_new_window=&#8221;on&#8221; use_overlay=&#8221;on&#8221; overlay_icon_color=&#8221;#000000&#8243; hover_overlay_color=&#8221;rgba(255,255,255,0.8)&#8221; hover_icon=&#8221;&#x30;||divi||400&#8243; align=&#8221;center&#8221; _builder_version=&#8221;4.25.0&#8243; _module_preset=&#8221;default&#8221; global_colors_info=&#8221;{}&#8221;][\/et_pb_image][et_pb_text _builder_version=&#8221;4.25.1&#8243; _module_preset=&#8221;default&#8221; header_2_font=&#8221;|600|||||||&#8221; header_2_text_align=&#8221;center&#8221; header_2_font_size=&#8221;2em&#8221; link_option_url=&#8221;https:\/\/proaa.agency\/pl\/prototypy\/maksymalizacja-przychodow-hoteli-dzieki-automatyzacji-ai\/&#8221; link_option_url_new_window=&#8221;on&#8221; hover_enabled=&#8221;0&#8243; global_colors_info=&#8221;{}&#8221; header_2_text_color__hover=&#8221;#FFC526&#8243; header_2_text_color__hover_enabled=&#8221;on|desktop&#8221; sticky_enabled=&#8221;0&#8243;]<\/p>\n<h2>Rezerwacja wakacji<br \/>Wirtualny asystent<\/h2>\n<p>[\/et_pb_text][\/et_pb_column][\/et_pb_row][et_pb_row column_structure=&#8221;1_3,1_3,1_3&#8243; _builder_version=&#8221;4.25.0&#8243; _module_preset=&#8221;default&#8221; global_colors_info=&#8221;{}&#8221;][et_pb_column type=&#8221;1_3&#8243; _builder_version=&#8221;4.25.0&#8243; _module_preset=&#8221;default&#8221; global_colors_info=&#8221;{}&#8221;][et_pb_image src=&#8221;https:\/\/proaa.agency\/wp-content\/uploads\/2024\/05\/Hotel-Search-Assistant-Prototype.webp&#8221; alt=&#8221;Prototyp asystenta wyszukiwania hoteli&#8221; title_text=&#8221;Prototyp asystenta wyszukiwania hoteli&#8221; url=&#8221;https:\/\/proaa.agency\/pl\/prototypy\/asystent-wyszukiwania-hoteli\/&#8221; url_new_window=&#8221;on&#8221; use_overlay=&#8221;on&#8221; overlay_icon_color=&#8221;#000000&#8243; hover_overlay_color=&#8221;rgba(255,255,255,0.8)&#8221; hover_icon=&#8221;&#x30;||divi||400&#8243; align=&#8221;center&#8221; _builder_version=&#8221;4.25.1&#8243; _module_preset=&#8221;default&#8221; hover_enabled=&#8221;0&#8243; global_colors_info=&#8221;{}&#8221; sticky_enabled=&#8221;0&#8243;][\/et_pb_image][et_pb_text _builder_version=&#8221;4.25.1&#8243; _module_preset=&#8221;default&#8221; header_2_font=&#8221;|600|||||||&#8221; header_2_text_align=&#8221;center&#8221; header_2_font_size=&#8221;2em&#8221; hover_enabled=&#8221;0&#8243; global_colors_info=&#8221;{}&#8221; sticky_enabled=&#8221;0&#8243; link_option_url=&#8221;https:\/\/proaa.agency\/pl\/prototypy\/asystent-wyszukiwania-hoteli\/&#8221; link_option_url_new_window=&#8221;on&#8221;]<\/p>\n<h2>Asystent wyszukiwania hoteli<\/h2>\n<p>[\/et_pb_text][\/et_pb_column][et_pb_column type=&#8221;1_3&#8243; _builder_version=&#8221;4.25.0&#8243; _module_preset=&#8221;default&#8221; global_colors_info=&#8221;{}&#8221;][et_pb_image src=&#8221;https:\/\/proaa.agency\/wp-content\/uploads\/2024\/04\/Coming-Soon-Prototypes.webp&#8221; alt=&#8221;Coming Soon Prototypes&#8221; title_text=&#8221;Coming Soon Prototypes&#8221; align=&#8221;center&#8221; _builder_version=&#8221;4.25.0&#8243; _module_preset=&#8221;default&#8221; global_colors_info=&#8221;{}&#8221;][\/et_pb_image][et_pb_text _builder_version=&#8221;4.25.0&#8243; _module_preset=&#8221;default&#8221; header_2_font=&#8221;|600|||||||&#8221; header_2_text_align=&#8221;center&#8221; header_2_font_size=&#8221;2em&#8221; global_colors_info=&#8221;{}&#8221;]<\/p>\n<h2>Wi\u0119cej prototyp\u00f3w ju\u017c wkr\u00f3tce<\/h2>\n<p>[\/et_pb_text][\/et_pb_column][et_pb_column type=&#8221;1_3&#8243; _builder_version=&#8221;4.25.0&#8243; _module_preset=&#8221;default&#8221; global_colors_info=&#8221;{}&#8221;][\/et_pb_column][\/et_pb_row][\/et_pb_section]<\/p>\n","protected":false},"excerpt":{"rendered":"<p>Witamy w prezentacji zaawansowanych prototyp\u00f3w asystent\u00f3w AI Agencji ProAAA. Ka\u017cdy projekt zosta\u0142 zaprojektowany w celu usprawnienia operacji i poprawy zaanga\u017cowania klient\u00f3w, odzwierciedlaj\u0105c nasze zaanga\u017cowanie w najnowocze\u015bniejsze rozwi\u0105zania AI. Zanurz si\u0119 w naszym zr\u00f3\u017cnicowanym portfolio i znajd\u017a idealnego asystenta AI, kt\u00f3ry zrewolucjonizuje Twoje procesy biznesowe.  <\/p>\n","protected":false},"author":1,"featured_media":25590,"parent":0,"menu_order":0,"comment_status":"closed","ping_status":"closed","template":"","meta":{"_et_pb_use_builder":"on","_et_pb_old_content":"","_et_gb_content_width":"","footnotes":""},"class_list":["post-25486","page","type-page","status-publish","has-post-thumbnail","hentry"],"_links":{"self":[{"href":"https:\/\/proaa.agency\/pl\/wp-json\/wp\/v2\/pages\/25486","targetHints":{"allow":["GET"]}}],"collection":[{"href":"https:\/\/proaa.agency\/pl\/wp-json\/wp\/v2\/pages"}],"about":[{"href":"https:\/\/proaa.agency\/pl\/wp-json\/wp\/v2\/types\/page"}],"author":[{"embeddable":true,"href":"https:\/\/proaa.agency\/pl\/wp-json\/wp\/v2\/users\/1"}],"replies":[{"embeddable":true,"href":"https:\/\/proaa.agency\/pl\/wp-json\/wp\/v2\/comments?post=25486"}],"version-history":[{"count":10,"href":"https:\/\/proaa.agency\/pl\/wp-json\/wp\/v2\/pages\/25486\/revisions"}],"predecessor-version":[{"id":25857,"href":"https:\/\/proaa.agency\/pl\/wp-json\/wp\/v2\/pages\/25486\/revisions\/25857"}],"wp:featuredmedia":[{"embeddable":true,"href":"https:\/\/proaa.agency\/pl\/wp-json\/wp\/v2\/media\/25590"}],"wp:attachment":[{"href":"https:\/\/proaa.agency\/pl\/wp-json\/wp\/v2\/media?parent=25486"}],"curies":[{"name":"wp","href":"https:\/\/api.w.org\/{rel}","templated":true}]}}