{"id":25320,"date":"2024-04-27T07:41:29","date_gmt":"2024-04-27T14:41:29","guid":{"rendered":"https:\/\/proaa.agency\/asystent-ds-opon\/"},"modified":"2024-05-01T05:53:08","modified_gmt":"2024-05-01T12:53:08","slug":"asystent-ds-opon","status":"publish","type":"page","link":"https:\/\/proaa.agency\/pl\/prototypy\/asystent-ds-opon\/","title":{"rendered":"Asystent ds. opon"},"content":{"rendered":"<p>[et_pb_section fb_built=&#8221;1&#8243; admin_label=&#8221;Flexile Hero 22&#8243; _builder_version=&#8221;4.25.0&#8243; _module_preset=&#8221;default&#8221; background_color=&#8221;#000000&#8243; use_background_color_gradient=&#8221;on&#8221; background_color_gradient_direction=&#8221;90deg&#8221; background_color_gradient_stops=&#8221;rgba(150,80,10,0.65) 5%|rgba(91,39,11,0.22) 50%&#8221; background_color_gradient_overlays_image=&#8221;on&#8221; background_color_gradient_start=&#8221;rgba(17,102,54,0.65)&#8221; background_color_gradient_start_position=&#8221;5%&#8221; background_color_gradient_end=&#8221;rgba(17,102,54,0.22)&#8221; background_color_gradient_end_position=&#8221;50%&#8221; background_image=&#8221;https:\/\/proaa.agency\/wp-content\/uploads\/2024\/04\/Tires-Assistant.webp&#8221; background_position=&#8221;center_right&#8221; background_blend=&#8221;multiply&#8221; min_height=&#8221;100vh&#8221; custom_margin=&#8221;0px||0px||true|false&#8221; custom_padding=&#8221;0px||0px||true|false&#8221; custom_css_main_element=&#8221;display: flex;||flex-wrap: wrap;||\/*align-content: flex-end;*\/&#8221; locked=&#8221;off&#8221; global_colors_info=&#8221;{}&#8221;][et_pb_row _builder_version=&#8221;4.25.0&#8243; _module_preset=&#8221;default&#8221; position_origin_a=&#8221;top_center&#8221; width=&#8221;100%&#8221; max_width=&#8221;100%&#8221; custom_margin=&#8221;0px||||false|false&#8221; custom_padding=&#8221;0px||0px||true|false&#8221; global_colors_info=&#8221;{}&#8221;][et_pb_column type=&#8221;4_4&#8243; _builder_version=&#8221;4.25.0&#8243; _module_preset=&#8221;default&#8221; global_colors_info=&#8221;{}&#8221;][et_pb_text module_class=&#8221;divioverlay-25366&#8243; _builder_version=&#8221;4.25.0&#8243; _module_preset=&#8221;default&#8221; header_2_font=&#8221;|600||on|||||&#8221; header_2_text_align=&#8221;center&#8221; background_color=&#8221;#FFC526&#8243; width=&#8221;100%&#8221; module_alignment=&#8221;center&#8221; custom_margin=&#8221;0px|0px|0px|0px|true|true&#8221; custom_padding=&#8221;5px|5px|0px|5px|false|true&#8221; global_colors_info=&#8221;{}&#8221;]<\/p>\n<h2>Kliknij tutaj \ud83d\udd17, aby otworzy\u0107 Asystenta<\/h2>\n<p>[\/et_pb_text][\/et_pb_column][\/et_pb_row][et_pb_row column_structure=&#8221;1_2,1_2&#8243; _builder_version=&#8221;4.25.0&#8243; _module_preset=&#8221;default&#8221; width=&#8221;90%&#8221; max_width=&#8221;1600px&#8221; module_alignment=&#8221;center&#8221; custom_margin=&#8221;||||false|false&#8221; custom_padding=&#8221;||||false|false&#8221; animation_style=&#8221;fade&#8221; animation_delay=&#8221;500ms&#8221; global_colors_info=&#8221;{}&#8221;][et_pb_column type=&#8221;1_2&#8243; _builder_version=&#8221;4.16&#8243; _module_preset=&#8221;default&#8221; global_colors_info=&#8221;{}&#8221;][et_pb_text admin_label=&#8221;Title&#8221; _builder_version=&#8221;4.25.0&#8243; _module_preset=&#8221;default&#8221; header_font=&#8221;Oswald|600||on|||||&#8221; header_text_color=&#8221;#ffffff&#8221; header_font_size=&#8221;80px&#8221; header_letter_spacing=&#8221;1px&#8221; background_enable_color=&#8221;off&#8221; custom_margin=&#8221;||15px||false|false&#8221; header_font_size_tablet=&#8221;45px&#8221; header_font_size_phone=&#8221;36px&#8221; header_font_size_last_edited=&#8221;on|tablet&#8221; header_text_shadow_style=&#8221;preset4&#8243; header_text_shadow_vertical_length=&#8221;0em&#8221; header_text_shadow_blur_strength=&#8221;0.16em&#8221; header_text_shadow_color=&#8221;#000000&#8243; global_colors_info=&#8221;{}&#8221;]<\/p>\n<h1>Podnie\u015b poziom obs\u0142ugi opon dzi\u0119ki Tires Assistant: Twojemu partnerowi biznesowemu opartemu na sztucznej inteligencji!<\/h1>\n<p>[\/et_pb_text][et_pb_text _builder_version=&#8221;4.25.0&#8243; _module_preset=&#8221;default&#8221; text_font=&#8221;Montserrat||||||||&#8221; text_text_color=&#8221;#ffffff&#8221; text_font_size=&#8221;18px&#8221; text_line_height=&#8221;1.5em&#8221; background_color=&#8221;rgba(0,0,0,0.71)&#8221; width=&#8221;90%&#8221; width_tablet=&#8221;100%&#8221; width_phone=&#8221;100%&#8221; width_last_edited=&#8221;on|phone&#8221; custom_margin=&#8221;||30px||false|false&#8221; custom_padding=&#8221;5px|5px|5px|5px|true|true&#8221; border_radii=&#8221;on|15px|15px|15px|15px&#8221; border_width_all=&#8221;1px&#8221; border_color_all=&#8221;rgba(255,255,255,0.5)&#8221; box_shadow_style=&#8221;preset1&#8243; box_shadow_color=&#8221;#FFFFFF&#8221; global_colors_info=&#8221;{}&#8221;]<\/p>\n<p><strong>Kompleksowe wsparcie i zarz\u0105dzanie<\/strong><br \/>Czy jeste\u015b przyt\u0142oczony codziennymi wymaganiami swojej firmy i nie wiesz, gdzie wdro\u017cy\u0107 ulepszenia? <strong>ProAAA zajmie si\u0119 wszystkim za Ciebie.<\/strong> Powierz nam zarz\u0105dzanie wszystkimi aspektami interakcji z klientem i ulepszanie us\u0142ug, <strong>aby\u015b m\u00f3g\u0142 skupi\u0107 si\u0119 na tym, co robisz najlepiej &#8211; prowadzeniu firmy.<\/strong><\/p>\n<p>[\/et_pb_text][et_pb_button button_url=&#8221;https:\/\/proaa.agency\/pl\/rezerwacja\/&#8221; url_new_window=&#8221;on&#8221; button_text=&#8221;Zarezerwuj bezp\u0142atn\u0105 rozmow\u0119&#8221; button_alignment=&#8221;center&#8221; admin_label=&#8221;Book Free Meeting Now&#8221; _builder_version=&#8221;4.25.0&#8243; _module_preset=&#8221;default&#8221; custom_button=&#8221;on&#8221; button_text_size=&#8221;16px&#8221; button_text_color=&#8221;#FFFFFF&#8221; button_bg_color=&#8221;#ff0000&#8243; button_bg_color_gradient_direction=&#8221;90deg&#8221; button_bg_color_gradient_stops=&#8221;#FF0000 0%|#f76b45 100%&#8221; button_bg_color_gradient_start=&#8221;#FF0000&#8243; button_bg_color_gradient_end=&#8221;#f76b45&#8243; button_border_width=&#8221;1px&#8221; button_border_color=&#8221;#FFFFFF&#8221; button_border_radius=&#8221;50px&#8221; button_font=&#8221;Poppins|600|||||||&#8221; button_use_icon=&#8221;off&#8221; z_index=&#8221;1&#8243; custom_padding=&#8221;15px|50px|15px|40px|false|false&#8221; custom_padding_tablet=&#8221;&#8221; custom_padding_phone=&#8221;10px|45px|10px|35px|false|false&#8221; custom_padding_last_edited=&#8221;on|phone&#8221; box_shadow_style=&#8221;preset1&#8243; box_shadow_blur=&#8221;44px&#8221; box_shadow_spread=&#8221;-3px&#8221; box_shadow_color=&#8221;#000000&#8243; global_colors_info=&#8221;{}&#8221; button_bg_color__hover_enabled=&#8221;on|hover&#8221; button_bg_color_gradient_start__hover=&#8221;#f76b45&#8243; button_bg_color_gradient_type__hover=&#8221;linear&#8221; button_bg_use_color_gradient__hover=&#8221;off&#8221; button_bg_color__hover=&#8221;#ffffff&#8221; button_bg_enable_color__hover=&#8221;on&#8221; button_text_color__hover_enabled=&#8221;on|hover&#8221; button_text_color__hover=&#8221;#ff0000&#8243; button_bg_color_gradient_stops__hover=&#8221;#f76b45 0%|#f76b45 100%&#8221; box_shadow_color__hover_enabled=&#8221;on|desktop&#8221; box_shadow_color__hover=&#8221;RGBA(255,255,255,0)&#8221;][\/et_pb_button][et_pb_text admin_label=&#8221;Content&#8221; _builder_version=&#8221;4.25.0&#8243; _module_preset=&#8221;default&#8221; text_font=&#8221;Montserrat||||||||&#8221; text_text_color=&#8221;#ffffff&#8221; text_font_size=&#8221;17px&#8221; text_line_height=&#8221;1.5em&#8221; background_color=&#8221;rgba(0,0,0,0.5)&#8221; text_orientation=&#8221;center&#8221; width=&#8221;90%&#8221; width_tablet=&#8221;100%&#8221; width_phone=&#8221;100%&#8221; width_last_edited=&#8221;on|phone&#8221; custom_margin=&#8221;||30px||false|false&#8221; custom_padding=&#8221;5px|5px|5px|5px|true|true&#8221; border_radii=&#8221;on|15px|15px|15px|15px&#8221; border_width_all=&#8221;1px&#8221; border_color_all=&#8221;#686868&#8243; global_colors_info=&#8221;{}&#8221; width__hover_enabled=&#8221;off|desktop&#8221;]<\/p>\n<p><strong>Do\u0142\u0105cz do grona profesjonalist\u00f3w z bran\u017cy oponiarskiej, kt\u00f3rzy rewolucjonizuj\u0105 interakcje z klientami i wydajno\u015b\u0107 operacyjn\u0105 dzi\u0119ki inteligentnemu Asystentowi do spraw opon.<\/strong><\/p>\n<p>\ud83d\udd27 <strong>Zwi\u0119kszenie wydajno\u015bci<\/strong> | \ud83d\udcc8 <strong>Zwi\u0119kszenie sprzeda\u017cy<\/strong> | \ud83d\udd04 <strong>Automatyzacja operacji<\/strong><\/p>\n<p>[\/et_pb_text][\/et_pb_column][et_pb_column type=&#8221;1_2&#8243; _builder_version=&#8221;4.16&#8243; _module_preset=&#8221;default&#8221; global_colors_info=&#8221;{}&#8221;][et_pb_text admin_label=&#8221;Content&#8221; _builder_version=&#8221;4.25.0&#8243; _module_preset=&#8221;default&#8221; text_font=&#8221;Montserrat||||||||&#8221; text_text_color=&#8221;#ffffff&#8221; text_font_size=&#8221;18px&#8221; text_line_height=&#8221;1.5em&#8221; background_color=&#8221;rgba(0,0,0,0.71)&#8221; width=&#8221;90%&#8221; width_tablet=&#8221;100%&#8221; width_phone=&#8221;100%&#8221; width_last_edited=&#8221;on|phone&#8221; custom_margin=&#8221;||30px||false|false&#8221; custom_padding=&#8221;5px|5px|5px|5px|true|true&#8221; hover_enabled=&#8221;0&#8243; border_radii=&#8221;on|15px|15px|15px|15px&#8221; border_width_all=&#8221;2px&#8221; border_color_all=&#8221;#000000&#8243; box_shadow_style=&#8221;preset1&#8243; box_shadow_color=&#8221;#000000&#8243; global_colors_info=&#8221;{}&#8221; width__hover_enabled=&#8221;off|desktop&#8221; sticky_enabled=&#8221;0&#8243;]<\/p>\n<p><strong>Dlaczego warto wybra\u0107 AI Asystenta ds. Opon?<\/strong><\/p>\n<p><strong>Zautomatyzowane interakcje z klientami:<\/strong> Upro\u015b\u0107 komunikacj\u0119 z klientami dzi\u0119ki odpowiedziom opartym na sztucznej inteligencji. Od obs\u0142ugi zapyta\u0144 po udzielanie rekomendacji dotycz\u0105cych opon, Tires Assistant anga\u017cuje klient\u00f3w szybko i profesjonalnie, skracaj\u0105c czas oczekiwania i poprawiaj\u0105c jako\u015b\u0107 us\u0142ug.<\/p>\n<p><strong>Inteligentne rekomendacje:<\/strong> Wykorzystaj nasz\u0105 technologi\u0119 sztucznej inteligencji, aby oferowa\u0107 spersonalizowane sugestie dotycz\u0105ce opon w oparciu o typ pojazdu, warunki jazdy i preferencje klienta.. Zwi\u0119ksz sprzeda\u017c i zaufanie klient\u00f3w dzi\u0119ki rekomendacjom, kt\u00f3re s\u0105 zar\u00f3wno inteligentne, jak i dostosowane do potrzeb ka\u017cdego klienta.<\/p>\n<p><strong>Wydajne planowanie serwisu:<\/strong> Optymalizacja przep\u0142ywu pracy dzi\u0119ki zautomatyzowanemu planowaniu. Tires Assistant mo\u017ce zarz\u0105dza\u0107 rezerwacjami, wysy\u0142a\u0107 przypomnienia i dostosowywa\u0107 harmonogramy w czasie rzeczywistym, uwalniaj\u0105c pracownik\u00f3w, aby mogli skupi\u0107 si\u0119 na \u015bwiadczeniu us\u0142ug na najwy\u017cszym poziomie.<\/p>\n<p><strong>Lepsze utrzymanie klient\u00f3w:<\/strong> Zadbaj o powracaj\u0105cych klient\u00f3w dzi\u0119ki usprawnionej obs\u0142udze, kt\u00f3ra stawia na pierwszym miejscu ich wygod\u0119 i czas. Tires Assistant pomaga budowa\u0107 trwa\u0142e relacje dzi\u0119ki sp\u00f3jnej, niezawodnej i spersonalizowanej obs\u0142udze. <\/p>\n<p><strong>Wieloj\u0119zyczna zawarto\u015b\u0107:<\/strong> Oferowanie tre\u015bci w wielu j\u0119zykach zwi\u0119kszy Tw\u00f3j zasi\u0119g i pomo\u017ce Ci nawi\u0105za\u0107 lepszy kontakt z mi\u0119dzynarodowymi klientami. Zapewni to, \u017ce Twoje us\u0142ugi b\u0119d\u0105 dost\u0119pne i odpowiednie dla zr\u00f3\u017cnicowanej bazy klient\u00f3w, poprawiaj\u0105c komunikacj\u0119 i zadowolenie klient\u00f3w. <\/p>\n<p>[\/et_pb_text][\/et_pb_column][\/et_pb_row][et_pb_row _builder_version=&#8221;4.25.0&#8243; _module_preset=&#8221;default&#8221; width=&#8221;100%&#8221; max_width=&#8221;100%&#8221; module_alignment=&#8221;center&#8221; custom_margin=&#8221;||0px||false|false&#8221; custom_padding=&#8221;0px||0px||true|false&#8221; global_colors_info=&#8221;{}&#8221;][et_pb_column type=&#8221;4_4&#8243; _builder_version=&#8221;4.25.0&#8243; _module_preset=&#8221;default&#8221; global_colors_info=&#8221;{}&#8221;][et_pb_text module_class=&#8221;divioverlay-25366&#8243; _builder_version=&#8221;4.25.0&#8243; _module_preset=&#8221;default&#8221; header_2_font=&#8221;|600||on|||||&#8221; header_2_text_align=&#8221;center&#8221; background_color=&#8221;#FFC526&#8243; width=&#8221;100%&#8221; module_alignment=&#8221;center&#8221; custom_margin=&#8221;0px|0px|0px|0px|true|true&#8221; custom_padding=&#8221;5px|5px|0px|5px|false|true&#8221; global_colors_info=&#8221;{}&#8221;]<\/p>\n<h2>Kliknij tutaj \ud83d\udd17, aby przetestowa\u0107<\/h2>\n<p>[\/et_pb_text][\/et_pb_column][\/et_pb_row][\/et_pb_section]<\/p>\n","protected":false},"excerpt":{"rendered":"<p>Odkryj moc sztucznej inteligencji dzi\u0119ki Tires Assistant, rewolucyjnemu narz\u0119dziu zaprojektowanemu w celu wyniesienia us\u0142ug oponiarskich na nowy poziom. Zarejestruj si\u0119 ju\u017c dzi\u015b, aby przetestowa\u0107 nasz zaawansowany prototyp i pozna\u0107 niezliczone korzy\u015bci, jakie oferuje. Od automatyzacji zapyta\u0144 klient\u00f3w i dostarczania precyzyjnych zalece\u0144 dotycz\u0105cych opon po efektywne zarz\u0105dzanie spotkaniami, Tires Assistant usprawnia operacje, zwi\u0119ksza zadowolenie klient\u00f3w i nap\u0119dza wzrost sprzeda\u017cy. Przekszta\u0142\u0107 sw\u00f3j biznes oponiarski dzi\u0119ki najnowocze\u015bniejszej technologii, kt\u00f3ra wyr\u00f3\u017cnia Ci\u0119 na tle konkurencji. Nie czekaj &#8211; przyjmij innowacje i b\u0105d\u017a liderem w doskona\u0142o\u015bci us\u0142ug!    <\/p>\n","protected":false},"author":1,"featured_media":25308,"parent":25486,"menu_order":0,"comment_status":"closed","ping_status":"closed","template":"","meta":{"_et_pb_use_builder":"on","_et_pb_old_content":"","_et_gb_content_width":"","footnotes":""},"class_list":["post-25320","page","type-page","status-publish","has-post-thumbnail","hentry"],"_links":{"self":[{"href":"https:\/\/proaa.agency\/pl\/wp-json\/wp\/v2\/pages\/25320","targetHints":{"allow":["GET"]}}],"collection":[{"href":"https:\/\/proaa.agency\/pl\/wp-json\/wp\/v2\/pages"}],"about":[{"href":"https:\/\/proaa.agency\/pl\/wp-json\/wp\/v2\/types\/page"}],"author":[{"embeddable":true,"href":"https:\/\/proaa.agency\/pl\/wp-json\/wp\/v2\/users\/1"}],"replies":[{"embeddable":true,"href":"https:\/\/proaa.agency\/pl\/wp-json\/wp\/v2\/comments?post=25320"}],"version-history":[{"count":46,"href":"https:\/\/proaa.agency\/pl\/wp-json\/wp\/v2\/pages\/25320\/revisions"}],"predecessor-version":[{"id":25671,"href":"https:\/\/proaa.agency\/pl\/wp-json\/wp\/v2\/pages\/25320\/revisions\/25671"}],"up":[{"embeddable":true,"href":"https:\/\/proaa.agency\/pl\/wp-json\/wp\/v2\/pages\/25486"}],"wp:featuredmedia":[{"embeddable":true,"href":"https:\/\/proaa.agency\/pl\/wp-json\/wp\/v2\/media\/25308"}],"wp:attachment":[{"href":"https:\/\/proaa.agency\/pl\/wp-json\/wp\/v2\/media?parent=25320"}],"curies":[{"name":"wp","href":"https:\/\/api.w.org\/{rel}","templated":true}]}}