{"id":22600,"date":"2024-03-22T13:33:27","date_gmt":"2024-03-22T20:33:27","guid":{"rendered":"https:\/\/proaa.agency\/rezerwacja\/"},"modified":"2025-01-30T07:28:24","modified_gmt":"2025-01-30T14:28:24","slug":"rezerwacja","status":"publish","type":"page","link":"https:\/\/proaa.agency\/pl\/rezerwacja\/","title":{"rendered":"Rezerwacja"},"content":{"rendered":"<p>[et_pb_section fb_built=&#8221;1&#8243; _builder_version=&#8221;4.24.2&#8243; _module_preset=&#8221;default&#8221; custom_margin=&#8221;0px||||false|false&#8221; custom_padding=&#8221;0px||||false|false&#8221; global_colors_info=&#8221;{}&#8221;][et_pb_row _builder_version=&#8221;4.24.2&#8243; _module_preset=&#8221;default&#8221; global_colors_info=&#8221;{}&#8221;][et_pb_column type=&#8221;4_4&#8243; _builder_version=&#8221;4.24.2&#8243; _module_preset=&#8221;default&#8221; global_colors_info=&#8221;{}&#8221;][et_pb_code _builder_version=&#8221;4.24.2&#8243; _module_preset=&#8221;default&#8221; global_colors_info=&#8221;{}&#8221;]<\/p>\n<div class=\"tidycal-embed\" data-path=\"proaaa\"><\/div>\n<p>          <!-- [et_pb_line_break_holder] --><br \/>\n          <script src=\"https:\/\/asset-tidycal.b-cdn.net\/js\/embed.js\" async=\"\"><\/script>[\/et_pb_code][\/et_pb_column][\/et_pb_row][\/et_pb_section]<\/p>\n","protected":false},"excerpt":{"rendered":"<p>Poznaj r\u00f3\u017cnorodne sesje coachingowe: od uruchamiania firm, sztucznej inteligencji, automatyzacji, po rozw\u00f3j osobisty. Uwolnij sw\u00f3j potencja\u0142 ju\u017c dzi\u015b!<\/p>\n","protected":false},"author":1,"featured_media":22493,"parent":0,"menu_order":0,"comment_status":"closed","ping_status":"closed","template":"","meta":{"_et_pb_use_builder":"on","_et_pb_old_content":"","_et_gb_content_width":"","footnotes":""},"class_list":["post-22600","page","type-page","status-publish","has-post-thumbnail","hentry"],"_links":{"self":[{"href":"https:\/\/proaa.agency\/pl\/wp-json\/wp\/v2\/pages\/22600","targetHints":{"allow":["GET"]}}],"collection":[{"href":"https:\/\/proaa.agency\/pl\/wp-json\/wp\/v2\/pages"}],"about":[{"href":"https:\/\/proaa.agency\/pl\/wp-json\/wp\/v2\/types\/page"}],"author":[{"embeddable":true,"href":"https:\/\/proaa.agency\/pl\/wp-json\/wp\/v2\/users\/1"}],"replies":[{"embeddable":true,"href":"https:\/\/proaa.agency\/pl\/wp-json\/wp\/v2\/comments?post=22600"}],"version-history":[{"count":8,"href":"https:\/\/proaa.agency\/pl\/wp-json\/wp\/v2\/pages\/22600\/revisions"}],"predecessor-version":[{"id":26098,"href":"https:\/\/proaa.agency\/pl\/wp-json\/wp\/v2\/pages\/22600\/revisions\/26098"}],"wp:featuredmedia":[{"embeddable":true,"href":"https:\/\/proaa.agency\/pl\/wp-json\/wp\/v2\/media\/22493"}],"wp:attachment":[{"href":"https:\/\/proaa.agency\/pl\/wp-json\/wp\/v2\/media?parent=22600"}],"curies":[{"name":"wp","href":"https:\/\/api.w.org\/{rel}","templated":true}]}}