{"id":26773,"date":"2025-03-05T03:56:45","date_gmt":"2025-03-05T10:56:45","guid":{"rendered":"https:\/\/proaa.agency\/entdecken-sie-ai-automatisierungsloesungen\/copywriting-jobs-remote-die-macht-der-ai-copywriting-agent\/"},"modified":"2025-03-05T04:14:22","modified_gmt":"2025-03-05T11:14:22","slug":"copywriting-jobs-remote-die-macht-der-ai-copywriting-agent","status":"publish","type":"page","link":"https:\/\/proaa.agency\/de\/entdecken-sie-ai-automatisierungsloesungen\/copywriting-jobs-remote-die-macht-der-ai-copywriting-agent\/","title":{"rendered":"Copywriting Jobs Remote &#8211; Die Macht der AI Copywriting Agent"},"content":{"rendered":"<p>[et_pb_section fb_built=&#8220;1&#8243; _builder_version=&#8220;4.27.4&#8243; _module_preset=&#8220;default&#8220; custom_padding=&#8220;0px||||false|false&#8220; global_colors_info=&#8220;{}&#8220;][et_pb_row _builder_version=&#8220;4.27.4&#8243; _module_preset=&#8220;default&#8220; global_colors_info=&#8220;{}&#8220;][et_pb_column type=&#8220;4_4&#8243; _builder_version=&#8220;4.27.4&#8243; _module_preset=&#8220;default&#8220; global_colors_info=&#8220;{}&#8220;][et_pb_heading title=&#8220;@ET-DC@eyJkeW5hbWljIjp0cnVlLCJjb250ZW50IjoicG9zdF90aXRsZSIsInNldHRpbmdzIjp7ImJlZm9yZSI6IiIsImFmdGVyIjoiIn19@&#8220; _builder_version=&#8220;4.27.4&#8243; _dynamic_attributes=&#8220;title&#8220; _module_preset=&#8220;default&#8220; title_font=&#8220;|700|||||||&#8220; title_text_align=&#8220;center&#8220; title_font_size=&#8220;2.5em&#8220; global_colors_info=&#8220;{}&#8220;][\/et_pb_heading][et_pb_heading title=&#8220;\ud83d\ude80 Entfesseln Sie die Zukunft der Inhaltserstellung mit unserem AI Copywriter Agent&#8220; _builder_version=&#8220;4.27.4&#8243; _module_preset=&#8220;default&#8220; title_level=&#8220;h2&#8243; title_font=&#8220;|600|||||||&#8220; title_text_align=&#8220;center&#8220; title_font_size=&#8220;20px&#8220; global_colors_info=&#8220;{}&#8220;][\/et_pb_heading][et_pb_text _builder_version=&#8220;4.27.4&#8243; _module_preset=&#8220;default&#8220; text_font=&#8220;|600|||||||&#8220; text_font_size=&#8220;16px&#8220; link_font=&#8220;|700|||on||||&#8220; link_text_color=&#8220;#FF3DAE&#8220; header_2_text_color=&#8220;#772DFF&#8220; text_orientation=&#8220;center&#8220; hover_enabled=&#8220;0&#8243; global_colors_info=&#8220;{}&#8220; link_text_color__hover_enabled=&#8220;on|desktop&#8220; link_text_color__hover=&#8220;#FFC526&#8243; sticky_enabled=&#8220;0&#8243;]<\/p>\n<h2>\n            <strong>Revolutionieren Sie Ihre Inhalte mit SEO-optimiertem AI Copywriter Agent<\/strong><br \/>\n          <\/h2>\n<p>\n            <em>Rationalisieren Sie die Erstellung Ihrer Inhalte, steigern Sie das Engagement und skalieren Sie m\u00fchelos mit unserer KI-gesteuerten Copywriting-L\u00f6sung. <a title=\"Buchen Sie eine kostenlose Beratung mit unseren AI-Experten\" href=\"https:\/\/proaa.agency\/free\/consultations\" target=\"_blank\" rel=\"noopener\">KOSTENLOSE BERATUNG BUCHEN<\/a> Wir bieten Ihnen eine vollst\u00e4ndige Automatisierung Ihrer Content-Strategie mit dem Ziel des Marketingerfolgs. <br \/>Erfahren Sie mehr \u00fcber unsere <a title=\"Entdecken Sie unsere Komplettl\u00f6sung f\u00fcr Werbetexter\" href=\"https:\/\/icz.agency\/check\/web-and-crm-for-ai\" target=\"_blank\" rel=\"noopener\"><strong>Komplette Copywriter-L\u00f6sung<\/strong><\/a><\/em>\n          <\/p>\n<p>[\/et_pb_text][et_pb_button button_url=&#8220;https:\/\/proaa.agency\/free\/consultations&#8220; url_new_window=&#8220;on&#8220; button_text=&#8220;BUCHEN Sie Ihre KOSTENLOSEN Beratungen&#8220; button_alignment=&#8220;center&#8220; _builder_version=&#8220;4.27.4&#8243; _module_preset=&#8220;default&#8220; custom_button=&#8220;on&#8220; button_text_color=&#8220;#FFFFFF&#8220; button_bg_color=&#8220;#772DFF&#8220; button_border_color=&#8220;#FFFFFF&#8220; button_font=&#8220;|600|||||||&#8220; button_use_icon=&#8220;off&#8220; global_colors_info=&#8220;{}&#8220; button_border_color__hover_enabled=&#8220;on|hover&#8220; button_bg_color__hover_enabled=&#8220;on|hover&#8220; button_text_color__hover_enabled=&#8220;on|hover&#8220; button_text_color__hover=&#8220;#000000&#8243; button_bg_color__hover=&#8220;#FFC526&#8243; button_bg_enable_color__hover=&#8220;on&#8220; button_border_color__hover=&#8220;#000000&#8243;][\/et_pb_button][\/et_pb_column][\/et_pb_row][et_pb_row column_structure=&#8220;2_5,3_5&#8243; use_custom_gutter=&#8220;on&#8220; gutter_width=&#8220;2&#8243; _builder_version=&#8220;4.27.4&#8243; _module_preset=&#8220;default&#8220; width_tablet=&#8220;&#8220; width_phone=&#8220;&#8220; width_last_edited=&#8220;on|phone&#8220; max_width=&#8220;1200px&#8220; global_colors_info=&#8220;{}&#8220;][et_pb_column type=&#8220;2_5&#8243; _builder_version=&#8220;4.27.4&#8243; _module_preset=&#8220;default&#8220; global_colors_info=&#8220;{}&#8220;][et_pb_image src=&#8220;https:\/\/proaa.agency\/wp-content\/uploads\/2025\/03\/AI-Copywriting-Agent-YouTube.webp&#8220; alt=&#8220;AI Copywriting Agent &#8211; YouTube Video abspielen&#8220; title_text=&#8220;AI Copywriting Agent &#8211; YouTube Video abspielen&#8220; url=&#8220;#overlay-26757&#8243; use_overlay=&#8220;on&#8220; overlay_icon_color=&#8220;#81F911&#8243; hover_overlay_color=&#8220;rgba(0,0,0,0.85)&#8220; hover_icon=&#8220;&#xf04b;||fa||900&#8243; align=&#8220;center&#8220; _builder_version=&#8220;4.27.4&#8243; _module_preset=&#8220;default&#8220; hover_enabled=&#8220;0&#8243; global_colors_info=&#8220;{}&#8220; sticky_enabled=&#8220;0&#8243;][\/et_pb_image][et_pb_code _builder_version=&#8220;4.27.4&#8243; _module_preset=&#8220;default&#8220; sticky_position=&#8220;top&#8220; sticky_limit_bottom=&#8220;row&#8220; sticky_position_tablet=&#8220;none&#8220; sticky_position_phone=&#8220;none&#8220; sticky_position_last_edited=&#8220;on|phone&#8220; global_colors_info=&#8220;{}&#8220;]<iframe loading=\"lazy\" src=\"https:\/\/my.icz.agency\/forms\/userform\/4f03de8f-1fc5-4958-a23a-8e05bfc93137\" width=\"100%\" height=\"850\" title=\"Forms\"> <\/iframe>[\/et_pb_code][\/et_pb_column][et_pb_column type=&#8220;3_5&#8243; _builder_version=&#8220;4.27.4&#8243; _module_preset=&#8220;default&#8220; global_colors_info=&#8220;{}&#8220;][et_pb_text ul_position=&#8220;inside&#8220; ul_item_indent=&#8220;25px&#8220; ol_item_indent=&#8220;25px&#8220; _builder_version=&#8220;4.27.4&#8243; _module_preset=&#8220;default&#8220; global_colors_info=&#8220;{}&#8220;]<\/p>\n<h2>\n            <strong>Was ist der AI Copywriter Agent?<\/strong><br \/>\n          <\/h2>\n<p>\n            <strong>Unser AI Copywriter Agent ist eine vertikale KI-L\u00f6sung, die ausschlie\u00dflich f\u00fcr Content-Ersteller und Online-Unternehmer entwickelt wurde. Er automatisiert Ihren gesamten Content-Workflow und erm\u00f6glicht es Ihnen,: <\/strong>\n          <\/p>\n<ul>\n<li>\ud83d\udd0d <strong>Recherchieren Sie aktuelle Themen:<\/strong> Entdecken Sie die neuesten Trends, die Ihr Zielpublikum fesseln.<\/li>\n<li>\ud83d\udcdd <strong>Entwerfen Sie umfassende Artikelpl\u00e4ne:<\/strong> Organisieren Sie Ihre Ideen mit detaillierten Gliederungen, die Sie beim Schreiben unterst\u00fctzen.<\/li>\n<li>\ud83d\udd17 <strong>Links recherchieren und validieren:<\/strong> Finden Sie ma\u00dfgebliche Quellen und entwickeln Sie eine solide Backlink-Strategie.<\/li>\n<li>\u270d\ufe0f <strong>Erstellen Sie vollst\u00e4ndige Artikel:<\/strong> Erstellen Sie gut recherchierte, ansprechende Inhalte, die auf Ihre Nische zugeschnitten sind.<\/li>\n<li>\ud83d\udce4 <strong>Nahtloses Hochladen von Entw\u00fcrfen:<\/strong> Laden Sie Ihre Inhalte automatisch als WordPress-Entwurf zur weiteren \u00dcberpr\u00fcfung hoch.<\/li>\n<li>\ud83d\uddbc\ufe0f <strong>Generieren Sie relevante Bilder:<\/strong> Erstellen Sie oder fordern Sie KI-generierte Bilder an, die Ihre Artikel perfekt erg\u00e4nzen.<\/li>\n<\/ul>\n<p>\ud83d\udc49 <strong>Der AI Copywriter Agent \u00e4ndert alles.<\/strong> Er hilft nicht nur &#8211; er <strong>\u00fcbernimmt den gesamten Prozess, spart Zeit und steigert die Effizienz.<\/strong><\/p>\n<p>[\/et_pb_text][et_pb_text ul_position=&#8220;inside&#8220; ul_item_indent=&#8220;25px&#8220; ol_item_indent=&#8220;25px&#8220; _builder_version=&#8220;4.27.4&#8243; _module_preset=&#8220;default&#8220; custom_margin=&#8220;50px||||false|false&#8220; global_colors_info=&#8220;{}&#8220;]<\/p>\n<h2 data-start=\"1231\" data-end=\"1272\">\ud83c\udf1f Warum sollten Sie unseren AI Copywriter Agent w\u00e4hlen?<\/h2>\n<p data-start=\"1274\" data-end=\"1436\">In der wettbewerbsintensiven digitalen Landschaft von heute ist die Produktion konsistenter, hochwertiger Inhalte ein entscheidender Faktor. Hier erfahren Sie, warum unser AI Copywriter Agent die beste L\u00f6sung f\u00fcr Sie ist: <\/p>\n<ul data-start=\"1438\" data-end=\"1881\">\n<li data-start=\"1438\" data-end=\"1541\"><strong data-start=\"1440\" data-end=\"1464\">\u23f1\ufe0f Steigern Sie die Effizienz:<\/strong> Automatisieren Sie zeitraubende Aufgaben, damit Sie sich auf das strategische Wachstum Ihres Unternehmens konzentrieren k\u00f6nnen.<\/li>\n<li data-start=\"1542\" data-end=\"1641\"><strong data-start=\"1544\" data-end=\"1572\">\ud83c\udfaf Bewahren Sie Konsistenz:<\/strong> Stellen Sie sicher, dass der Ton und der Stil Ihrer Marke in jedem Artikel einheitlich sind.<\/li>\n<li data-start=\"1642\" data-end=\"1752\"><strong data-start=\"1644\" data-end=\"1663\">\ud83d\udcc8 Verbessern Sie SEO:<\/strong> Nutzen Sie die integrierten SEO-Best Practices, damit Ihre Inhalte in den Suchergebnissen besser platziert werden.<\/li>\n<li data-start=\"1753\" data-end=\"1881\"><strong data-start=\"1755\" data-end=\"1782\">\ud83d\udca1 Skalieren Sie Ihr Unternehmen:<\/strong> Egal, ob Sie ein Einzelunternehmer oder Teil eines wachsenden Teams sind, unsere L\u00f6sung passt sich Ihren Bed\u00fcrfnissen an.<\/li>\n<\/ul>\n<p>[\/et_pb_text][et_pb_text ul_position=&#8220;inside&#8220; ul_item_indent=&#8220;25px&#8220; ol_item_indent=&#8220;25px&#8220; _builder_version=&#8220;4.27.4&#8243; _module_preset=&#8220;default&#8220; custom_margin=&#8220;50px||||false|false&#8220; global_colors_info=&#8220;{}&#8220;]<\/p>\n<h2>\n            <strong>\ud83d\ude80 Erfolgsgeschichten aus der realen Welt: Wie KI-Texter-Agenten die Inhaltserstellung ver\u00e4ndern<\/strong><br \/>\n          <\/h2>\n<p>KI-Copywriting-Agenten <strong>revolutionieren die Erstellung von Inhalten<\/strong> und verbessern <strong>Effizienz<\/strong>, <strong>Engagement<\/strong> und <strong>Konversionsraten<\/strong> wie nie zuvor. Hier erfahren Sie, wie Unternehmen KI nutzen, um <strong>das Schreiben zu automatisieren, Zeit zu sparen und den Gewinn zu steigern!<\/strong> \ud83d\udc47 <\/p>\n<hr>\n<h2>\n            <strong>\ud83d\udcbc KI im Bankwesen: 2x h\u00f6here Click-Through-Raten<\/strong><br \/>\n          <\/h2>\n<p>Ein gro\u00dfes Finanzinstitut integrierte <strong>KI-generierte Anzeigentexte<\/strong> und verzeichnete einen <strong>Anstieg der Klickraten um 100%<\/strong>! \ud83d\udcc8 \u2705 <strong>\u00dcberzeugende und personalisierte Anzeigentexte<\/strong> \u2705 <strong>H\u00f6heres Engagement der Zielgruppen<\/strong> \u2705 <strong>Niedrigere Kosten pro Akquisition<\/strong><br \/><strong>Ergebnis?<\/strong> Mehr Leads, mehr Konversionen und <strong>ein h\u00f6herer Marketing-ROI!<\/strong> \ud83d\udca1<\/p>\n<hr>\n<h2>\n            <strong>\ud83d\uded2 KI im E-Commerce: 4,2% mehr Klicks &amp; 3,6% h\u00f6here Konversionen<\/strong><br \/>\n          <\/h2>\n<p>Ein E-Commerce-Gigant setzte KI zur <strong>Erstellung von Produktbeschreibungen<\/strong> ein, was zu: \ud83d\udd25 <strong>4,22% Steigerung der Klickrate<\/strong> \ud83d\udd25 <strong>3,61% Steigerung der Konversionsrate<\/strong> \ud83d\udd25 <strong>Verbessertes Einkaufserlebnis &amp; h\u00f6herer Umsatz<\/strong><br \/>\ud83d\udca1 <strong>KI-gesteuerte Inhalte heben Produkte hervor und steigern den Umsatz!<\/strong><\/p>\n<hr>\n<h2>\n            <strong>\ud83c\udfa8 KI im Marketing: 40% h\u00f6herer ROI f\u00fcr Anzeigen<\/strong><br \/>\n          <\/h2>\n<p>Ein schnell wachsendes Startup nutzte KI-generierte Texte f\u00fcr digitale Anzeigen und erzielte: \ud83d\udccd <strong>40%ige Steigerung der Kapitalrendite (ROI)<\/strong> \ud83d\udccd <strong>H\u00f6heres Engagement bei den Zielgruppen<\/strong> \ud83d\udccd <strong>3,3 Milliarden Impressionen durch KI-optimierte Anzeigen<\/strong><br \/>\ud83d\udca1 <strong>KI-generierte Inhalte sorgen f\u00fcr eine bessere Anzeigenleistung und eine h\u00f6here Sichtbarkeit der Marke!<\/strong><\/p>\n<hr>\n<h2>\n            <strong>\ud83d\udecd\ufe0f KI im Einzelhandel: St\u00e4rkere Kundenbindung<\/strong><br \/>\n          <\/h2>\n<p>Eine globale Einzelhandelsmarke implementierte KI-generierte Inhalte f\u00fcr soziale Medien und erlebte: \u2714\ufe0f <strong>H\u00f6here Interaktionsraten beim Publikum<\/strong> \u2714\ufe0f <strong>Mehr organisches Engagement f\u00fcr Markenbeitr\u00e4ge<\/strong> \u2714\ufe0f <strong>H\u00f6here Kundentreue und -bindung<\/strong><br \/>\ud83d\udca1 <strong>KI-gest\u00fctzte Texte halten die Kunden bei der Stange und st\u00e4rken die Markenpr\u00e4senz!<\/strong><\/p>\n<hr>\n<h1>\n            <strong>\u26a1 Sind Sie bereit, Ihre Inhalte mit KI zu optimieren?<\/strong><br \/>\n          <\/h1>\n<p>KI-Werbetexter sind bereits in vielen Branchen <strong>erfolgreich<\/strong>. Ob im <strong>Bankwesen, im E-Commerce, im Marketing oder im Einzelhandel<\/strong>&#8211; KI-generierte Inhalte machen Unternehmen <strong>produktiver, effizienter und profitabler<\/strong>.<br \/>\ud83d\ude80 <strong>Lassen Sie sich nicht abh\u00e4ngen &#8211; beginnen Sie noch heute mit der Automatisierung Ihrer Inhalte!<\/strong> <a title=\"Link zum Kalender, in dem Sie kostenlose Beratungsgespr\u00e4che mit unserem AI-Experten buchen k\u00f6nnen\" href=\"https:\/\/proaa.agency\/free\/consultations\" target=\"_blank\" rel=\"noopener\"><strong>KLICKen Sie jetzt f\u00fcr den Einstieg<\/strong><\/a> \ud83d\udd25 <\/p>\n<p>[\/et_pb_text][et_pb_text ul_position=&#8220;inside&#8220; ul_item_indent=&#8220;25px&#8220; ol_item_indent=&#8220;25px&#8220; _builder_version=&#8220;4.27.4&#8243; _module_preset=&#8220;default&#8220; custom_margin=&#8220;50px||||false|false&#8220; global_colors_info=&#8220;{}&#8220;]<\/p>\n<h2>\ud83d\udd25 \u00dcberwindung h\u00e4ufiger Einw\u00e4nde gegen die Gr\u00fcndung eines Online-Gesch\u00e4fts<\/h2>\n<p>Die Gr\u00fcndung eines Online-Gesch\u00e4fts kann sich \u00fcberw\u00e4ltigend anf\u00fchlen. Viele Unternehmer z\u00f6gern aufgrund der \u00fcblichen Bedenken. Hier erfahren Sie, wie unser AI Copywriter Agent diese Hindernisse beseitigt und die Erstellung von Inhalten m\u00fchelos macht.  <\/p>\n<\/p>\n<h3>\u23f3 <strong>&#8222;Ich habe keine Zeit, um qualitativ hochwertige Inhalte zu erstellen&#8220;.<\/strong><\/h3>\n<p>Die Erstellung hochwertiger Inhalte braucht Zeit, und als Gesch\u00e4ftsinhaber haben Sie bereits eine Menge zu tun. Unser AI Copywriter Agent nimmt Ihnen die schwere Arbeit ab. <\/p>\n<p>\u2705 Automatisiert das Recherchieren, Verfassen und Bearbeiten, damit Sie sich auf Ihr Wachstum konzentrieren k\u00f6nnen.<br \/>\u2705 Sparen Sie Stunden pro Woche, indem Sie den gesamten Content-Workflow \u00fcbernehmen.<br \/>\u2705 H\u00e4lt die Produktion von Inhalten rund um die Uhr am Laufen, ohne dass Sie st\u00e4ndig eingreifen m\u00fcssen.<\/p>\n<p>\ud83d\udca1 <strong>Weniger Zeit zum Schreiben, mehr Zeit zum Aufbau Ihres Unternehmens!<\/strong><\/p>\n<\/p>\n<h3>\ud83d\udda5\ufe0f <strong>&#8222;Mir fehlt es an technischen F\u00e4higkeiten und Schreibkenntnissen&#8220;.<\/strong><\/h3>\n<p>Viele angehende Unternehmer machen sich Sorgen, dass sie nicht \u00fcber die F\u00e4higkeiten verf\u00fcgen, \u00fcberzeugende Inhalte zu erstellen. Unsere KI sorgt daf\u00fcr, dass das kein Hindernis ist. <\/p>\n<p>\u2705 Entwickelt f\u00fcr Anf\u00e4nger und Profis &#8211; keine technischen Kenntnisse erforderlich.<br \/>\u2705 Schritt-f\u00fcr-Schritt-Anleitungen sorgen daf\u00fcr, dass jeder \u00fcberzeugende Inhalte erstellen kann.<br \/>\u2705 Die KI passt sich an den Ton Ihrer Marke an und macht das Schreiben einfacher denn je.<\/p>\n<p>\ud83d\udca1 <strong>Keine Erfahrung? Kein Problem! KI macht die Erstellung von Inhalten einfach.  <\/strong><\/p>\n<\/p>\n<h3>\ud83d\udcb0 <strong>&#8222;Es ist zu teuer, in professionelle Inhaltserstellung zu investieren&#8220;.<\/strong><\/h3>\n<p>Das Anheuern von Autoren und das Auslagern von Inhalten kann kostspielig sein, aber AI Copywriting bietet eine budgetfreundliche Alternative.<\/p>\n<p>\u2705 G\u00fcnstiger als die Einstellung eines Vollzeitautors oder Freiberuflers.<br \/>\u2705 Generieren Sie unbegrenzte Inhalte zu einem Bruchteil der Kosten.<br \/>\u2705 Skaliert mit Ihrem Unternehmen, ohne die Gemeinkosten zu erh\u00f6hen.<\/p>\n<p>\ud83d\udca1 <strong>Hochwertige Inhalte, ohne die Bank zu sprengen!<\/strong><\/p>\n<\/p>\n<h3>\ud83d\udd0d <strong>&#8222;Ich mache mir Sorgen um SEO und Online-Sichtbarkeit&#8220;.<\/strong><\/h3>\n<p>Inhalte, die nicht f\u00fcr Suchmaschinen optimiert sind, k\u00f6nnen unbemerkt bleiben. Unsere KI sorgt daf\u00fcr, dass jeder Beitrag SEO-freundlich und einsatzbereit ist. <\/p>\n<p>\u2705 KI optimiert Inhalte mit integrierten SEO-Best-Practices.<br \/>\u2705 Hilft, in Suchmaschinen besser zu ranken, um mehr organischen Traffic anzuziehen.<br \/>\u2705 Empfiehlt Backlink-Strategien zur Steigerung der Autorit\u00e4t.<\/p>\n<p>\ud83d\udca1 <strong>Mehr Verkehr, mehr Engagement, mehr Wachstum!<\/strong><\/p>\n<\/p>\n<h3>\ud83c\udfa8 <strong>&#8222;Konsistente Qualit\u00e4t aufrechtzuerhalten, scheint \u00fcberw\u00e4ltigend zu sein&#8220;.<\/strong><\/h3>\n<p>Markenkonsistenz ist entscheidend f\u00fcr die Glaubw\u00fcrdigkeit, aber sie \u00fcber mehrere Inhalte hinweg aufrechtzuerhalten, kann eine Herausforderung sein. Unsere KI l\u00f6st dieses Problem. <\/p>\n<p>\u2705 Stellt sicher, dass jeder Artikel mit der Stimme Ihrer Marke \u00fcbereinstimmt.<br \/>\u2705 Erstellt Inhalte mit einheitlichem Ton und Struktur.<br \/>\u2705 Eliminiert menschliche Fehler beim Schreiben und Bearbeiten.<\/p>\n<p>\ud83d\udca1 <strong>AI sorgt daf\u00fcr, dass Ihre Inhalte ausgefeilt und professionell sind.<\/strong><\/p>\n<\/p>\n<h3>\ud83d\udc69\u200d\ud83d\udc67 <strong>&#8222;Ich bin eine alleinerziehende Mutter und der Spagat zwischen den famili\u00e4ren Pflichten f\u00fchlt sich \u00fcberw\u00e4ltigend an.&#8220;<\/strong><\/h3>\n<p>Es ist nicht einfach, famili\u00e4re Pflichten zu erf\u00fcllen und gleichzeitig ein Unternehmen aufzubauen. Unser AI Copywriter Agent erleichtert Ihnen diese Aufgabe. <\/p>\n<p>\u2705 Sparen Sie Zeit, indem Sie die Erstellung von Inhalten automatisieren.<br \/>\u2705 Erm\u00f6glicht es Ihnen, ein inhaltsorientiertes Unternehmen zu f\u00fchren und gleichzeitig Ihr Familienleben zu managen.<br \/>\u2705 Generiert m\u00fchelos Artikel, auch wenn Sie besch\u00e4ftigt sind.<\/p>\n<p>\ud83d\udca1 <strong>Erstellen Sie Inhalte nach Ihrem Zeitplan, ohne Stress!<\/strong><\/p>\n<\/p>\n<h3>\ud83c\udf31 <strong>&#8222;Ich m\u00f6chte ein Nebengewerbe beginnen, habe aber keine Erfahrung.&#8220;<\/strong><\/h3>\n<p>Der Start eines Nebengewerbes kann ohne Erfahrung einsch\u00fcchternd sein, aber AI macht die Erstellung von Inhalten m\u00fchelos.<\/p>\n<p>\u2705 Bietet schrittweise Unterst\u00fctzung bei der Erstellung von Inhalten.<br \/>\u2705 Hilft Anf\u00e4ngern, im Handumdrehen professionelle Inhalte zu erstellen.<br \/>\u2705 F\u00fchrt Sie durch den Prozess und macht den Online-Erfolg einfacher.<\/p>\n<p>\ud83d\udca1 <strong>Verwandeln Sie Ihren Nebenerwerb in ein florierendes Online-Gesch\u00e4ft!<\/strong><\/p>\n<\/p>\n<h3>\ud83c\udfc6 <strong>&#8222;Als Veteran f\u00e4llt es mir schwer, mich auf eine Online-Karriere umzustellen.&#8220;<\/strong><\/h3>\n<p>Der Wechsel von einer strukturierten Karriere zum Online-Unternehmertum kann \u00fcberw\u00e4ltigend sein. Unser KI-Texter-Agent macht den \u00dcbergang reibungsloser. <\/p>\n<p>\u2705 Die KI \u00fcbernimmt die schwere Arbeit, w\u00e4hrend Sie sich auf die Strategie konzentrieren.<br \/>\u2705 Beseitigt die Einstiegsh\u00fcrden mit einem einfach zu bedienenden System.<br \/>\u2705 Hilft Ihnen, Ihr Fachwissen in ein Online-Gesch\u00e4ftsmodell einzubringen.<\/p>\n<p>\ud83d\udca1 <strong>Ein reibungsloser \u00dcbergang ins digitale Unternehmertum!<\/strong><\/p>\n<\/p>\n<h3>\ud83c\udfc5 <strong>&#8222;Ich mache mir Sorgen um den harten Wettbewerb und darum, aus der Masse herauszustechen.&#8220;<\/strong><\/h3>\n<p>Bei der F\u00fclle an Online-Inhalten ist es wichtig, dass Sie sich abheben. AI sorgt daf\u00fcr, dass Ihre Inhalte aus dem Rauschen herausstechen. <\/p>\n<p>\u2705 Erstellen Sie einzigartige, ansprechende und SEO-optimierte Inhalte.<br \/>\u2705 Bietet datengest\u00fctzte Erkenntnisse, damit Ihre Artikel besser abschneiden als die der Konkurrenz.<br \/>\u2705 H\u00e4lt Ihre Marke mit KI-gest\u00fctzten Strategien an der Spitze.<\/p>\n<p>\ud83d\udca1 <strong>AI hilft Ihren Inhalten, in einem \u00fcberf\u00fcllten Markt zu gl\u00e4nzen!<\/strong><\/p>\n<\/p>\n<h3>\u2699\ufe0f <strong>&#8222;Die technische Seite der Verwaltung eines Online-Gesch\u00e4fts scheint zu kompliziert zu sein&#8220;.<\/strong><\/h3>\n<p>Technische Barrieren sollten Sie nicht davon abhalten, ein erfolgreiches Unternehmen aufzubauen. Unsere KI vereinfacht den Prozess. <\/p>\n<p>\u2705 Automatisiert das Hochladen und Formatieren f\u00fcr einen nahtlosen Prozess.<br \/>\u2705 Erledigt die Backend-Arbeiten, damit Sie sich auf Ihre Marke konzentrieren k\u00f6nnen.<br \/>\u2705 Vereinfacht SEO, Verlinkung und Optimierung &#8211; kein Fachwissen erforderlich.<\/p>\n<p>\ud83d\udca1 <strong>KI macht die Erstellung von Inhalten einfach und stressfrei!<\/strong><\/p>\n<\/p>\n<h2>\u26a1 Sind Sie bereit, Ihr Online-Gesch\u00e4ft zu starten, ohne sich abm\u00fchen zu m\u00fcssen?<\/h2>\n<p>Mit den richtigen Tools ist es einfacher, Herausforderungen zu meistern. Unser AI Copywriter Agent <strong>beseitigt die Hindernisse<\/strong>, die Sie zur\u00fcckhalten, und macht die Erstellung von Inhalten m\u00fchelos, schnell und effektiv. <\/p>\n<p>\ud83d\ude80 <strong>Machen Sie noch heute den ersten Schritt!<\/strong> <strong> <a title=\"Link zu unserem Beratungskalender - buchen Sie kostenlose Beratungsgespr\u00e4che mit unserem KI-Experten\" href=\"https:\/\/proaa.agency\/free\/consultations\" target=\"_blank\" rel=\"noopener\">KLICKen Sie jetzt f\u00fcr den ersten Schritt<\/a><\/strong> \ud83d\udd25<\/p>\n<p>        [\/et_pb_text][et_pb_text ul_position=&#8220;inside&#8220; ul_item_indent=&#8220;25px&#8220; ol_item_indent=&#8220;25px&#8220; _builder_version=&#8220;4.27.4&#8243; _module_preset=&#8220;default&#8220; custom_margin=&#8220;50px||||false|false&#8220; global_colors_info=&#8220;{}&#8220;]<\/p>\n<h2>\n            <strong>Starten Sie noch heute &#8211; risikofrei<\/strong><br \/>\n          <\/h2>\n<p>\ud83d\udd39 <strong>Testen Sie KI-Automatisierung in Ihrem Unternehmen.<\/strong><br \/>\ud83d\udd39 <strong>Lassen Sie sich einen ma\u00dfgeschneiderten KI-Agenten f\u00fcr Ihre Bed\u00fcrfnisse bauen.<\/strong><br \/>\ud83d\udd39 <strong>Erleben Sie die Macht der KI in nur wenigen Tagen.<\/strong><\/p>\n<p><strong>\ud83d\udc49 <a href=\"https:\/\/proaa.agency\/free\/consultations\">KLICKEN SIE HIER<\/a>, um Ihre kostenlose AI-Beratung in Anspruch zu nehmen<\/strong><\/p>\n<p>[\/et_pb_text][et_pb_text ul_position=&#8220;inside&#8220; ul_item_indent=&#8220;25px&#8220; ol_item_indent=&#8220;25px&#8220; _builder_version=&#8220;4.27.4&#8243; _module_preset=&#8220;default&#8220; custom_margin=&#8220;50px||||false|false&#8220; global_colors_info=&#8220;{}&#8220;]<\/p>\n<h2 data-start=\"4856\" data-end=\"4903\">\ud83c\udf08 Sind Sie bereit, Ihre Content-Strategie zu \u00e4ndern?<\/h2>\n<p data-start=\"4905\" data-end=\"5190\">Erleben Sie die Zukunft der Inhaltserstellung mit unserem AI Copywriter Agent. Ganz gleich, ob Sie gerade ein Online-Gesch\u00e4ft starten, eine Nebenbesch\u00e4ftigung aufnehmen oder aus einem traditionellen Beruf aussteigen, dieses leistungsstarke Tool ist Ihr Einstieg in die Erstellung ansprechender, hochwertiger Inhalte, die zu Ergebnissen f\u00fchren. <\/p>\n<p data-start=\"5192\" data-end=\"5334\"><strong data-start=\"5192\" data-end=\"5213\">Legen Sie noch heute los<\/strong> und erschlie\u00dfen Sie Ihr Gesch\u00e4ftspotenzial mit einer L\u00f6sung, die darauf ausgelegt ist, Hindernisse zu \u00fcberwinden und Ihren Online-Erfolg zu beschleunigen. \ud83d\ude80<\/p>\n<p data-start=\"5336\" data-end=\"5459\" data-is-last-node=\"\" data-is-only-node=\"\">Verbessern Sie Ihre Inhalte, \u00fcberwinden Sie die \u00fcblichen Herausforderungen und <strong>lassen Sie unseren AI Copywriter Agent den Weg f\u00fcr Ihren digitalen Erfolg ebnen!<\/strong> \ud83c\udf89<\/p>\n<p>\ud83d\udc49 <strong><a title=\"Link zum Kalender f\u00fcr kostenlose Beratungsgespr\u00e4che - buchen Sie einen Anruf bei unserem AI-Experten\" href=\"https:\/\/proaa.agency\/free\/consultations\" target=\"_blank\" rel=\"noopener\">Jetzt loslegen<\/a><\/strong><\/p>\n<p>[\/et_pb_text][\/et_pb_column][\/et_pb_row][\/et_pb_section]<\/p>\n","protected":false},"excerpt":{"rendered":"<p>Entdecken Sie unsere innovative Landing Page AI Copywriter Agent &#8211; eine umfassende L\u00f6sung, die die Erstellung von Inhalten automatisiert, von der Recherche aktueller Themen bis hin zum Verfassen kompletter Artikel und der Erstellung von Bildmaterial. Erfahren Sie, wie Sie h\u00e4ufige Hindernisse bei der Gr\u00fcndung eines Online-Gesch\u00e4fts \u00fcberwinden k\u00f6nnen, egal ob Sie alleinerziehende Mutter, Nebenjobber, Veteran oder aufstrebender Unternehmer sind, und entfesseln Sie Ihr kreatives Potenzial mit unserem modernen Tool. <\/p>\n","protected":false},"author":1,"featured_media":26709,"parent":26497,"menu_order":0,"comment_status":"closed","ping_status":"closed","template":"","meta":{"_et_pb_use_builder":"on","_et_pb_old_content":"","_et_gb_content_width":"","footnotes":""},"class_list":["post-26773","page","type-page","status-publish","has-post-thumbnail","hentry"],"_links":{"self":[{"href":"https:\/\/proaa.agency\/de\/wp-json\/wp\/v2\/pages\/26773","targetHints":{"allow":["GET"]}}],"collection":[{"href":"https:\/\/proaa.agency\/de\/wp-json\/wp\/v2\/pages"}],"about":[{"href":"https:\/\/proaa.agency\/de\/wp-json\/wp\/v2\/types\/page"}],"author":[{"embeddable":true,"href":"https:\/\/proaa.agency\/de\/wp-json\/wp\/v2\/users\/1"}],"replies":[{"embeddable":true,"href":"https:\/\/proaa.agency\/de\/wp-json\/wp\/v2\/comments?post=26773"}],"version-history":[{"count":4,"href":"https:\/\/proaa.agency\/de\/wp-json\/wp\/v2\/pages\/26773\/revisions"}],"predecessor-version":[{"id":26777,"href":"https:\/\/proaa.agency\/de\/wp-json\/wp\/v2\/pages\/26773\/revisions\/26777"}],"up":[{"embeddable":true,"href":"https:\/\/proaa.agency\/de\/wp-json\/wp\/v2\/pages\/26497"}],"wp:featuredmedia":[{"embeddable":true,"href":"https:\/\/proaa.agency\/de\/wp-json\/wp\/v2\/media\/26709"}],"wp:attachment":[{"href":"https:\/\/proaa.agency\/de\/wp-json\/wp\/v2\/media?parent=26773"}],"curies":[{"name":"wp","href":"https:\/\/api.w.org\/{rel}","templated":true}]}}