{"id":26503,"date":"2025-02-12T16:11:00","date_gmt":"2025-02-12T23:11:00","guid":{"rendered":"https:\/\/proaa.agency\/entdecken-sie-ai-automatisierungsloesungen\/ki-agenten-%f0%9f%94%a5-bringen-sie-luxus-wellness-zu-ihren-kunden-%f0%9f%94%a5\/"},"modified":"2025-02-14T11:43:21","modified_gmt":"2025-02-14T18:43:21","slug":"ki-agenten-%f0%9f%94%a5-bringen-sie-luxus-wellness-zu-ihren-kunden-%f0%9f%94%a5","status":"publish","type":"page","link":"https:\/\/proaa.agency\/de\/entdecken-sie-ai-automatisierungsloesungen\/ki-agenten-%f0%9f%94%a5-bringen-sie-luxus-wellness-zu-ihren-kunden-%f0%9f%94%a5\/","title":{"rendered":"KI-Agenten \ud83d\udd25 Bringen Sie Luxus-Wellness zu Ihren Kunden! \ud83d\udd25"},"content":{"rendered":"<p>[et_pb_section fb_built=&#8220;1&#8243; _builder_version=&#8220;4.27.4&#8243; _module_preset=&#8220;default&#8220; custom_padding=&#8220;0px||||false|false&#8220; global_colors_info=&#8220;{}&#8220;][et_pb_row _builder_version=&#8220;4.27.4&#8243; _module_preset=&#8220;default&#8220; global_colors_info=&#8220;{}&#8220;][et_pb_column type=&#8220;4_4&#8243; _builder_version=&#8220;4.27.4&#8243; _module_preset=&#8220;default&#8220; global_colors_info=&#8220;{}&#8220;][et_pb_heading title=&#8220;@ET-DC@eyJkeW5hbWljIjp0cnVlLCJjb250ZW50IjoicG9zdF90aXRsZSIsInNldHRpbmdzIjp7ImJlZm9yZSI6IiIsImFmdGVyIjoiIiwiZW5hYmxlX2h0bWwiOiJvZmYifX0=@&#8220; _builder_version=&#8220;4.27.4&#8243; _dynamic_attributes=&#8220;title&#8220; _module_preset=&#8220;default&#8220; title_font=&#8220;|700|||||||&#8220; title_text_align=&#8220;center&#8220; title_font_size=&#8220;2.5em&#8220; global_colors_info=&#8220;{}&#8220;][\/et_pb_heading][et_pb_text _builder_version=&#8220;4.27.4&#8243; _module_preset=&#8220;default&#8220; text_font=&#8220;|600|||||||&#8220; text_font_size=&#8220;16px&#8220; link_font=&#8220;|700|||on||||&#8220; link_text_color=&#8220;#FF3DAE&#8220; header_2_text_color=&#8220;#772DFF&#8220; text_orientation=&#8220;center&#8220; global_colors_info=&#8220;{}&#8220; link_text_color__hover_enabled=&#8220;on|desktop&#8220; link_text_color__hover=&#8220;#FFC526&#8243;]<\/p>\n<h3>\n            <strong>Ihr Unternehmen, vollst\u00e4ndig automatisiert: KI-Agenten, die 24\/7 f\u00fcr Sie arbeiten<\/strong><br \/>\n          <\/h3>\n<p><strong>Verabschieden Sie sich von manuellen Aufgaben und begr\u00fc\u00dfen Sie ein m\u00fcheloses Wachstum!<\/strong> Die KI-gest\u00fctzte Automatisierung wickelt Kundenanfragen, Vertrieb und Support <strong>rund um die Uhr ab<\/strong>, sodass Sie sich auf die Skalierung Ihres Unternehmens und die Steigerung Ihres Umsatzes konzentrieren k\u00f6nnen.<\/p>\n<p>\ud83d\udcc5 <strong><a href=\"https:\/\/proaa.agency\/free\/consultations\">BUCHEN SIE EINE KOSTENLOSE BERATUNG<\/a><\/strong> \u2013 Lassen Sie unsere Experten KI-gesteuerte L\u00f6sungen implementieren, die auf Ihr Unternehmen zugeschnitten sind.<\/p>\n<h3><strong>Sonderangebot: <\/strong>\ud83d\ude80 <strong>Marketing + optimierte Automatisierung<\/strong><\/h3>\n<p>Erhalten Sie innerhalb von <strong>24 Stunden eine kostenlose Website<\/strong> und <strong>ein automatisiertes CRM<\/strong>, um das Wachstum Ihres Unternehmens zu f\u00f6rdern. Erfahren Sie <strong><a href=\"https:\/\/icz.agency\/check\/web-and-crm-for-ai\">hier mehr<\/a><\/strong>! <\/p>\n<p>[\/et_pb_text][et_pb_button button_url=&#8220;https:\/\/proaa.agency\/free\/consultations&#8220; url_new_window=&#8220;on&#8220; button_text=&#8220;BUCHEN Sie Ihre KOSTENLOSEN Beratungen&#8220; button_alignment=&#8220;center&#8220; _builder_version=&#8220;4.27.4&#8243; _module_preset=&#8220;default&#8220; custom_button=&#8220;on&#8220; button_text_color=&#8220;#FFFFFF&#8220; button_bg_color=&#8220;#772DFF&#8220; button_border_color=&#8220;#FFFFFF&#8220; button_font=&#8220;|600|||||||&#8220; button_use_icon=&#8220;off&#8220; global_colors_info=&#8220;{}&#8220; button_border_color__hover_enabled=&#8220;on|hover&#8220; button_bg_color__hover_enabled=&#8220;on|hover&#8220; button_text_color__hover_enabled=&#8220;on|hover&#8220; button_text_color__hover=&#8220;#000000&#8243; button_bg_color__hover=&#8220;#FFC526&#8243; button_bg_enable_color__hover=&#8220;on&#8220; button_border_color__hover=&#8220;#000000&#8243;][\/et_pb_button][\/et_pb_column][\/et_pb_row][et_pb_row column_structure=&#8220;2_5,3_5&#8243; use_custom_gutter=&#8220;on&#8220; gutter_width=&#8220;2&#8243; _builder_version=&#8220;4.27.4&#8243; _module_preset=&#8220;default&#8220; width_tablet=&#8220;&#8220; width_phone=&#8220;&#8220; width_last_edited=&#8220;on|phone&#8220; max_width=&#8220;1200px&#8220; global_colors_info=&#8220;{}&#8220;][et_pb_column type=&#8220;2_5&#8243; _builder_version=&#8220;4.27.4&#8243; _module_preset=&#8220;default&#8220; global_colors_info=&#8220;{}&#8220;][et_pb_image src=&#8220;https:\/\/proaa.agency\/wp-content\/uploads\/2025\/02\/Luxury-Sauna-AI-Agents.webp&#8220; title_text=&#8220;KI-Agenten f\u00fcr Luxussauna&#8220; url=&#8220;#overlay-26474&#8243; use_overlay=&#8220;on&#8220; overlay_icon_color=&#8220;#81F911&#8243; hover_overlay_color=&#8220;rgba(0,0,0,0.85)&#8220; hover_icon=&#8220;&#xf04b;||fa||900&#8243; align=&#8220;center&#8220; _builder_version=&#8220;4.27.4&#8243; _module_preset=&#8220;default&#8220; global_colors_info=&#8220;{}&#8220;][\/et_pb_image][\/et_pb_column][et_pb_column type=&#8220;3_5&#8243; _builder_version=&#8220;4.27.4&#8243; _module_preset=&#8220;default&#8220; global_colors_info=&#8220;{}&#8220;][et_pb_code _builder_version=&#8220;4.27.4&#8243; _module_preset=&#8220;default&#8220; sticky_limit_bottom=&#8220;row&#8220; hover_enabled=&#8220;0&#8243; sticky_enabled=&#8220;0&#8243; locked=&#8220;off&#8220;]<iframe loading=\"lazy\" src=\"https:\/\/my.icz.agency\/forms\/userform\/4f03de8f-1fc5-4958-a23a-8e05bfc93137\" width=\"100%\" height=\"800\" title=\"Forms\"> <\/iframe>[\/et_pb_code][\/et_pb_column][\/et_pb_row][et_pb_row _builder_version=&#8220;4.27.4&#8243; _module_preset=&#8220;default&#8220; global_colors_info=&#8220;{}&#8220;][et_pb_column type=&#8220;4_4&#8243; _builder_version=&#8220;4.27.4&#8243; _module_preset=&#8220;default&#8220; global_colors_info=&#8220;{}&#8220;][et_pb_text ul_type=&#8220;none&#8220; ul_position=&#8220;inside&#8220; ul_item_indent=&#8220;25px&#8220; ol_item_indent=&#8220;25px&#8220; _builder_version=&#8220;4.27.4&#8243; _module_preset=&#8220;default&#8220; global_colors_info=&#8220;{}&#8220;]<\/p>\n<p>Sie bieten mehr als nur Saunen &#8211; Sie bieten ein <strong>Erlebnis<\/strong>, ein Heiligtum der Entspannung und des Wohlbefindens. Aber wie k\u00f6nnen Sie Ihre Produkte mehr K\u00e4ufern zug\u00e4nglich machen, einen Rund-um-die-Uhr-Support anbieten und <strong>Verk\u00e4ufe m\u00fchelos abschlie\u00dfen<\/strong>? Lassen Sie mich erkl\u00e4ren&#8230;  <\/p>\n<h2>\ud83d\udca1 <strong>Treffen Sie die Zukunft des Vertriebs: KI-Agenten, die 24\/7 f\u00fcr Sie arbeiten!<\/strong><\/h2>\n<p>Stellen Sie sich einen <strong>Vertriebsmitarbeiter<\/strong> vor, der nie schl\u00e4ft, nie eine Pause macht und immer bereit ist, Ihre Kunden zu beraten, ihre Fragen zu beantworten und <strong>Ihre Saunen zu verkaufen<\/strong> &#8211; ganz gleich, ob es sich um Infrarot-, finnische oder Dampfsaunen handelt. KI-Agenten sind <strong>der Schl\u00fcssel zur Transformation Ihres Saunagesch\u00e4fts<\/strong>, und hier erfahren Sie, wie: <\/p>\n<ul>\n<li>\ud83d\udd39 <strong>Sofortiger, personalisierter Kundensupport<\/strong> &#8211; KI arbeitet rund um die Uhr und stellt sicher, dass <strong>kein Lead verpasst wird<\/strong>. Sie tritt sofort mit potenziellen K\u00e4ufern in Kontakt, erkl\u00e4rt die einzigartigen Vorteile Ihrer Saunen, beantwortet Fragen und bietet ma\u00dfgeschneiderte Empfehlungen. <\/li>\n<li>\ud83d\udd39 <strong>Nahtlos gef\u00fchrtes Verkaufen<\/strong> \u2013 Ganz gleich, ob es um die Empfehlung des richtigen Saunamodells oder um das Angebot <strong>individueller Optionen<\/strong> wie Holzoberfl\u00e4chen oder Chromotherapie-Beleuchtung geht: KI hilft Kunden, fundierte Entscheidungen zu treffen, <strong>die den Umsatz steigern<\/strong>.<\/li>\n<li>\ud83d\udd39 <strong>Steigern Sie die Konversionsrate mit KI-gest\u00fctztem Verkaufen<\/strong> &#8211; KI reagiert nicht nur, sondern <strong>k\u00fcmmert sich aktiv um Leads<\/strong> von der ersten Interaktion bis zur Kasse, indem sie alles von Anfragen \u00fcber die Planung von Demos bis hin zur Sicherung von Einzahlungen \u00fcbernimmt.<\/li>\n<li>\ud83d\udd39 <strong>Datengesteuerte Einblicke f\u00fcr intelligentere Verk\u00e4ufe<\/strong> &#8211; Verfolgen Sie das Kundenverhalten in Echtzeit und nutzen Sie <strong>KI-gesteuerte Analysen<\/strong>, um <strong>intelligentere Gesch\u00e4ftsentscheidungen<\/strong> zu treffen und Ihre Angebote zu optimieren.<\/li>\n<li>\ud83d\udd39 <strong>Kosten senken, schneller skalieren<\/strong> &#8211; KI reduziert den Bedarf an einem gro\u00dfen Supportteam, das Routineaufgaben erledigt und in <strong>gro\u00dfem Umfang arbeitet<\/strong>, so dass sich Ihr Team auf hochwertige Chancen konzentrieren kann.<\/li>\n<li>\ud83d\udd39 <strong>Erweitern Sie Ihre Reichweite mit mehrsprachigem Support<\/strong> &#8211; AI verbindet sich mit Kunden auf der ganzen Welt, spricht deren Sprache und macht Ihre Saunen <strong>weltweit<\/strong> zug\u00e4nglich.<\/li>\n<\/ul>\n<h2>\n            <strong>Warum KI? Weil Luxus-Wellness einen Luxus-Verkauf verdient. <\/strong><br \/>\n          <\/h2>\n<p>Durch die Integration von KI k\u00f6nnen Sie nicht nur Saunen anbieten, sondern auch <strong>personalisierte, effiziente und allgegenw\u00e4rtige Kundenerlebnisse schaffen<\/strong>. Diese Technologie wird Ihr <strong>Unternehmen aufwerten<\/strong> und es Ihnen erm\u00f6glichen, schneller zu skalieren, Ihre Kunden besser zu bedienen und mit Leichtigkeit <strong>mehr Verk\u00e4ufe abzuschlie\u00dfen<\/strong>. <\/p>\n<h3>\n            <strong>\ud83d\udcb0 Bringen Sie Ihren Kunden Luxus-Wellness &#8211; und lassen Sie Ihr Gesch\u00e4ft florieren &#8211; dank KI.<\/strong><br \/>\n          <\/h3>\n<p>\ud83d\udce9 <strong>Holen Sie sich noch heute Ihren AI Sales Agent und beobachten Sie, wie Ihre Ums\u00e4tze in die H\u00f6he schnellen!<\/strong><\/p>\n<ul>\n<li>\ud83d\udd39 Ihre Konkurrenten nutzen bereits KI, um schneller zu skalieren.<br \/>\ud83d\udd39 Verschwenden Sie keine Zeit mehr mit manueller Arbeit, wenn KI sie erledigen kann.<br \/>\ud83d\udd39 Machen Sie Ihr Unternehmen mit Automatisierung zukunftssicher.<\/li>\n<\/ul>\n<p>\ud83d\ude80 <strong>Beginnen Sie noch heute mit der Automatisierung, dank unseres Know-hows!<\/strong> \ud83d\udc49 <strong><a title=\"Link zum Kalender f\u00fcr kostenlose Beratungsgespr\u00e4che - buchen Sie einen Anruf bei unserem AI-Experten\" href=\"https:\/\/proaa.agency\/free\/consultations\" target=\"_blank\" rel=\"noopener\">Jetzt loslegen<\/a><\/strong><\/p>\n<p>[\/et_pb_text][et_pb_button button_url=&#8220;https:\/\/proaa.agency\/free\/consultations&#8220; url_new_window=&#8220;on&#8220; button_text=&#8220;BUCHEN Sie Ihre KOSTENLOSEN Beratungen&#8220; button_alignment=&#8220;center&#8220; _builder_version=&#8220;4.27.4&#8243; _module_preset=&#8220;default&#8220; custom_button=&#8220;on&#8220; button_text_color=&#8220;#FFFFFF&#8220; button_bg_color=&#8220;#772DFF&#8220; button_border_color=&#8220;#FFFFFF&#8220; button_font=&#8220;|600|||||||&#8220; button_use_icon=&#8220;off&#8220; global_colors_info=&#8220;{}&#8220; button_border_color__hover_enabled=&#8220;on|hover&#8220; button_bg_color__hover_enabled=&#8220;on|hover&#8220; button_text_color__hover_enabled=&#8220;on|hover&#8220; button_text_color__hover=&#8220;#000000&#8243; button_bg_color__hover=&#8220;#FFC526&#8243; button_bg_enable_color__hover=&#8220;on&#8220; button_border_color__hover=&#8220;#000000&#8243;][\/et_pb_button][\/et_pb_column][\/et_pb_row][\/et_pb_section]<\/p>\n","protected":false},"excerpt":{"rendered":"<p>Transformieren Sie Ihr Unternehmen mit KI-gest\u00fctzter Automatisierung, die rund um die Uhr arbeitet und m\u00fchelos Vertrieb, Kundensupport und Lead-Generierung abwickelt. Verabschieden Sie sich von manueller Arbeit und begr\u00fc\u00dfen Sie skalierbares Wachstum mit KI-Agenten, die Kunden ansprechen, Gesch\u00e4fte abschlie\u00dfen und Abl\u00e4ufe rationalisieren &#8211; w\u00e4hrend Sie sich auf die Expansion Ihrer Marke konzentrieren. Au\u00dferdem erhalten Sie innerhalb von 24 Stunden eine kostenlose Website und ein automatisiertes CRM, um Ihr Marketing zu optimieren. Buchen Sie noch heute eine kostenlose Beratung!<br \/>*** \u00dcbersetzt mit www.DeepL.com\/Translator (kostenlose Version) ***   <\/p>\n","protected":false},"author":1,"featured_media":26457,"parent":26497,"menu_order":0,"comment_status":"closed","ping_status":"closed","template":"","meta":{"_et_pb_use_builder":"on","_et_pb_old_content":"","_et_gb_content_width":"","footnotes":""},"class_list":["post-26503","page","type-page","status-publish","has-post-thumbnail","hentry"],"_links":{"self":[{"href":"https:\/\/proaa.agency\/de\/wp-json\/wp\/v2\/pages\/26503","targetHints":{"allow":["GET"]}}],"collection":[{"href":"https:\/\/proaa.agency\/de\/wp-json\/wp\/v2\/pages"}],"about":[{"href":"https:\/\/proaa.agency\/de\/wp-json\/wp\/v2\/types\/page"}],"author":[{"embeddable":true,"href":"https:\/\/proaa.agency\/de\/wp-json\/wp\/v2\/users\/1"}],"replies":[{"embeddable":true,"href":"https:\/\/proaa.agency\/de\/wp-json\/wp\/v2\/comments?post=26503"}],"version-history":[{"count":30,"href":"https:\/\/proaa.agency\/de\/wp-json\/wp\/v2\/pages\/26503\/revisions"}],"predecessor-version":[{"id":26579,"href":"https:\/\/proaa.agency\/de\/wp-json\/wp\/v2\/pages\/26503\/revisions\/26579"}],"up":[{"embeddable":true,"href":"https:\/\/proaa.agency\/de\/wp-json\/wp\/v2\/pages\/26497"}],"wp:featuredmedia":[{"embeddable":true,"href":"https:\/\/proaa.agency\/de\/wp-json\/wp\/v2\/media\/26457"}],"wp:attachment":[{"href":"https:\/\/proaa.agency\/de\/wp-json\/wp\/v2\/media?parent=26503"}],"curies":[{"name":"wp","href":"https:\/\/api.w.org\/{rel}","templated":true}]}}