{"id":26497,"date":"2025-02-09T14:40:43","date_gmt":"2025-02-09T21:40:43","guid":{"rendered":"https:\/\/proaa.agency\/entdecken-sie-ai-automatisierungsloesungen\/"},"modified":"2025-03-05T04:03:47","modified_gmt":"2025-03-05T11:03:47","slug":"entdecken-sie-ai-automatisierungsloesungen","status":"publish","type":"page","link":"https:\/\/proaa.agency\/de\/entdecken-sie-ai-automatisierungsloesungen\/","title":{"rendered":"Entdecken Sie AI Automatisierungsl\u00f6sungen"},"content":{"rendered":"<p>[et_pb_section fb_built=&#8220;1&#8243; admin_label=&#8220;section&#8220; _builder_version=&#8220;4.27.4&#8243; custom_padding=&#8220;0px||||false|false&#8220; global_colors_info=&#8220;{}&#8220;][et_pb_row admin_label=&#8220;row&#8220; _builder_version=&#8220;4.16&#8243; background_size=&#8220;initial&#8220; background_position=&#8220;top_left&#8220; background_repeat=&#8220;repeat&#8220; global_colors_info=&#8220;{}&#8220;][et_pb_column type=&#8220;4_4&#8243; _builder_version=&#8220;4.16&#8243; custom_padding=&#8220;|||&#8220; global_colors_info=&#8220;{}&#8220; custom_padding__hover=&#8220;|||&#8220;][et_pb_heading title=&#8220;@ET-DC@eyJkeW5hbWljIjp0cnVlLCJjb250ZW50IjoicG9zdF90aXRsZSIsInNldHRpbmdzIjp7ImJlZm9yZSI6IiIsImFmdGVyIjoiIiwiZW5hYmxlX2h0bWwiOiJvZmYifX0=@&#8220; _builder_version=&#8220;4.27.4&#8243; _dynamic_attributes=&#8220;title&#8220; _module_preset=&#8220;default&#8220; title_font=&#8220;Rubik Microbe|700|||||||&#8220; title_text_align=&#8220;center&#8220; title_text_color=&#8220;#000000&#8243; title_font_size=&#8220;3em&#8220; global_colors_info=&#8220;{}&#8220;][\/et_pb_heading][et_pb_image src=&#8220;https:\/\/proaa.agency\/wp-content\/uploads\/2025\/02\/Discover-AI-Agents-1024&#215;574.webp&#8220; title_text=&#8220;KI-Agenten entdecken&#8220; url=&#8220;@ET-DC@eyJkeW5hbWljIjp0cnVlLCJjb250ZW50IjoicG9zdF9saW5rX3VybF9wYWdlIiwic2V0dGluZ3MiOnsicG9zdF9pZCI6IjI2Mzg1IiwiZW5hYmxlX2h0bWwiOiJvZmYifX0=@&#8220; align=&#8220;center&#8220; _builder_version=&#8220;4.27.4&#8243; _dynamic_attributes=&#8220;url&#8220; _module_preset=&#8220;default&#8220; border_width_all=&#8220;1px&#8220; box_shadow_style=&#8220;preset1&#8243; box_shadow_blur=&#8220;39px&#8220; box_shadow_color=&#8220;rgba(0,0,0,0.6)&#8220; global_colors_info=&#8220;{}&#8220; box_shadow_blur__hover_enabled=&#8220;on|hover&#8220; box_shadow_blur__hover=&#8220;0px&#8220;][\/et_pb_image][et_pb_image src=&#8220;https:\/\/proaa.agency\/wp-content\/uploads\/2025\/02\/Get-Luxury-Sauna-AI-Agents-1024&#215;574.webp&#8220; title_text=&#8220;Holen Sie sich KI-Agenten f\u00fcr Ihre Luxussauna&#8220; url=&#8220;@ET-DC@eyJkeW5hbWljIjp0cnVlLCJjb250ZW50IjoicG9zdF9saW5rX3VybF9wYWdlIiwic2V0dGluZ3MiOnsicG9zdF9pZCI6IjI2NDQxIiwiZW5hYmxlX2h0bWwiOiJvZmYifX0=@&#8220; align=&#8220;center&#8220; _builder_version=&#8220;4.27.4&#8243; _dynamic_attributes=&#8220;url&#8220; _module_preset=&#8220;default&#8220; border_width_all=&#8220;1px&#8220; box_shadow_style=&#8220;preset1&#8243; box_shadow_blur=&#8220;39px&#8220; box_shadow_color=&#8220;rgba(0,0,0,0.6)&#8220; global_colors_info=&#8220;{}&#8220; box_shadow_blur__hover_enabled=&#8220;on|hover&#8220; box_shadow_blur__hover=&#8220;0px&#8220;][\/et_pb_image][et_pb_image src=&#8220;https:\/\/proaa.agency\/wp-content\/uploads\/2025\/03\/Copywriting-Agent.webp&#8220; alt=&#8220;Agentur f\u00fcr Werbetexte&#8220; title_text=&#8220;Agentur f\u00fcr Werbetexte&#8220; url=&#8220;@ET-DC@eyJkeW5hbWljIjp0cnVlLCJjb250ZW50IjoicG9zdF9saW5rX3VybF9wYWdlIiwic2V0dGluZ3MiOnsicG9zdF9pZCI6IjI2NzA0IiwiZW5hYmxlX2h0bWwiOiJvZmYifX0=@&#8220; align=&#8220;center&#8220; _builder_version=&#8220;4.27.4&#8243; _dynamic_attributes=&#8220;url&#8220; _module_preset=&#8220;default&#8220; hover_enabled=&#8220;0&#8243; border_width_all=&#8220;1px&#8220; box_shadow_style=&#8220;preset1&#8243; box_shadow_blur=&#8220;39px&#8220; box_shadow_color=&#8220;rgba(0,0,0,0.6)&#8220; global_colors_info=&#8220;{}&#8220; box_shadow_blur__hover_enabled=&#8220;on|hover&#8220; box_shadow_blur__hover=&#8220;0px&#8220; sticky_enabled=&#8220;0&#8243;][\/et_pb_image][\/et_pb_column][\/et_pb_row][\/et_pb_section]<\/p>\n","protected":false},"excerpt":{"rendered":"<p>Treten Sie ein in die Zukunft der KI-gest\u00fctzten Automatisierung und entdecken Sie Tools, die Ihre Arbeitsweise ver\u00e4ndern werden. Ganz gleich, ob Sie Ihre Abl\u00e4ufe rationalisieren, Workflows optimieren oder Ihr Unternehmen m\u00fchelos skalieren m\u00f6chten &#8211; hier beginnt Ihre Reise.<br \/>\n\ud83d\udd0d Entdecken Sie KI-gesteuerte L\u00f6sungen, die den manuellen Aufwand reduzieren, sich wiederholende Aufgaben automatisieren und die Produktivit\u00e4t steigern &#8211; damit Sie sich auf das konzentrieren k\u00f6nnen, was wirklich wichtig ist. Von intelligenten Chatbots bis hin zur Workflow-Automatisierung &#8211; finden Sie heraus, wie Technologie f\u00fcr Sie arbeiten kann.<br \/>\nSind Sie bereit, die n\u00e4chste Stufe der Gesch\u00e4ftseffizienz zu erkunden? Entdecken Sie jetzt die KI-Automatisierung. \ud83d\ude80 <\/p>\n","protected":false},"author":1,"featured_media":26368,"parent":0,"menu_order":0,"comment_status":"closed","ping_status":"closed","template":"","meta":{"_et_pb_use_builder":"on","_et_pb_old_content":"","_et_gb_content_width":"","footnotes":""},"class_list":["post-26497","page","type-page","status-publish","has-post-thumbnail","hentry"],"_links":{"self":[{"href":"https:\/\/proaa.agency\/de\/wp-json\/wp\/v2\/pages\/26497","targetHints":{"allow":["GET"]}}],"collection":[{"href":"https:\/\/proaa.agency\/de\/wp-json\/wp\/v2\/pages"}],"about":[{"href":"https:\/\/proaa.agency\/de\/wp-json\/wp\/v2\/types\/page"}],"author":[{"embeddable":true,"href":"https:\/\/proaa.agency\/de\/wp-json\/wp\/v2\/users\/1"}],"replies":[{"embeddable":true,"href":"https:\/\/proaa.agency\/de\/wp-json\/wp\/v2\/comments?post=26497"}],"version-history":[{"count":4,"href":"https:\/\/proaa.agency\/de\/wp-json\/wp\/v2\/pages\/26497\/revisions"}],"predecessor-version":[{"id":26767,"href":"https:\/\/proaa.agency\/de\/wp-json\/wp\/v2\/pages\/26497\/revisions\/26767"}],"wp:featuredmedia":[{"embeddable":true,"href":"https:\/\/proaa.agency\/de\/wp-json\/wp\/v2\/media\/26368"}],"wp:attachment":[{"href":"https:\/\/proaa.agency\/de\/wp-json\/wp\/v2\/media?parent=26497"}],"curies":[{"name":"wp","href":"https:\/\/api.w.org\/{rel}","templated":true}]}}