{"id":25840,"date":"2024-05-29T10:50:45","date_gmt":"2024-05-29T17:50:45","guid":{"rendered":"https:\/\/proaa.agency\/prototypen\/assistentin-fuer-hotelsuche\/"},"modified":"2024-05-29T11:43:27","modified_gmt":"2024-05-29T18:43:27","slug":"assistentin-fuer-hotelsuche","status":"publish","type":"page","link":"https:\/\/proaa.agency\/de\/prototypen\/assistentin-fuer-hotelsuche\/","title":{"rendered":"Assistentin f\u00fcr Hotelsuche"},"content":{"rendered":"<p>[et_pb_section fb_built=&#8220;1&#8243; admin_label=&#8220;Divi Flexile Hero Section 17&#8243; _builder_version=&#8220;4.25.0&#8243; _module_preset=&#8220;default&#8220; background_color=&#8220;#f7f7f7&#8243; background_color_gradient_direction=&#8220;90deg&#8220; background_enable_image=&#8220;off&#8220; min_height=&#8220;100vh&#8220; custom_padding=&#8220;20px||20px||true|false&#8220; animation_style=&#8220;fade&#8220; animation_delay=&#8220;300ms&#8220; global_colors_info=&#8220;{}&#8220;][et_pb_row _builder_version=&#8220;4.25.0&#8243; _module_preset=&#8220;default&#8220; position_origin_a=&#8220;top_center&#8220; width=&#8220;100%&#8220; max_width=&#8220;100%&#8220; custom_margin=&#8220;0px||||false|false&#8220; custom_padding=&#8220;0px||0px||true|false&#8220; locked=&#8220;off&#8220; global_colors_info=&#8220;{}&#8220;][et_pb_column type=&#8220;4_4&#8243; _builder_version=&#8220;4.25.0&#8243; _module_preset=&#8220;default&#8220; global_colors_info=&#8220;{}&#8220;][et_pb_text module_class=&#8220;divioverlay-25794&#8243; _builder_version=&#8220;4.25.1&#8243; _module_preset=&#8220;default&#8220; text_text_color=&#8220;#FFFFFF&#8220; link_text_color=&#8220;#FFFFFF&#8220; header_2_font=&#8220;|600||on|||||&#8220; header_2_text_align=&#8220;center&#8220; header_2_text_color=&#8220;#FFFFFF&#8220; background_color=&#8220;#000000&#8243; width=&#8220;100%&#8220; module_alignment=&#8220;center&#8220; custom_margin=&#8220;0px|0px|0px|0px|true|true&#8220; custom_padding=&#8220;10px|5px|0px|5px|false|true&#8220; global_colors_info=&#8220;{}&#8220;]<\/p>\n<h2>Hier klicken \ud83d\udd17 zum \u00d6ffnen des Assistenten<\/h2>\n<p>[\/et_pb_text][et_pb_code _builder_version=&#8220;4.25.1&#8243; _module_preset=&#8220;default&#8220; global_colors_info=&#8220;{}&#8220;]<\/p>\n<style><!-- [et_pb_line_break_holder] -->  h3 {<!-- [et_pb_line_break_holder] -->    margin-top: 20px;<!-- [et_pb_line_break_holder] -->  }<!-- [et_pb_line_break_holder] --><\/style>\n<p>[\/et_pb_code][\/et_pb_column][\/et_pb_row][et_pb_row column_structure=&#8220;3_5,2_5&#8243; _builder_version=&#8220;4.25.0&#8243; _module_preset=&#8220;default&#8220; max_width=&#8220;1600px&#8220; module_alignment=&#8220;center&#8220; custom_margin=&#8220;0px|0px|0px|0px|true|true&#8220; custom_css_main_element=&#8220;display: flex;||align-items: center;||flex-wrap: wrap;&#8220; global_colors_info=&#8220;{}&#8220;][et_pb_column type=&#8220;3_5&#8243; _builder_version=&#8220;4.16&#8243; _module_preset=&#8220;default&#8220; global_colors_info=&#8220;{}&#8220;][et_pb_text admin_label=&#8220;Flexile Perfection&#8220; module_class=&#8220;divioverlay-25794&#8243; _builder_version=&#8220;4.25.1&#8243; _module_preset=&#8220;default&#8220; header_font=&#8220;Audiowide|700|||||||&#8220; header_text_align=&#8220;center&#8220; header_font_size=&#8220;60px&#8220; header_line_height=&#8220;1.1em&#8220; header_font_size_tablet=&#8220;50px&#8220; header_font_size_phone=&#8220;40px&#8220; header_font_size_last_edited=&#8220;on|phone&#8220; global_colors_info=&#8220;{}&#8220;]<\/p>\n<h1>Assistentin f\u00fcr Hotelsuche<\/h1>\n<p>[\/et_pb_text][et_pb_text ul_item_indent=&#8220;40px&#8220; _builder_version=&#8220;4.25.1&#8243; _module_preset=&#8220;default&#8220; text_font=&#8220;|300|||||||&#8220; text_text_color=&#8220;#000000&#8243; text_font_size=&#8220;18px&#8220; text_line_height=&#8220;1.4em&#8220; link_font=&#8220;|700|on||on||||&#8220; link_text_color=&#8220;#4900db&#8220; link_font_size=&#8220;18px&#8220; ul_line_height=&#8220;1.4em&#8220; header_2_font_size=&#8220;2em&#8220; header_2_line_height=&#8220;1.2em&#8220; header_3_font_size=&#8220;2em&#8220; header_3_line_height=&#8220;1.2em&#8220; hover_enabled=&#8220;0&#8243; text_font_size_tablet=&#8220;&#8220; text_font_size_phone=&#8220;15px&#8220; text_font_size_last_edited=&#8220;on|phone&#8220; global_colors_info=&#8220;{}&#8220; link_text_color__hover_enabled=&#8220;on|hover&#8220; link_text_color__hover=&#8220;#FFC526&#8243; sticky_enabled=&#8220;0&#8243;]<\/p>\n<p><strong>Entdecken Sie die Zukunft der Hotelbuchung mit unserem Hotelsuchassistenten<\/strong><\/p>\n<p>Ver\u00e4ndern Sie die Customer Journey Ihres Hotels von der Suche bis zur Buchung mit unserem hochmodernen Hotel Search Assistant. Dieses KI-gesteuerte Tool wurde entwickelt, um die G\u00e4stezufriedenheit zu erh\u00f6hen und die Abl\u00e4ufe zu optimieren. Es ist Ihr Schl\u00fcssel zu einem nahtlosen, personalisierten Erlebnis f\u00fcr jeden Reisenden.<\/p>\n<h3 id=\"why-choose-our-hotel-search-assistant-\">Warum sollten Sie unseren Hotel-Suchassistenten w\u00e4hlen?<\/h3>\n<ul>\n<li><strong>Sofortige, pr\u00e4zise Antworten:<\/strong> Verabschieden Sie sich von langen Wartezeiten und begr\u00fc\u00dfen Sie den sofortigen Service. Unser KI-Assistent bietet Unterst\u00fctzung in Echtzeit, von der Zimmerqualit\u00e4t bis hin zu den Annehmlichkeiten, und stellt sicher, dass Ihre G\u00e4ste alle Informationen, die sie ben\u00f6tigen, zur Hand haben.<\/li>\n<li><strong>Personalisierte Empfehlungen:<\/strong> Beeindrucken Sie Ihre G\u00e4ste mit ma\u00dfgeschneiderten Vorschl\u00e4gen, die ihren Vorlieben und Bed\u00fcrfnissen entsprechen. Ob es sich um ein Zimmer mit Aussicht, ein romantisches Abendessen oder nahe gelegene Attraktionen handelt, unser Assistent bietet individuelle Optionen, die ihren Aufenthalt unvergesslich machen.<\/li>\n<li><strong>Nahtloser Buchungsprozess:<\/strong> Unser automatisiertes System vereinfacht den Buchungsvorgang. Die G\u00e4ste k\u00f6nnen m\u00fchelos von der Suche zu den Bewertungen oder zur Buchung navigieren, und ihre Sonderw\u00fcnsche werden reibungslos und effizient bearbeitet. Das bedeutet weniger abgebrochene Buchungen und mehr best\u00e4tigte Aufenthalte.<\/li>\n<li><strong>24\/7 Verf\u00fcgbarkeit:<\/strong> Verpassen Sie nie eine Buchungsm\u00f6glichkeit. Unser Assistent f\u00fcr die Hotelsuche steht rund um die Uhr zur Verf\u00fcgung, um die G\u00e4ste bei der Planung ihres Aufenthalts zu unterst\u00fctzen. So ist sichergestellt, dass Sie jeden potenziellen Gast erfassen, egal ob Tag oder Nacht.<\/li>\n<li><strong>Verbessertes Engagement der G\u00e4ste:<\/strong> Bauen Sie eine engere Beziehung zu Ihren G\u00e4sten auf, noch bevor diese eintreffen. Unser Assistent k\u00fcmmert sich w\u00e4hrend der gesamten Reise um die G\u00e4ste, beantwortet Fragen, informiert sie und gibt Empfehlungen, die das Gesamterlebnis verbessern.<\/li>\n<li><strong>Operative Effizienz:<\/strong> Ihre Mitarbeiter k\u00f6nnen sich auf die Bereitstellung eines hervorragenden pers\u00f6nlichen Service konzentrieren. Mit Routineanfragen und automatisierten Buchungsaufgaben kann sich Ihr Team mehr Zeit f\u00fcr die Schaffung unvergesslicher G\u00e4steerlebnisse nehmen.<\/li>\n<\/ul>\n<p>Ich hoffe, Sie haben Verst\u00e4ndnis daf\u00fcr, dass dies ein Prototyp ist, der die grundlegenden Funktionen Ihres Hotelassistenten zeigt, aber die M\u00f6glichkeiten sind enorm. Sagen Sie uns, was Sie brauchen, und wir werden es m\u00f6glich machen.<\/p>\n<p>[\/et_pb_text][et_pb_button button_url=&#8220;https:\/\/proaa.agency\/de\/buchung\/&#8220; url_new_window=&#8220;on&#8220; button_text=&#8220;Kostenlose Beratungen buchen&#8220; button_alignment=&#8220;center&#8220; admin_label=&#8220;Book Free Consultations&#8220; _builder_version=&#8220;4.25.1&#8243; _module_preset=&#8220;default&#8220; custom_button=&#8220;on&#8220; button_text_size=&#8220;14px&#8220; button_text_color=&#8220;#FFFFFF&#8220; button_bg_color=&#8220;#000000&#8243; button_border_width=&#8220;0px&#8220; button_border_radius=&#8220;5px&#8220; button_letter_spacing=&#8220;1px&#8220; button_font=&#8220;Poppins|||on|||||&#8220; button_use_icon=&#8220;off&#8220; custom_margin=&#8220;50px||||false|false&#8220; custom_padding=&#8220;14px|50px|14px|50px|true|true&#8220; box_shadow_style=&#8220;preset1&#8243; box_shadow_blur=&#8220;30px&#8220; box_shadow_spread=&#8220;-4px&#8220; box_shadow_color=&#8220;#000000&#8243; locked=&#8220;off&#8220; global_colors_info=&#8220;{}&#8220; button_bg_color__hover_enabled=&#8220;off|desktop&#8220; button_bg_enable_color__hover=&#8220;on&#8220; button_text_color__hover_enabled=&#8220;on|desktop&#8220; button_text_color__hover=&#8220;#FFC526&#8243; custom_padding__hover_enabled=&#8220;off|hover&#8220; box_shadow_color__hover_enabled=&#8220;on|desktop&#8220; box_shadow_color__hover=&#8220;RGBA(255,255,255,0)&#8220;][\/et_pb_button][\/et_pb_column][et_pb_column type=&#8220;2_5&#8243; _builder_version=&#8220;4.16&#8243; _module_preset=&#8220;default&#8220; global_colors_info=&#8220;{}&#8220;][et_pb_image src=&#8220;https:\/\/proaa.agency\/wp-content\/uploads\/2024\/05\/Hotel-Search-Assistant.webp&#8220; alt=&#8220;Assistentin f\u00fcr Hotelsuche&#8220; title_text=&#8220;Assistentin f\u00fcr Hotelsuche&#8220; url=&#8220;#&#8220; module_class=&#8220;divioverlay-25794&#8243; _builder_version=&#8220;4.25.1&#8243; _module_preset=&#8220;default&#8220; global_colors_info=&#8220;{}&#8220;][\/et_pb_image][et_pb_text _builder_version=&#8220;4.25.1&#8243; _module_preset=&#8220;default&#8220; text_font=&#8220;|300|||||||&#8220; text_text_color=&#8220;#000000&#8243; text_font_size=&#8220;18px&#8220; text_line_height=&#8220;1.4em&#8220; link_font=&#8220;|700|on||on||||&#8220; link_text_color=&#8220;#4900db&#8220; link_font_size=&#8220;18px&#8220; header_2_font_size=&#8220;2em&#8220; header_2_line_height=&#8220;1.2em&#8220; hover_enabled=&#8220;0&#8243; text_font_size_tablet=&#8220;&#8220; text_font_size_phone=&#8220;15px&#8220; text_font_size_last_edited=&#8220;on|phone&#8220; global_colors_info=&#8220;{}&#8220; link_text_color__hover_enabled=&#8220;on|hover&#8220; link_text_color__hover=&#8220;#FFC526&#8243; sticky_enabled=&#8220;0&#8243;]<\/p>\n<h2 id=\"experience-the-benefits\">Erleben Sie die Vorteile<\/h2>\n<p>Schlie\u00dfen Sie sich der wachsenden Zahl von Hotels an, die KI-Technologie nutzen, um ihren Buchungsprozess zu revolutionieren. Unser Hotel Search Assistant verbessert nicht nur die G\u00e4stezufriedenheit, sondern steigert auch Ihren Gewinn, indem er die Buchungen erh\u00f6ht und die betriebliche Effizienz optimiert.<\/p>\n<p><strong>Sind Sie bereit, Ihr G\u00e4steerlebnis zu verbessern?<\/strong> Beginnen Sie noch heute mit unserem Hotel Search Assistant und ver\u00e4ndern Sie die Art und Weise, wie Sie mit Ihren G\u00e4sten in Kontakt treten. Verbessern Sie die Zufriedenheit, rationalisieren Sie die Abl\u00e4ufe und stellen Sie sicher, dass jeder Gast von der Suche bis zur Buchung ein au\u00dfergew\u00f6hnliches Erlebnis hat.<\/p>\n<p style=\"text-align: center;\"><strong>Entdecken Sie mit uns die Zukunft der Hotelbuchung. <a href=\"https:\/\/proaa.agency\/de\/buchung\/\">Buchen Sie noch heute ein kostenloses Informationsgespr\u00e4ch<\/a>. Ihre G\u00e4ste werden es Ihnen danken.<\/strong><\/p>\n<p>[\/et_pb_text][\/et_pb_column][\/et_pb_row][et_pb_row _builder_version=&#8220;4.25.0&#8243; _module_preset=&#8220;default&#8220; width=&#8220;100%&#8220; max_width=&#8220;100%&#8220; module_alignment=&#8220;center&#8220; custom_margin=&#8220;||0px||false|false&#8220; custom_padding=&#8220;0px||0px||true|false&#8220; locked=&#8220;off&#8220; global_colors_info=&#8220;{}&#8220;][et_pb_column type=&#8220;4_4&#8243; _builder_version=&#8220;4.25.0&#8243; _module_preset=&#8220;default&#8220; global_colors_info=&#8220;{}&#8220;][et_pb_text module_class=&#8220;divioverlay-25794&#8243; _builder_version=&#8220;4.25.1&#8243; _module_preset=&#8220;default&#8220; text_text_color=&#8220;#FFFFFF&#8220; link_text_color=&#8220;#FFFFFF&#8220; header_2_font=&#8220;|600||on|||||&#8220; header_2_text_align=&#8220;center&#8220; header_2_text_color=&#8220;#FFFFFF&#8220; background_color=&#8220;#000000&#8243; width=&#8220;100%&#8220; module_alignment=&#8220;center&#8220; custom_margin=&#8220;0px|0px|0px|0px|true|true&#8220; custom_padding=&#8220;5px|5px|0px|5px|false|true&#8220; global_colors_info=&#8220;{}&#8220;]<\/p>\n<h2>Hier klicken \ud83d\udd17 zum Testen<\/h2>\n<p>[\/et_pb_text][\/et_pb_column][\/et_pb_row][\/et_pb_section]<\/p>\n","protected":false},"excerpt":{"rendered":"<p>Der Hotelsuchassistent ist ein entscheidendes erstes Element der Customer Journey und ver\u00e4ndert die Art und Weise, wie G\u00e4ste ihre Reisen suchen und buchen. Dieses KI-gesteuerte Tool automatisiert den Kundenservice und bietet sofortige Antworten auf Anfragen, detaillierte Zimmerbeschreibungen und personalisierte Empfehlungen. Von dem Moment an, in dem der Gast seine Suche beginnt, bietet der Hotelsuchassistent eine nahtlose, effiziente Unterst\u00fctzung, die das Erlebnis und die Zufriedenheit des Gastes verbessert. Durch die Vereinfachung des Buchungsprozesses und die Bearbeitung von Sonderw\u00fcnschen wird ein reibungsloser \u00dcbergang von der Suche zur Reservierung gew\u00e4hrleistet, der die Voraussetzungen f\u00fcr einen unvergesslichen Aufenthalt schafft und eine langfristige Kundenbindung f\u00f6rdert.<\/p>\n","protected":false},"author":1,"featured_media":25817,"parent":25484,"menu_order":0,"comment_status":"closed","ping_status":"closed","template":"","meta":{"_et_pb_use_builder":"on","_et_pb_old_content":"","_et_gb_content_width":"","footnotes":""},"class_list":["post-25840","page","type-page","status-publish","has-post-thumbnail","hentry"],"_links":{"self":[{"href":"https:\/\/proaa.agency\/de\/wp-json\/wp\/v2\/pages\/25840","targetHints":{"allow":["GET"]}}],"collection":[{"href":"https:\/\/proaa.agency\/de\/wp-json\/wp\/v2\/pages"}],"about":[{"href":"https:\/\/proaa.agency\/de\/wp-json\/wp\/v2\/types\/page"}],"author":[{"embeddable":true,"href":"https:\/\/proaa.agency\/de\/wp-json\/wp\/v2\/users\/1"}],"replies":[{"embeddable":true,"href":"https:\/\/proaa.agency\/de\/wp-json\/wp\/v2\/comments?post=25840"}],"version-history":[{"count":2,"href":"https:\/\/proaa.agency\/de\/wp-json\/wp\/v2\/pages\/25840\/revisions"}],"predecessor-version":[{"id":25845,"href":"https:\/\/proaa.agency\/de\/wp-json\/wp\/v2\/pages\/25840\/revisions\/25845"}],"up":[{"embeddable":true,"href":"https:\/\/proaa.agency\/de\/wp-json\/wp\/v2\/pages\/25484"}],"wp:featuredmedia":[{"embeddable":true,"href":"https:\/\/proaa.agency\/de\/wp-json\/wp\/v2\/media\/25817"}],"wp:attachment":[{"href":"https:\/\/proaa.agency\/de\/wp-json\/wp\/v2\/media?parent=25840"}],"curies":[{"name":"wp","href":"https:\/\/api.w.org\/{rel}","templated":true}]}}