{"id":25778,"date":"2024-05-12T12:15:01","date_gmt":"2024-05-12T19:15:01","guid":{"rendered":"https:\/\/proaa.agency\/prototypen\/maximieren-sie-ihre-hotelertraege-mit-ki-automatisierung\/"},"modified":"2024-05-12T13:05:22","modified_gmt":"2024-05-12T20:05:22","slug":"maximieren-sie-ihre-hotelertraege-mit-ki-automatisierung","status":"publish","type":"page","link":"https:\/\/proaa.agency\/de\/prototypen\/maximieren-sie-ihre-hotelertraege-mit-ki-automatisierung\/","title":{"rendered":"Maximieren Sie Ihre Hotelertr\u00e4ge mit KI-Automatisierung"},"content":{"rendered":"<p>[et_pb_section fb_built=&#8220;1&#8243; admin_label=&#8220;Divi Flexile Hero Section 17&#8243; _builder_version=&#8220;4.25.0&#8243; _module_preset=&#8220;default&#8220; background_color=&#8220;#ffffff&#8220; background_color_gradient_direction=&#8220;90deg&#8220; background_enable_image=&#8220;off&#8220; min_height=&#8220;100vh&#8220; custom_padding=&#8220;20px||20px||true|false&#8220; animation_style=&#8220;fade&#8220; animation_delay=&#8220;300ms&#8220; global_colors_info=&#8220;{}&#8220;][et_pb_row _builder_version=&#8220;4.25.0&#8243; _module_preset=&#8220;default&#8220; position_origin_a=&#8220;top_center&#8220; width=&#8220;100%&#8220; max_width=&#8220;100%&#8220; custom_margin=&#8220;0px||||false|false&#8220; custom_padding=&#8220;0px||0px||true|false&#8220; locked=&#8220;off&#8220; global_colors_info=&#8220;{}&#8220;][et_pb_column type=&#8220;4_4&#8243; _builder_version=&#8220;4.25.0&#8243; _module_preset=&#8220;default&#8220; global_colors_info=&#8220;{}&#8220;][et_pb_text module_class=&#8220;divioverlay-25705&#8243; _builder_version=&#8220;4.25.0&#8243; _module_preset=&#8220;default&#8220; text_text_color=&#8220;#FFFFFF&#8220; link_text_color=&#8220;#FFFFFF&#8220; header_2_font=&#8220;|600||on|||||&#8220; header_2_text_align=&#8220;center&#8220; header_2_text_color=&#8220;#FFFFFF&#8220; background_color=&#8220;#000000&#8243; width=&#8220;100%&#8220; module_alignment=&#8220;center&#8220; custom_margin=&#8220;0px|0px|0px|0px|true|true&#8220; custom_padding=&#8220;10px|5px|0px|5px|false|true&#8220; global_colors_info=&#8220;{}&#8220;]<\/p>\n<h2>Hier klicken \ud83d\udd17 zum \u00d6ffnen des Assistenten<\/h2>\n<p>[\/et_pb_text][\/et_pb_column][\/et_pb_row][et_pb_row column_structure=&#8220;1_2,1_2&#8243; _builder_version=&#8220;4.25.0&#8243; _module_preset=&#8220;default&#8220; max_width=&#8220;1600px&#8220; module_alignment=&#8220;center&#8220; custom_margin=&#8220;0px|0px|0px|0px|true|true&#8220; custom_css_main_element=&#8220;display: flex;||align-items: center;||flex-wrap: wrap;&#8220; global_colors_info=&#8220;{}&#8220;][et_pb_column type=&#8220;1_2&#8243; _builder_version=&#8220;4.16&#8243; _module_preset=&#8220;default&#8220; global_colors_info=&#8220;{}&#8220;][et_pb_text admin_label=&#8220;Flexile Perfection&#8220; module_class=&#8220;divioverlay-25705&#8243; _builder_version=&#8220;4.25.0&#8243; _module_preset=&#8220;default&#8220; header_font=&#8220;Aboreto|700|||||||&#8220; header_font_size=&#8220;60px&#8220; header_line_height=&#8220;1.1em&#8220; header_font_size_tablet=&#8220;50px&#8220; header_font_size_phone=&#8220;40px&#8220; header_font_size_last_edited=&#8220;on|phone&#8220; global_colors_info=&#8220;{}&#8220;]<\/p>\n<h1 id=\"maximizing-hotel-revenue-with-proaaa-hotel-price-comparison-api-and-best-available-rate-strategy\">Virtuelle Assistentin f\u00fcr Urlaubsbuchungen<\/h1>\n<p>[\/et_pb_text][et_pb_text ul_position=&#8220;inside&#8220; ul_item_indent=&#8220;25px&#8220; _builder_version=&#8220;4.25.0&#8243; _module_preset=&#8220;default&#8220; text_font=&#8220;|300|||||||&#8220; text_text_color=&#8220;#000000&#8243; text_font_size=&#8220;16px&#8220; text_line_height=&#8220;1.8em&#8220; link_font=&#8220;|700|on||on||||&#8220; link_text_color=&#8220;#4900db&#8220; link_font_size=&#8220;18px&#8220; header_2_font=&#8220;|600|||||||&#8220; text_font_size_tablet=&#8220;&#8220; text_font_size_phone=&#8220;15px&#8220; text_font_size_last_edited=&#8220;on|desktop&#8220; global_colors_info=&#8220;{}&#8220; link_text_color__hover_enabled=&#8220;on|hover&#8220; link_text_color__hover=&#8220;#FFC526&#8243;]<\/p>\n<p>In einem <strong>Reisemarkt, der auf \u00fcber 850 Milliarden Dollar gesch\u00e4tzt wird<\/strong>, ist der Wettbewerb unter den Hotels sehr hart. Gro\u00dfe Plattformen wie Booking.com, die einen bedeutenden Teil des Marktes kontrollieren, haben hohe Wettbewerbsstandards festgelegt, die andere Hotels erf\u00fcllen m\u00fcssen, um erfolgreich zu sein.<\/p>\n<p>Einf\u00fchrung strategischer Tools wie die ProAAA Hotelpreisvergleichsl\u00f6sung und die Best Available Rate (BAR) Strategie. Diese sind entscheidend f\u00fcr kleinere Unternehmen, die ihre Marktpr\u00e4senz und Rentabilit\u00e4t verbessern wollen.<\/p>\n<h2 id=\"insight-into-best-available-rate-bar-strategy\">Einblicke in die Best Available Rate (BAR) Strategie<\/h2>\n<p>Bei der BAR-Strategie handelt es sich um ein Preismodell, das den G\u00e4sten den niedrigstm\u00f6glichen Preis f\u00fcr ein Zimmer an einem bestimmten Tag anbietet, ohne zus\u00e4tzliche Rabatte oder Werbeaktionen. Dieses Modell passt sich auf der Grundlage verschiedener Faktoren dynamisch an:<\/p>\n<ul>\n<li><strong>Nachfrage und Belegung:<\/strong> Eine h\u00f6here Nachfrage erh\u00f6ht das BAR.<\/li>\n<li><strong>Preisgestaltung der Konkurrenz:<\/strong> Sicherstellen, dass die Preise wettbewerbsf\u00e4hig sind, um G\u00e4ste anzuziehen.<\/li>\n<li><strong>Saisonabh\u00e4ngigkeit und besondere Ereignisse:<\/strong> Die Tarife werden in der Hochsaison oder bei Veranstaltungen angepasst, um die Einnahmen zu maximieren.<\/li>\n<\/ul>\n<p>Die Umsetzung der BAR-Strategie hilft Hotels, ihre Preise pro Zimmer zu optimieren, die Wettbewerbsf\u00e4higkeit zu verbessern, die Kundenzufriedenheit zu steigern und letztendlich die Buchungen und den Umsatz zu erh\u00f6hen.<\/p>\n<h2 id=\"leveraging-proaaa-hotel-price-comparison-solutions-for-competitive-edge\">ProAAA Hotelpreisvergleichsl\u00f6sungen als Wettbewerbsvorteil nutzen<\/h2>\n<p>ProAAA Solution ist ein leistungsstarkes Werkzeug in diesem wettbewerbsintensiven Umfeld, mit dem Hotels ihre Preise \u00fcberwachen und mit denen von \u00fcber 200 OTAs vergleichen k\u00f6nnen, darunter auch Giganten wie Booking.com und Expedia.<\/p>\n<p>Hier erfahren Sie, wie die Integration von ProAAA Solution Ihr Unternehmen ver\u00e4ndern kann:<\/p>\n<ul>\n<li><strong>Transparente Preisgestaltung:<\/strong> Zeigen Sie die wettbewerbsf\u00e4higsten Tarife auf Ihrer Plattform an und stellen Sie so sicher, dass die G\u00e4ste das bestm\u00f6gliche Angebot erhalten.<\/li>\n<li><strong>Steigerung der Einnahmen:<\/strong> Eine wettbewerbsf\u00e4higere Preisgestaltung f\u00fchrt zu mehr Buchungen und steigert Ihren Gewinn.<\/li>\n<li><strong>Operative Effizienz:<\/strong> Die Automatisierung der Datenerfassung spart Zeit und Ressourcen, so dass Sie sich auf andere strategische Bereiche konzentrieren k\u00f6nnen.<\/li>\n<li><strong>Flexibilit\u00e4t und Anpassungsf\u00e4higkeit:<\/strong> Passen Sie die automatisierte L\u00f6sung an Ihre speziellen Bed\u00fcrfnisse an, ob Sie nun die Preise f\u00fcr die gesamte Stadt pr\u00fcfen oder sich auf ein bestimmtes Segment wie Luxushotels konzentrieren.<\/li>\n<li><strong>Vertrauen und Loyalit\u00e4t aufbauen:<\/strong> Transparenz f\u00f6rdert das Vertrauen. Kunden kehren eher zu einer Plattform zur\u00fcck, die stets die besten Tarife anbietet.<\/li>\n<\/ul>\n<p>[\/et_pb_text][et_pb_button button_url=&#8220;https:\/\/proaa.agency\/de\/buchung\/&#8220; url_new_window=&#8220;on&#8220; button_text=&#8220;Kostenlose Beratungen buchen&#8220; button_alignment=&#8220;center&#8220; admin_label=&#8220;Book Free Consultations&#8220; _builder_version=&#8220;4.25.0&#8243; _module_preset=&#8220;default&#8220; custom_button=&#8220;on&#8220; button_text_size=&#8220;14px&#8220; button_text_color=&#8220;#FFFFFF&#8220; button_bg_color=&#8220;#000000&#8243; button_border_width=&#8220;0px&#8220; button_border_radius=&#8220;5px&#8220; button_letter_spacing=&#8220;1px&#8220; button_font=&#8220;Poppins|||on|||||&#8220; button_use_icon=&#8220;off&#8220; custom_margin=&#8220;50px||||false|false&#8220; custom_padding=&#8220;14px|50px|14px|50px|true|true&#8220; box_shadow_style=&#8220;preset1&#8243; box_shadow_blur=&#8220;30px&#8220; box_shadow_spread=&#8220;-4px&#8220; box_shadow_color=&#8220;#000000&#8243; locked=&#8220;off&#8220; global_colors_info=&#8220;{}&#8220; button_bg_color__hover_enabled=&#8220;off|desktop&#8220; button_bg_enable_color__hover=&#8220;on&#8220; button_text_color__hover_enabled=&#8220;on|desktop&#8220; button_text_color__hover=&#8220;#FFC526&#8243; custom_padding__hover_enabled=&#8220;off|hover&#8220; box_shadow_color__hover_enabled=&#8220;on|desktop&#8220; box_shadow_color__hover=&#8220;RGBA(255,255,255,0)&#8220;][\/et_pb_button][\/et_pb_column][et_pb_column type=&#8220;1_2&#8243; _builder_version=&#8220;4.16&#8243; _module_preset=&#8220;default&#8220; global_colors_info=&#8220;{}&#8220;][et_pb_image src=&#8220;https:\/\/proaa.agency\/wp-content\/uploads\/2024\/05\/Maximize-Hotel-Revenue-with-AI-Automation-1.webp&#8220; alt=&#8220;Maximieren Sie Ihre Hotelertr\u00e4ge mit KI-Automatisierung&#8220; title_text=&#8220;Maximieren Sie Ihre Hotelertr\u00e4ge mit KI-Automatisierung&#8220; url=&#8220;#&#8220; module_class=&#8220;divioverlay-25705&#8243; _builder_version=&#8220;4.25.0&#8243; _module_preset=&#8220;default&#8220; hover_enabled=&#8220;0&#8243; global_colors_info=&#8220;{}&#8220; sticky_enabled=&#8220;0&#8243;][\/et_pb_image][et_pb_text ul_position=&#8220;inside&#8220; ul_item_indent=&#8220;25px&#8220; _builder_version=&#8220;4.25.0&#8243; _module_preset=&#8220;default&#8220; text_font=&#8220;|300|||||||&#8220; text_text_color=&#8220;#000000&#8243; text_font_size=&#8220;16px&#8220; text_line_height=&#8220;1.8em&#8220; link_font=&#8220;|700|on||on||||&#8220; link_text_color=&#8220;#4900db&#8220; link_font_size=&#8220;18px&#8220; header_2_font=&#8220;|600|||||||&#8220; text_font_size_tablet=&#8220;&#8220; text_font_size_phone=&#8220;15px&#8220; text_font_size_last_edited=&#8220;on|desktop&#8220; global_colors_info=&#8220;{}&#8220; link_text_color__hover_enabled=&#8220;on|hover&#8220; link_text_color__hover=&#8220;#FFC526&#8243;]<\/p>\n<h2 id=\"integrating-bar-with-proaaa-for-optimal-pricing\">Integration von BAR mit ProAAA f\u00fcr eine optimale Preisgestaltung<\/h2>\n<p>Die wahre St\u00e4rke liegt in der Integration von BAR mit Echtzeitdaten von ProAAA. Diese Synergie erm\u00f6glicht es Hotels:<\/p>\n<ul>\n<li><strong>Preise dynamisch anpassen:<\/strong> Reagieren Sie in Echtzeit auf Ver\u00e4nderungen der Wettbewerbslandschaft und der Nachfrage.<\/li>\n<li><strong>Verstehen Sie die Marktdynamik:<\/strong> Nutzen Sie umfassende Daten, um fundierte Preisentscheidungen zu verschiedenen Jahreszeiten und Ereignissen zu treffen.<\/li>\n<li><strong>Verbessern Sie das G\u00e4steerlebnis:<\/strong> Bieten Sie Tarife an, die nicht nur wettbewerbsf\u00e4hig, sondern auch fair sind, um Wiederholungsbesuche zu f\u00f6rdern.<\/li>\n<\/ul>\n<h2 id=\"why-you-need-this-solution-\">Warum Sie diese L\u00f6sung brauchen?<\/h2>\n<p>Der Wettbewerb in der Reisebranche zwingt die Anbieter von Unterk\u00fcnften dazu, innovative Strategien und Technologien einzusetzen, um an der Spitze zu bleiben.<\/p>\n<p>Durch die Integration der BAR-Strategie mit den Erkenntnissen aus dem ProAAA Hotelpreisvergleich k\u00f6nnen Hotels, AirBnB-Besitzer usw. wettbewerbsf\u00e4hige Preise anbieten, die G\u00e4stezufriedenheit verbessern und den Umsatz erheblich steigern.<\/p>\n<p>Bei dieser L\u00f6sung geht es nicht nur darum, die Wettbewerbsf\u00e4higkeit zu erhalten, sondern auch darum, neue Ma\u00dfst\u00e4be in der Gastfreundschaft und Kundenbetreuung zu setzen.<\/p>\n<p style=\"text-align: center;\">\n            <a title=\"Link zur Buchungsseite\" href=\"https:\/\/proaa.agency\/de\/buchung\/\" target=\"_blank\" rel=\"noopener\"><br \/>\n              <strong>Klicken Sie hier, um die Buchungen und Einnahmen Ihres Hotels zu steigern<\/strong><br \/>\n            <\/a>\n          <\/p>\n<p>[\/et_pb_text][\/et_pb_column][\/et_pb_row][et_pb_row _builder_version=&#8220;4.25.0&#8243; _module_preset=&#8220;default&#8220; width=&#8220;100%&#8220; max_width=&#8220;100%&#8220; module_alignment=&#8220;center&#8220; custom_margin=&#8220;||0px||false|false&#8220; custom_padding=&#8220;0px||0px||true|false&#8220; locked=&#8220;off&#8220; global_colors_info=&#8220;{}&#8220;][et_pb_column type=&#8220;4_4&#8243; _builder_version=&#8220;4.25.0&#8243; _module_preset=&#8220;default&#8220; global_colors_info=&#8220;{}&#8220;][et_pb_text module_class=&#8220;divioverlay-25705&#8243; _builder_version=&#8220;4.25.0&#8243; _module_preset=&#8220;default&#8220; text_text_color=&#8220;#FFFFFF&#8220; link_text_color=&#8220;#FFFFFF&#8220; header_2_font=&#8220;|600||on|||||&#8220; header_2_text_align=&#8220;center&#8220; header_2_text_color=&#8220;#FFFFFF&#8220; background_color=&#8220;#000000&#8243; width=&#8220;100%&#8220; module_alignment=&#8220;center&#8220; custom_margin=&#8220;0px|0px|0px|0px|true|true&#8220; custom_padding=&#8220;5px|5px|0px|5px|false|true&#8220; global_colors_info=&#8220;{}&#8220;]<\/p>\n<h2>Hier klicken \ud83d\udd17 zum Testen<\/h2>\n<p>[\/et_pb_text][\/et_pb_column][\/et_pb_row][\/et_pb_section]<\/p>\n","protected":false},"excerpt":{"rendered":"<p>Die Nebensaison kann f\u00fcr Hotels schwierig sein, aber sie ist auch eine Zeit f\u00fcr Innovationen. In diesem Artikel werden sieben strategische Methoden zur Steigerung der Auslastung und der Rentabilit\u00e4t vorgestellt, wie z.B. die Nutzung der ProAAA Hotel Price Comparison L\u00f6sung f\u00fcr wettbewerbsf\u00e4hige Preise, die Verbesserung des digitalen Marketings und die Zusammenarbeit mit lokalen Veranstaltungen. Au\u00dferdem wird die Integration von KI-Automatisierung \u00fcber Chatbots betont, um personalisierte Kundeninteraktionen zu erm\u00f6glichen, die 24\/7 verf\u00fcgbar sind. Erfahren Sie, wie Sie mit diesen Ans\u00e4tzen die Nebensaison in eine Wachstumsperiode verwandeln k\u00f6nnen, die Ihnen dabei hilft, neue G\u00e4ste anzuziehen, Ihren Betrieb zu verbessern und gleichzeitig Ihre Marktreichweite zu vergr\u00f6\u00dfern.<\/p>\n","protected":false},"author":1,"featured_media":0,"parent":25484,"menu_order":0,"comment_status":"closed","ping_status":"closed","template":"","meta":{"_et_pb_use_builder":"on","_et_pb_old_content":"","_et_gb_content_width":"","footnotes":""},"class_list":["post-25778","page","type-page","status-publish","hentry"],"_links":{"self":[{"href":"https:\/\/proaa.agency\/de\/wp-json\/wp\/v2\/pages\/25778","targetHints":{"allow":["GET"]}}],"collection":[{"href":"https:\/\/proaa.agency\/de\/wp-json\/wp\/v2\/pages"}],"about":[{"href":"https:\/\/proaa.agency\/de\/wp-json\/wp\/v2\/types\/page"}],"author":[{"embeddable":true,"href":"https:\/\/proaa.agency\/de\/wp-json\/wp\/v2\/users\/1"}],"replies":[{"embeddable":true,"href":"https:\/\/proaa.agency\/de\/wp-json\/wp\/v2\/comments?post=25778"}],"version-history":[{"count":2,"href":"https:\/\/proaa.agency\/de\/wp-json\/wp\/v2\/pages\/25778\/revisions"}],"predecessor-version":[{"id":25780,"href":"https:\/\/proaa.agency\/de\/wp-json\/wp\/v2\/pages\/25778\/revisions\/25780"}],"up":[{"embeddable":true,"href":"https:\/\/proaa.agency\/de\/wp-json\/wp\/v2\/pages\/25484"}],"wp:attachment":[{"href":"https:\/\/proaa.agency\/de\/wp-json\/wp\/v2\/media?parent=25778"}],"curies":[{"name":"wp","href":"https:\/\/api.w.org\/{rel}","templated":true}]}}