{"id":25484,"date":"2024-04-28T04:48:41","date_gmt":"2024-04-28T11:48:41","guid":{"rendered":"https:\/\/proaa.agency\/prototypen\/"},"modified":"2024-05-29T12:02:50","modified_gmt":"2024-05-29T19:02:50","slug":"prototypen","status":"publish","type":"page","link":"https:\/\/proaa.agency\/de\/prototypen\/","title":{"rendered":"KI Prototypen"},"content":{"rendered":"<p>[et_pb_section fb_built=&#8220;1&#8243; _builder_version=&#8220;4.25.0&#8243; _module_preset=&#8220;default&#8220; global_colors_info=&#8220;{}&#8220;][et_pb_row _builder_version=&#8220;4.25.0&#8243; _module_preset=&#8220;default&#8220; global_colors_info=&#8220;{}&#8220;][et_pb_column type=&#8220;4_4&#8243; _builder_version=&#8220;4.25.0&#8243; _module_preset=&#8220;default&#8220; global_colors_info=&#8220;{}&#8220;][et_pb_text _builder_version=&#8220;4.25.0&#8243; _module_preset=&#8220;default&#8220; header_font=&#8220;Poppins|600||on|||||&#8220; header_text_align=&#8220;center&#8220; global_colors_info=&#8220;{}&#8220;]<\/p>\n<h1>Prototypen<\/h1>\n<p>[\/et_pb_text][\/et_pb_column][\/et_pb_row][et_pb_row column_structure=&#8220;1_3,1_3,1_3&#8243; _builder_version=&#8220;4.25.0&#8243; _module_preset=&#8220;default&#8220; global_colors_info=&#8220;{}&#8220;][et_pb_column type=&#8220;1_3&#8243; _builder_version=&#8220;4.25.0&#8243; _module_preset=&#8220;default&#8220; global_colors_info=&#8220;{}&#8220;][et_pb_image src=&#8220;https:\/\/proaa.agency\/wp-content\/uploads\/2024\/04\/Tires-Assistant-Icon.webp&#8220; alt=&#8220;Tires Assistant Icon&#8220; title_text=&#8220;Tires Assistant Icon&#8220; url=&#8220;https:\/\/proaa.agency\/de\/prototypen\/reifenassistent\/&#8220; url_new_window=&#8220;on&#8220; use_overlay=&#8220;on&#8220; overlay_icon_color=&#8220;#000000&#8243; hover_overlay_color=&#8220;rgba(255,255,255,0.8)&#8220; hover_icon=&#8220;&#x30;||divi||400&#8243; align=&#8220;center&#8220; _builder_version=&#8220;4.25.0&#8243; _module_preset=&#8220;default&#8220; global_colors_info=&#8220;{}&#8220;][\/et_pb_image][et_pb_text _builder_version=&#8220;4.25.0&#8243; _module_preset=&#8220;default&#8220; header_2_font=&#8220;|600|||||||&#8220; header_2_text_align=&#8220;center&#8220; header_2_font_size=&#8220;2em&#8220; link_option_url=&#8220;https:\/\/proaa.agency\/de\/prototypen\/reifenassistent\/&#8220; link_option_url_new_window=&#8220;on&#8220; global_colors_info=&#8220;{}&#8220; header_2_text_color__hover_enabled=&#8220;on|desktop&#8220; header_2_text_color__hover=&#8220;#FFC526&#8243;]<\/p>\n<h2>Reifenassistent<\/h2>\n<p>[\/et_pb_text][\/et_pb_column][et_pb_column type=&#8220;1_3&#8243; _builder_version=&#8220;4.25.0&#8243; _module_preset=&#8220;default&#8220; global_colors_info=&#8220;{}&#8220;][et_pb_image src=&#8220;https:\/\/proaa.agency\/wp-content\/uploads\/2024\/04\/Copywriting-Virtual-Assistant-Icon.webp&#8220; alt=&#8220;Copywriting Virtual Assistant Icon&#8220; title_text=&#8220;Copywriting Virtual Assistant Icon&#8220; url=&#8220;https:\/\/proaa.agency\/de\/prototypen\/virtueller-assistent-fur-copywriting\/&#8220; url_new_window=&#8220;on&#8220; use_overlay=&#8220;on&#8220; overlay_icon_color=&#8220;#000000&#8243; hover_overlay_color=&#8220;rgba(255,255,255,0.8)&#8220; hover_icon=&#8220;&#x30;||divi||400&#8243; align=&#8220;center&#8220; _builder_version=&#8220;4.25.0&#8243; _module_preset=&#8220;default&#8220; global_colors_info=&#8220;{}&#8220;][\/et_pb_image][et_pb_text _builder_version=&#8220;4.25.0&#8243; _module_preset=&#8220;default&#8220; header_2_font=&#8220;|600|||||||&#8220; header_2_text_align=&#8220;center&#8220; header_2_font_size=&#8220;2em&#8220; link_option_url=&#8220;https:\/\/proaa.agency\/de\/prototypen\/virtueller-assistent-fur-copywriting\/&#8220; link_option_url_new_window=&#8220;on&#8220; global_colors_info=&#8220;{}&#8220; header_2_text_color__hover=&#8220;#FFC526&#8243; header_2_text_color__hover_enabled=&#8220;on|desktop&#8220;]<\/p>\n<h2>Werbetexten<br \/>Virtueller Assistent<\/h2>\n<p>[\/et_pb_text][\/et_pb_column][et_pb_column type=&#8220;1_3&#8243; _builder_version=&#8220;4.25.0&#8243; _module_preset=&#8220;default&#8220; global_colors_info=&#8220;{}&#8220;][et_pb_image src=&#8220;https:\/\/proaa.agency\/wp-content\/uploads\/2024\/05\/Maximize-Hotel-Revenue-with-AI-Automation-Prototype-Icon-1.webp&#8220; alt=&#8220;Maximierung des Hotelumsatzes mit KI-Automatisierung Prototyp Icon&#8220; title_text=&#8220;Maximierung des Hotelumsatzes mit KI-Automatisierung Prototyp Icon&#8220; url=&#8220;https:\/\/proaa.agency\/de\/prototypen\/maximieren-sie-ihre-hotelertraege-mit-ki-automatisierung\/&#8220; url_new_window=&#8220;on&#8220; use_overlay=&#8220;on&#8220; overlay_icon_color=&#8220;#000000&#8243; hover_overlay_color=&#8220;rgba(255,255,255,0.8)&#8220; hover_icon=&#8220;&#x30;||divi||400&#8243; align=&#8220;center&#8220; _builder_version=&#8220;4.25.0&#8243; _module_preset=&#8220;default&#8220; global_colors_info=&#8220;{}&#8220;][\/et_pb_image][et_pb_text _builder_version=&#8220;4.25.1&#8243; _module_preset=&#8220;default&#8220; header_2_font=&#8220;|600|||||||&#8220; header_2_text_align=&#8220;center&#8220; header_2_font_size=&#8220;2em&#8220; link_option_url=&#8220;https:\/\/proaa.agency\/de\/prototypen\/maximieren-sie-ihre-hotelertraege-mit-ki-automatisierung\/&#8220; link_option_url_new_window=&#8220;on&#8220; hover_enabled=&#8220;0&#8243; global_colors_info=&#8220;{}&#8220; header_2_text_color__hover=&#8220;#FFC526&#8243; header_2_text_color__hover_enabled=&#8220;on|desktop&#8220; sticky_enabled=&#8220;0&#8243;]<\/p>\n<h2>Ferien buchen<br \/>Virtueller Assistent<\/h2>\n<p>[\/et_pb_text][\/et_pb_column][\/et_pb_row][et_pb_row column_structure=&#8220;1_3,1_3,1_3&#8243; _builder_version=&#8220;4.25.0&#8243; _module_preset=&#8220;default&#8220; global_colors_info=&#8220;{}&#8220;][et_pb_column type=&#8220;1_3&#8243; _builder_version=&#8220;4.25.0&#8243; _module_preset=&#8220;default&#8220; global_colors_info=&#8220;{}&#8220;][et_pb_image src=&#8220;https:\/\/proaa.agency\/wp-content\/uploads\/2024\/05\/Hotel-Search-Assistant-Prototype.webp&#8220; alt=&#8220;Prototyp eines Hotelsuchassistenten&#8220; title_text=&#8220;Prototyp eines Hotelsuchassistenten&#8220; url=&#8220;https:\/\/proaa.agency\/de\/prototypen\/assistentin-fuer-hotelsuche\/&#8220; url_new_window=&#8220;on&#8220; use_overlay=&#8220;on&#8220; overlay_icon_color=&#8220;#000000&#8243; hover_overlay_color=&#8220;rgba(255,255,255,0.8)&#8220; hover_icon=&#8220;&#x30;||divi||400&#8243; align=&#8220;center&#8220; _builder_version=&#8220;4.25.1&#8243; _module_preset=&#8220;default&#8220; hover_enabled=&#8220;0&#8243; global_colors_info=&#8220;{}&#8220; sticky_enabled=&#8220;0&#8243;][\/et_pb_image][et_pb_text _builder_version=&#8220;4.25.1&#8243; _module_preset=&#8220;default&#8220; header_2_font=&#8220;|600|||||||&#8220; header_2_text_align=&#8220;center&#8220; header_2_font_size=&#8220;2em&#8220; hover_enabled=&#8220;0&#8243; global_colors_info=&#8220;{}&#8220; sticky_enabled=&#8220;0&#8243; link_option_url=&#8220;https:\/\/proaa.agency\/de\/prototypen\/assistentin-fuer-hotelsuche\/&#8220; link_option_url_new_window=&#8220;on&#8220;]<\/p>\n<h2>Assistentin f\u00fcr Hotelsuche<\/h2>\n<p>[\/et_pb_text][\/et_pb_column][et_pb_column type=&#8220;1_3&#8243; _builder_version=&#8220;4.25.0&#8243; _module_preset=&#8220;default&#8220; global_colors_info=&#8220;{}&#8220;][et_pb_image src=&#8220;https:\/\/proaa.agency\/wp-content\/uploads\/2024\/04\/Coming-Soon-Prototypes.webp&#8220; alt=&#8220;Coming Soon Prototypes&#8220; title_text=&#8220;Coming Soon Prototypes&#8220; align=&#8220;center&#8220; _builder_version=&#8220;4.25.0&#8243; _module_preset=&#8220;default&#8220; global_colors_info=&#8220;{}&#8220;][\/et_pb_image][et_pb_text _builder_version=&#8220;4.25.0&#8243; _module_preset=&#8220;default&#8220; header_2_font=&#8220;|600|||||||&#8220; header_2_text_align=&#8220;center&#8220; header_2_font_size=&#8220;2em&#8220; global_colors_info=&#8220;{}&#8220;]<\/p>\n<h2>Weitere Prototypen demn\u00e4chst verf\u00fcgbar<\/h2>\n<p>[\/et_pb_text][\/et_pb_column][et_pb_column type=&#8220;1_3&#8243; _builder_version=&#8220;4.25.0&#8243; _module_preset=&#8220;default&#8220; global_colors_info=&#8220;{}&#8220;][\/et_pb_column][\/et_pb_row][\/et_pb_section]<\/p>\n","protected":false},"excerpt":{"rendered":"<p>Willkommen bei der ProAAA-Pr\u00e4sentation von fortschrittlichen KI-Assistenten-Prototypen. Jedes Design wurde entwickelt, um Abl\u00e4ufe zu rationalisieren und die Kundenbindung zu verbessern und spiegelt unser Engagement f\u00fcr innovative KI-L\u00f6sungen wider. Tauchen Sie ein in unser vielf\u00e4ltiges Portfolio und finden Sie den perfekten KI-Assistenten, um Ihre Gesch\u00e4ftsprozesse zu revolutionieren.  <\/p>\n","protected":false},"author":1,"featured_media":25588,"parent":0,"menu_order":0,"comment_status":"closed","ping_status":"closed","template":"","meta":{"_et_pb_use_builder":"on","_et_pb_old_content":"","_et_gb_content_width":"","footnotes":""},"class_list":["post-25484","page","type-page","status-publish","has-post-thumbnail","hentry"],"_links":{"self":[{"href":"https:\/\/proaa.agency\/de\/wp-json\/wp\/v2\/pages\/25484","targetHints":{"allow":["GET"]}}],"collection":[{"href":"https:\/\/proaa.agency\/de\/wp-json\/wp\/v2\/pages"}],"about":[{"href":"https:\/\/proaa.agency\/de\/wp-json\/wp\/v2\/types\/page"}],"author":[{"embeddable":true,"href":"https:\/\/proaa.agency\/de\/wp-json\/wp\/v2\/users\/1"}],"replies":[{"embeddable":true,"href":"https:\/\/proaa.agency\/de\/wp-json\/wp\/v2\/comments?post=25484"}],"version-history":[{"count":8,"href":"https:\/\/proaa.agency\/de\/wp-json\/wp\/v2\/pages\/25484\/revisions"}],"predecessor-version":[{"id":25859,"href":"https:\/\/proaa.agency\/de\/wp-json\/wp\/v2\/pages\/25484\/revisions\/25859"}],"wp:featuredmedia":[{"embeddable":true,"href":"https:\/\/proaa.agency\/de\/wp-json\/wp\/v2\/media\/25588"}],"wp:attachment":[{"href":"https:\/\/proaa.agency\/de\/wp-json\/wp\/v2\/media?parent=25484"}],"curies":[{"name":"wp","href":"https:\/\/api.w.org\/{rel}","templated":true}]}}