{"id":25332,"date":"2024-04-27T07:41:29","date_gmt":"2024-04-27T14:41:29","guid":{"rendered":"https:\/\/proaa.agency\/reifenassistent\/"},"modified":"2024-05-01T05:52:30","modified_gmt":"2024-05-01T12:52:30","slug":"reifenassistent","status":"publish","type":"page","link":"https:\/\/proaa.agency\/de\/prototypen\/reifenassistent\/","title":{"rendered":"Reifenassistent"},"content":{"rendered":"<p>[et_pb_section fb_built=&#8220;1&#8243; admin_label=&#8220;Flexile Hero 22&#8243; _builder_version=&#8220;4.25.0&#8243; _module_preset=&#8220;default&#8220; background_color=&#8220;#000000&#8243; use_background_color_gradient=&#8220;on&#8220; background_color_gradient_direction=&#8220;90deg&#8220; background_color_gradient_stops=&#8220;rgba(150,80,10,0.65) 5%|rgba(91,39,11,0.22) 50%&#8220; background_color_gradient_overlays_image=&#8220;on&#8220; background_color_gradient_start=&#8220;rgba(17,102,54,0.65)&#8220; background_color_gradient_start_position=&#8220;5%&#8220; background_color_gradient_end=&#8220;rgba(17,102,54,0.22)&#8220; background_color_gradient_end_position=&#8220;50%&#8220; background_image=&#8220;https:\/\/proaa.agency\/wp-content\/uploads\/2024\/04\/Tires-Assistant.webp&#8220; background_position=&#8220;center_right&#8220; background_blend=&#8220;multiply&#8220; min_height=&#8220;100vh&#8220; custom_margin=&#8220;0px||0px||true|false&#8220; custom_padding=&#8220;0px||0px||true|false&#8220; custom_css_main_element=&#8220;display: flex;||flex-wrap: wrap;||\/*align-content: flex-end;*\/&#8220; locked=&#8220;off&#8220; global_colors_info=&#8220;{}&#8220;][et_pb_row _builder_version=&#8220;4.25.0&#8243; _module_preset=&#8220;default&#8220; position_origin_a=&#8220;top_center&#8220; width=&#8220;100%&#8220; max_width=&#8220;100%&#8220; custom_margin=&#8220;0px||||false|false&#8220; custom_padding=&#8220;0px||0px||true|false&#8220; global_colors_info=&#8220;{}&#8220;][et_pb_column type=&#8220;4_4&#8243; _builder_version=&#8220;4.25.0&#8243; _module_preset=&#8220;default&#8220; global_colors_info=&#8220;{}&#8220;][et_pb_text module_class=&#8220;divioverlay-25366&#8243; _builder_version=&#8220;4.25.0&#8243; _module_preset=&#8220;default&#8220; header_2_font=&#8220;|600||on|||||&#8220; header_2_text_align=&#8220;center&#8220; background_color=&#8220;#FFC526&#8243; width=&#8220;100%&#8220; module_alignment=&#8220;center&#8220; custom_margin=&#8220;0px|0px|0px|0px|true|true&#8220; custom_padding=&#8220;5px|5px|0px|5px|false|true&#8220; global_colors_info=&#8220;{}&#8220;]<\/p>\n<h2>Hier klicken \ud83d\udd17 zum \u00d6ffnen des Assistenten<\/h2>\n<p>[\/et_pb_text][\/et_pb_column][\/et_pb_row][et_pb_row column_structure=&#8220;1_2,1_2&#8243; _builder_version=&#8220;4.25.0&#8243; _module_preset=&#8220;default&#8220; width=&#8220;90%&#8220; max_width=&#8220;1600px&#8220; module_alignment=&#8220;center&#8220; custom_margin=&#8220;||||false|false&#8220; custom_padding=&#8220;||||false|false&#8220; animation_style=&#8220;fade&#8220; animation_delay=&#8220;500ms&#8220; global_colors_info=&#8220;{}&#8220;][et_pb_column type=&#8220;1_2&#8243; _builder_version=&#8220;4.16&#8243; _module_preset=&#8220;default&#8220; global_colors_info=&#8220;{}&#8220;][et_pb_text admin_label=&#8220;Title&#8220; _builder_version=&#8220;4.25.0&#8243; _module_preset=&#8220;default&#8220; header_font=&#8220;Oswald|600||on|||||&#8220; header_text_color=&#8220;#ffffff&#8220; header_font_size=&#8220;80px&#8220; header_letter_spacing=&#8220;1px&#8220; background_enable_color=&#8220;off&#8220; custom_margin=&#8220;||15px||false|false&#8220; header_font_size_tablet=&#8220;45px&#8220; header_font_size_phone=&#8220;36px&#8220; header_font_size_last_edited=&#8220;on|tablet&#8220; header_text_shadow_style=&#8220;preset4&#8243; header_text_shadow_vertical_length=&#8220;0em&#8220; header_text_shadow_blur_strength=&#8220;0.16em&#8220; header_text_shadow_color=&#8220;#000000&#8243; global_colors_info=&#8220;{}&#8220;]<\/p>\n<h1>Verbessern Sie Ihren Reifenservice mit Tires Assistant: Ihr AI-gesteuerter Gesch\u00e4ftspartner!<\/h1>\n<p>[\/et_pb_text][et_pb_text _builder_version=&#8220;4.25.0&#8243; _module_preset=&#8220;default&#8220; text_font=&#8220;Montserrat||||||||&#8220; text_text_color=&#8220;#ffffff&#8220; text_font_size=&#8220;18px&#8220; text_line_height=&#8220;1.5em&#8220; background_color=&#8220;rgba(0,0,0,0.71)&#8220; width=&#8220;90%&#8220; width_tablet=&#8220;100%&#8220; width_phone=&#8220;100%&#8220; width_last_edited=&#8220;on|phone&#8220; custom_margin=&#8220;||30px||false|false&#8220; custom_padding=&#8220;5px|5px|5px|5px|true|true&#8220; border_radii=&#8220;on|15px|15px|15px|15px&#8220; border_width_all=&#8220;1px&#8220; border_color_all=&#8220;rgba(255,255,255,0.5)&#8220; box_shadow_style=&#8220;preset1&#8243; box_shadow_color=&#8220;#FFFFFF&#8220; global_colors_info=&#8220;{}&#8220;]<\/p>\n<p><strong>Umfassende Unterst\u00fctzung und Verwaltung<\/strong><br \/>Sind Sie mit den t\u00e4glichen Anforderungen in Ihrem Unternehmen \u00fcberfordert und wissen nicht, wo Sie Verbesserungen einf\u00fchren k\u00f6nnen? <strong>ProAAA k\u00fcmmert sich um alles f\u00fcr Sie.<\/strong> Vertrauen Sie darauf, dass wir alle Aspekte der Kundeninteraktion und Serviceverbesserung verwalten <strong>damit Sie sich auf das konzentrieren k\u00f6nnen, was Sie am besten k\u00f6nnen &#8211; Ihr Unternehmen zu f\u00fchren.<\/strong><\/p>\n<p>[\/et_pb_text][et_pb_button button_url=&#8220;https:\/\/proaa.agency\/de\/buchung\/&#8220; url_new_window=&#8220;on&#8220; button_text=&#8220;Kostenloses Gespr\u00e4ch buchen&#8220; button_alignment=&#8220;center&#8220; admin_label=&#8220;Book Free Meeting Now&#8220; _builder_version=&#8220;4.25.0&#8243; _module_preset=&#8220;default&#8220; custom_button=&#8220;on&#8220; button_text_size=&#8220;16px&#8220; button_text_color=&#8220;#FFFFFF&#8220; button_bg_color=&#8220;#ff0000&#8243; button_bg_color_gradient_direction=&#8220;90deg&#8220; button_bg_color_gradient_stops=&#8220;#FF0000 0%|#f76b45 100%&#8220; button_bg_color_gradient_start=&#8220;#FF0000&#8243; button_bg_color_gradient_end=&#8220;#f76b45&#8243; button_border_width=&#8220;1px&#8220; button_border_color=&#8220;#FFFFFF&#8220; button_border_radius=&#8220;50px&#8220; button_font=&#8220;Poppins|600|||||||&#8220; button_use_icon=&#8220;off&#8220; z_index=&#8220;1&#8243; custom_padding=&#8220;15px|50px|15px|40px|false|false&#8220; custom_padding_tablet=&#8220;&#8220; custom_padding_phone=&#8220;10px|45px|10px|35px|false|false&#8220; custom_padding_last_edited=&#8220;on|phone&#8220; box_shadow_style=&#8220;preset1&#8243; box_shadow_blur=&#8220;44px&#8220; box_shadow_spread=&#8220;-3px&#8220; box_shadow_color=&#8220;#000000&#8243; global_colors_info=&#8220;{}&#8220; button_bg_color__hover_enabled=&#8220;on|hover&#8220; button_bg_color_gradient_start__hover=&#8220;#f76b45&#8243; button_bg_color_gradient_type__hover=&#8220;linear&#8220; button_bg_use_color_gradient__hover=&#8220;off&#8220; button_bg_color__hover=&#8220;#ffffff&#8220; button_bg_enable_color__hover=&#8220;on&#8220; button_text_color__hover_enabled=&#8220;on|hover&#8220; button_text_color__hover=&#8220;#ff0000&#8243; button_bg_color_gradient_stops__hover=&#8220;#f76b45 0%|#f76b45 100%&#8220; box_shadow_color__hover_enabled=&#8220;on|desktop&#8220; box_shadow_color__hover=&#8220;RGBA(255,255,255,0)&#8220;][\/et_pb_button][et_pb_text admin_label=&#8220;Content&#8220; _builder_version=&#8220;4.25.0&#8243; _module_preset=&#8220;default&#8220; text_font=&#8220;Montserrat||||||||&#8220; text_text_color=&#8220;#ffffff&#8220; text_font_size=&#8220;17px&#8220; text_line_height=&#8220;1.5em&#8220; background_color=&#8220;rgba(0,0,0,0.5)&#8220; text_orientation=&#8220;center&#8220; width=&#8220;90%&#8220; width_tablet=&#8220;100%&#8220; width_phone=&#8220;100%&#8220; width_last_edited=&#8220;on|phone&#8220; custom_margin=&#8220;||30px||false|false&#8220; custom_padding=&#8220;5px|5px|5px|5px|true|true&#8220; border_radii=&#8220;on|15px|15px|15px|15px&#8220; border_width_all=&#8220;1px&#8220; border_color_all=&#8220;#686868&#8243; global_colors_info=&#8220;{}&#8220; width__hover_enabled=&#8220;off|desktop&#8220;]<\/p>\n<p><strong>Schlie\u00dfen Sie sich den Reihen der Reifenservice-Profis an, die mit Tires Assistant ihre Kundenkontakte und die betriebliche Effizienz revolutionieren.<\/strong><\/p>\n<p>\ud83d\udd27 <strong>Effizienz steigern<\/strong> | \ud83d\udcc8 <strong>Verk\u00e4ufe vorantreiben<\/strong> | \ud83d\udd04 <strong>Operationen automatisieren<\/strong><\/p>\n<p>[\/et_pb_text][\/et_pb_column][et_pb_column type=&#8220;1_2&#8243; _builder_version=&#8220;4.16&#8243; _module_preset=&#8220;default&#8220; global_colors_info=&#8220;{}&#8220;][et_pb_text admin_label=&#8220;Content&#8220; _builder_version=&#8220;4.25.0&#8243; _module_preset=&#8220;default&#8220; text_font=&#8220;Montserrat||||||||&#8220; text_text_color=&#8220;#ffffff&#8220; text_font_size=&#8220;18px&#8220; text_line_height=&#8220;1.5em&#8220; background_color=&#8220;rgba(0,0,0,0.71)&#8220; width=&#8220;90%&#8220; width_tablet=&#8220;100%&#8220; width_phone=&#8220;100%&#8220; width_last_edited=&#8220;on|phone&#8220; custom_margin=&#8220;||30px||false|false&#8220; custom_padding=&#8220;5px|5px|5px|5px|true|true&#8220; hover_enabled=&#8220;0&#8243; border_radii=&#8220;on|15px|15px|15px|15px&#8220; border_width_all=&#8220;2px&#8220; border_color_all=&#8220;#000000&#8243; box_shadow_style=&#8220;preset1&#8243; box_shadow_color=&#8220;#000000&#8243; global_colors_info=&#8220;{}&#8220; width__hover_enabled=&#8220;off|desktop&#8220; sticky_enabled=&#8220;0&#8243;]<\/p>\n<p><strong>Warum Tires Assistant w\u00e4hlen?<\/strong><\/p>\n<p><strong>Automatisierte Kundeninteraktionen:<\/strong> Vereinfachen Sie Ihre Kundenkommunikation mit KI-gesteuerten Antworten. Von der Bearbeitung von Anfragen bis hin zu Reifenempfehlungen, Tires Assistant k\u00fcmmert sich umgehend und professionell um Ihre Kunden, verk\u00fcrzt Wartezeiten und verbessert die Servicequalit\u00e4t.<\/p>\n<p><strong>Intelligente Empfehlungen:<\/strong> Nutzen Sie unsere KI-Technologie, um personalisierte Reifenvorschl\u00e4ge auf der Grundlage von Fahrzeugtyp, Fahrbedingungen und Kundenpr\u00e4ferenzen anzubieten.. Steigern Sie den Umsatz und das Vertrauen Ihrer Kunden mit intelligenten und auf die Bed\u00fcrfnisse jedes einzelnen Kunden zugeschnittenen Empfehlungen.<\/p>\n<p><strong>Effiziente Terminplanung:<\/strong> Optimieren Sie Ihren Arbeitsablauf mit automatischer Planung. Tires Assistant kann Buchungen verwalten, Erinnerungen versenden und Zeitpl\u00e4ne in Echtzeit anpassen, so dass sich Ihre Mitarbeiter auf die Bereitstellung eines erstklassigen Services konzentrieren k\u00f6nnen.<\/p>\n<p><strong>Verbesserte Kundenbindung:<\/strong> Sorgen Sie daf\u00fcr, dass Ihre Kunden immer wieder kommen, indem Sie ihnen ein optimiertes Serviceerlebnis bieten, bei dem ihre Bequemlichkeit und ihre Zeit im Vordergrund stehen. Tires Assistant hilft Ihnen, dauerhafte Beziehungen durch konsistenten, zuverl\u00e4ssigen und pers\u00f6nlichen Service aufzubauen. <\/p>\n<p><strong>Mehrsprachige Inhalte:<\/strong> Wenn Sie Inhalte in mehreren Sprachen anbieten, vergr\u00f6\u00dfern Sie Ihre Reichweite und k\u00f6nnen besser mit internationalen Kunden in Kontakt treten. So stellen Sie sicher, dass Ihre Dienstleistungen f\u00fcr einen vielf\u00e4ltigen Kundenstamm zug\u00e4nglich und relevant sind, und verbessern die Kommunikation und die Kundenzufriedenheit. <\/p>\n<p>[\/et_pb_text][\/et_pb_column][\/et_pb_row][et_pb_row _builder_version=&#8220;4.25.0&#8243; _module_preset=&#8220;default&#8220; width=&#8220;100%&#8220; max_width=&#8220;100%&#8220; module_alignment=&#8220;center&#8220; custom_margin=&#8220;||0px||false|false&#8220; custom_padding=&#8220;0px||0px||true|false&#8220; global_colors_info=&#8220;{}&#8220;][et_pb_column type=&#8220;4_4&#8243; _builder_version=&#8220;4.25.0&#8243; _module_preset=&#8220;default&#8220; global_colors_info=&#8220;{}&#8220;][et_pb_text module_class=&#8220;divioverlay-25366&#8243; _builder_version=&#8220;4.25.0&#8243; _module_preset=&#8220;default&#8220; header_2_font=&#8220;|600||on|||||&#8220; header_2_text_align=&#8220;center&#8220; background_color=&#8220;#FFC526&#8243; width=&#8220;100%&#8220; module_alignment=&#8220;center&#8220; custom_margin=&#8220;0px|0px|0px|0px|true|true&#8220; custom_padding=&#8220;5px|5px|0px|5px|false|true&#8220; global_colors_info=&#8220;{}&#8220;]<\/p>\n<h2>Hier klicken \ud83d\udd17 zum Testen<\/h2>\n<p>[\/et_pb_text][\/et_pb_column][\/et_pb_row][\/et_pb_section]<\/p>\n","protected":false},"excerpt":{"rendered":"<p>Entdecken Sie die Macht der k\u00fcnstlichen Intelligenz mit Tires Assistant, einem revolution\u00e4ren Tool, das den Reifenservice auf ein neues Niveau hebt. Melden Sie sich noch heute an, um unseren fortschrittlichen Prototyp zu testen und die unz\u00e4hligen Vorteile aus erster Hand zu erfahren, die er bietet. Von der Automatisierung von Kundenanfragen \u00fcber die Bereitstellung pr\u00e4ziser Reifenempfehlungen bis hin zur effizienten Verwaltung von Terminen &#8211; Tires Assistant rationalisiert Ihre Abl\u00e4ufe, steigert die Kundenzufriedenheit und f\u00f6rdert die Umsatzsteigerung. Ver\u00e4ndern Sie Ihr Reifengesch\u00e4ft mit modernster Technologie, die Sie von der Konkurrenz abhebt. Warten Sie nicht &#8211; nutzen Sie die Innovation und setzen Sie sich an die Spitze im Service!    <\/p>\n","protected":false},"author":1,"featured_media":25306,"parent":25484,"menu_order":0,"comment_status":"closed","ping_status":"closed","template":"","meta":{"_et_pb_use_builder":"on","_et_pb_old_content":"","_et_gb_content_width":"","footnotes":""},"class_list":["post-25332","page","type-page","status-publish","has-post-thumbnail","hentry"],"_links":{"self":[{"href":"https:\/\/proaa.agency\/de\/wp-json\/wp\/v2\/pages\/25332","targetHints":{"allow":["GET"]}}],"collection":[{"href":"https:\/\/proaa.agency\/de\/wp-json\/wp\/v2\/pages"}],"about":[{"href":"https:\/\/proaa.agency\/de\/wp-json\/wp\/v2\/types\/page"}],"author":[{"embeddable":true,"href":"https:\/\/proaa.agency\/de\/wp-json\/wp\/v2\/users\/1"}],"replies":[{"embeddable":true,"href":"https:\/\/proaa.agency\/de\/wp-json\/wp\/v2\/comments?post=25332"}],"version-history":[{"count":37,"href":"https:\/\/proaa.agency\/de\/wp-json\/wp\/v2\/pages\/25332\/revisions"}],"predecessor-version":[{"id":25668,"href":"https:\/\/proaa.agency\/de\/wp-json\/wp\/v2\/pages\/25332\/revisions\/25668"}],"up":[{"embeddable":true,"href":"https:\/\/proaa.agency\/de\/wp-json\/wp\/v2\/pages\/25484"}],"wp:featuredmedia":[{"embeddable":true,"href":"https:\/\/proaa.agency\/de\/wp-json\/wp\/v2\/media\/25306"}],"wp:attachment":[{"href":"https:\/\/proaa.agency\/de\/wp-json\/wp\/v2\/media?parent=25332"}],"curies":[{"name":"wp","href":"https:\/\/api.w.org\/{rel}","templated":true}]}}