{"id":22610,"date":"2024-03-22T13:33:27","date_gmt":"2024-03-22T20:33:27","guid":{"rendered":"https:\/\/proaa.agency\/buchung\/"},"modified":"2025-01-30T08:23:38","modified_gmt":"2025-01-30T15:23:38","slug":"buchung","status":"publish","type":"page","link":"https:\/\/proaa.agency\/de\/buchung\/","title":{"rendered":"Buchung"},"content":{"rendered":"<p>[et_pb_section fb_built=&#8220;1&#8243; _builder_version=&#8220;4.24.2&#8243; _module_preset=&#8220;default&#8220; custom_margin=&#8220;0px||||false|false&#8220; custom_padding=&#8220;0px||||false|false&#8220; global_colors_info=&#8220;{}&#8220;][et_pb_row _builder_version=&#8220;4.24.2&#8243; _module_preset=&#8220;default&#8220; global_colors_info=&#8220;{}&#8220;][et_pb_column type=&#8220;4_4&#8243; _builder_version=&#8220;4.24.2&#8243; _module_preset=&#8220;default&#8220; global_colors_info=&#8220;{}&#8220;][et_pb_code _builder_version=&#8220;4.24.2&#8243; _module_preset=&#8220;default&#8220; global_colors_info=&#8220;{}&#8220;]<\/p>\n<div class=\"tidycal-embed\" data-path=\"proaaa\"><\/div>\n<p>          <!-- [et_pb_line_break_holder] --><br \/>\n          <script src=\"https:\/\/asset-tidycal.b-cdn.net\/js\/embed.js\" async=\"\"><\/script>[\/et_pb_code][\/et_pb_column][\/et_pb_row][\/et_pb_section]<\/p>\n","protected":false},"excerpt":{"rendered":"<p>Entdecken Sie verschiedene Coaching-Sitzungen: von der Unternehmensgr\u00fcndung \u00fcber KI und Automatisierung bis hin zur Bew\u00e4ltigung der pers\u00f6nlichen Entwicklung.<br \/>\nErschlie\u00dfen Sie Ihr Potenzial noch heute! <\/p>\n","protected":false},"author":1,"featured_media":22491,"parent":0,"menu_order":0,"comment_status":"closed","ping_status":"closed","template":"","meta":{"_et_pb_use_builder":"on","_et_pb_old_content":"","_et_gb_content_width":"","footnotes":""},"class_list":["post-22610","page","type-page","status-publish","has-post-thumbnail","hentry"],"_links":{"self":[{"href":"https:\/\/proaa.agency\/de\/wp-json\/wp\/v2\/pages\/22610","targetHints":{"allow":["GET"]}}],"collection":[{"href":"https:\/\/proaa.agency\/de\/wp-json\/wp\/v2\/pages"}],"about":[{"href":"https:\/\/proaa.agency\/de\/wp-json\/wp\/v2\/types\/page"}],"author":[{"embeddable":true,"href":"https:\/\/proaa.agency\/de\/wp-json\/wp\/v2\/users\/1"}],"replies":[{"embeddable":true,"href":"https:\/\/proaa.agency\/de\/wp-json\/wp\/v2\/comments?post=22610"}],"version-history":[{"count":8,"href":"https:\/\/proaa.agency\/de\/wp-json\/wp\/v2\/pages\/22610\/revisions"}],"predecessor-version":[{"id":26135,"href":"https:\/\/proaa.agency\/de\/wp-json\/wp\/v2\/pages\/22610\/revisions\/26135"}],"wp:featuredmedia":[{"embeddable":true,"href":"https:\/\/proaa.agency\/de\/wp-json\/wp\/v2\/media\/22491"}],"wp:attachment":[{"href":"https:\/\/proaa.agency\/de\/wp-json\/wp\/v2\/media?parent=22610"}],"curies":[{"name":"wp","href":"https:\/\/api.w.org\/{rel}","templated":true}]}}